{"id":13217,"date":"2021-10-12T10:35:56","date_gmt":"2021-10-12T08:35:56","guid":{"rendered":"https:\/\/osb.org\/nossas-raizes\/uma-breve-historia-da-ordem-beneditina\/uma-lista-historica-de-abades-primazes\/"},"modified":"2025-09-11T17:35:12","modified_gmt":"2025-09-11T15:35:12","slug":"uma-lista-historica-de-abades-primazes","status":"publish","type":"page","link":"https:\/\/osb.org\/pt-br\/nossas-raizes\/uma-breve-historia-da-ordem-beneditina\/uma-lista-historica-de-abades-primazes\/","title":{"rendered":"Uma lista hist\u00f3rica de abades primazes"},"content":{"rendered":"<div class=\"fusion-fullwidth fullwidth-box fusion-builder-row-1 fusion-flex-container nonhundred-percent-fullwidth non-hundred-percent-height-scrolling\" style=\"--awb-border-radius-top-left:0px;--awb-border-radius-top-right:0px;--awb-border-radius-bottom-right:0px;--awb-border-radius-bottom-left:0px;--awb-padding-right:10%;--awb-padding-left:10%;--awb-padding-right-medium:5%;--awb-padding-left-medium:5%;--awb-padding-right-small:0%;--awb-padding-left-small:0%;--awb-flex-wrap:wrap;\" ><div class=\"fusion-builder-row fusion-row fusion-flex-align-items-flex-start fusion-flex-content-wrap\" style=\"max-width:1144px;margin-left: calc(-4% \/ 2 );margin-right: calc(-4% \/ 2 );\"><div class=\"fusion-layout-column fusion_builder_column fusion-builder-column-0 fusion_builder_column_1_1 1_1 fusion-flex-column\" style=\"--awb-bg-size:cover;--awb-width-large:100%;--awb-margin-top-large:0px;--awb-spacing-right-large:1.92%;--awb-margin-bottom-large:20px;--awb-spacing-left-large:1.92%;--awb-width-medium:100%;--awb-order-medium:0;--awb-spacing-right-medium:1.92%;--awb-spacing-left-medium:1.92%;--awb-width-small:100%;--awb-order-small:0;--awb-spacing-right-small:1.92%;--awb-spacing-left-small:1.92%;\"><div class=\"fusion-column-wrapper fusion-column-has-shadow fusion-flex-justify-content-flex-start fusion-content-layout-column\"><div class=\"fusion-text fusion-text-1\"><ol start=\"1\">\n<li><b>Hildebrand de Hemptinne<\/b><span style=\"font-weight: 400;\">, nascido em 10 de junho de 1849, prof. Beuron 15 de agosto de 1870, ord. 11 de junho de 1872, eleito Abade de Maredsous em 9 de agosto de 1890, aben\u00e7oado em Montecassino em 5 de outubro de 1890, nomeado Abade vital\u00edcio de S. Anselmo e Abade Primaz em 12 de julho de 1893 por Le\u00e3o XIII, faleceu em Beuron em 13 de agosto de 1913, sepultado na igreja da Arquidiocese de Beuron.<\/span><\/li>\n<\/ol>\n<ol start=\"2\">\n<li> <b> Fidelis von Stotzingen<\/b><span style=\"font-weight: 400;\">, nascido em 1 de maio de 1871, prof. Beuron 25 de janeiro de 1892, ord. 27 de setembro de 1897, eleito Abade de Maria Laach em 31 de outubro de 1901, aben\u00e7oado em 11 de novembro de 1901, eleito Abade Coadjutor Primaz em 13 de maio de 1913, sucedeu em 13 de agosto de 1913, faleceu em Roma em 9 de janeiro de 1947, sepultado no Campo Verano.<\/span><\/li>\n<\/ol>\n<ol start=\"3\">\n<li> <b> Bernhard Kaelin<\/b><span style=\"font-weight: 400;\">, nascido em 21 de mar\u00e7o de 1887, prof. Muri-Gries 5 de outubro de 1909, ord. 18 de outubro de 1912, eleito Abade de Muri-Gries em 10 de agosto de 1945, aben\u00e7oado em 13 de agosto de 1945, eleito III Abade Primaz em 16 de setembro de 1947, faleceu em Muri em 20 de outubro de 1962, sepultado em Sarnen.<\/span><\/li>\n<\/ol>\n<ol start=\"4\">\n<li> <b> Benno Gut<\/b><span style=\"font-weight: 400;\">, nascido em 1 de abril de 1897, prof. Einsiedeln 6 de janeiro de 1918, ord. 10 de julho de 1921, eleito Abade Ordin\u00e1rio de Einsiedeln em 15 de abril de 1947, aben\u00e7oado em 5 de maio de 1947, eleito IV Abade Primaz em 24 de setembro de 1959, criado Cardeal S.R.E. em 26 de junho de 1967, faleceu em Roma em 8 de dezembro de 1970, sepultado em Einsiedeln.<\/span><\/li>\n<\/ol>\n<ol start=\"5\">\n<li> <b> Rembert Weakland<\/b><span style=\"font-weight: 400;\">, arcebispo em\u00e9rito, nascido em abril de 1927, prof. Latrobe &#8211; Saint Vincent 23 de setembro de 1946, ord. 24 de junho de 1951, eleito Abade Coadjutor de Latrobe em 26 de junho de 1963, aben\u00e7oado em 29 de agosto de 1963, eleito V Abade Primaz em 29 de setembro de 1967, nomeado<\/span> <span style=\"font-weight: 400;\">Arcebispo de Milwaukee em 17 de setembro de 1977, consagrado em 8 de novembro de 1977, aposentado em 24 de maio de 2002.<\/span><\/li>\n<\/ol>\n<ol start=\"6\">\n<li> <b> Viktor Dammertz<\/b><span style=\"font-weight: 400;\">, bispo em\u00e9rito, nascido em junho de 1929, prof. St. Ottilien 16 de setembro de 1954, ord. 21 de setembro de 1957, eleito Arquabade de St. Ottilien em 8 de janeiro de 1975, aben\u00e7oado em 2 de fevereiro de 1975, eleito VI Abade Primaz em 22 de setembro de 1977, nomeado<\/span> <span style=\"font-weight: 400;\">Bispo de Augsburg em 24 de dezembro de 1992, consagrado em 30 de janeiro de 1993; ren\u00fancia aceita em 9 de junho de 2004; faleceu em St. Ottilien em 2 de mar\u00e7o de 2020, sepultado na catedral de Augsburg.<\/span><\/li>\n<\/ol>\n<ol start=\"7\">\n<li> <b> Jerome Theisen<\/b><span style=\"font-weight: 400;\">, nascido em 30 de dezembro de 1930, prof. Collegeville &#8211; Saint John&#8217;s 11 de julho de 1952, ord. 28 de julho de 1957, eleito Abade de Collegeville &#8211; Saint John&#8217;s em 22 de agosto de 1979, aben\u00e7oado em 19 de outubro de 1979, eleito Abade Primaz e Abade de Sant&#8217;Anselmo em 19 de setembro de 1992, faleceu em Roma em 11 de setembro de 1995, sepultado em Collegeville.<\/span><\/li>\n<\/ol>\n<p style=\"padding-left: 30px;\"><b>Francis Rossiter<\/b><span style=\"font-weight: 400;\">, nascido em abril de 1931, prof. Ealing 2 de outubro de 1950, ord 11 de julho de 1955, eleito abade de Ealing em 20 de julho de 1967, aben\u00e7oado em 11 de outubro de 1967, renunciou em 9 de abril de 1991, Abade Presidente da Congrega\u00e7\u00e3o Beneditina Inglesa de 1985 a 2001, Pr\u00f3-Primaz de 12 de setembro de 1995 a 18 de setembro de 1996.<\/span><\/p>\n<ol start=\"8\">\n<li> <b> Marcel Rooney<\/b><span style=\"font-weight: 400;\">, nascido em setembro de 1937, prof. Conception 12 de setembro de 1958, ord. 21 de setembro de 1963, eleito Abade da Abadia da Concei\u00e7\u00e3o em 14 de abril de 1993, aben\u00e7oado em 10 de maio de 1993, eleito Abade Primaz e Abade de Sant&#8217;Anselmo em 18 de setembro de 1996, renunciou em 3 de setembro de 2000.<\/span><\/li>\n<\/ol>\n<ol start=\"9\">\n<li> <b> Notker Wolf<\/b><span style=\"font-weight: 400;\">, nascido em junho de 1940, prof. St. Ottilien 17 de setembro de 1962, ord. 1 de setembro de 1968, eleito arquabade de Sankt Ottilien em 1 de outubro de 1977, aben\u00e7oado em 22 de outubro de 1977, eleito Abade Primaz e Abade de Sant&#8217;Anselmo, 7 de setembro de 2000, em\u00e9rito em 9 de setembro de 2016.<\/span><\/li>\n<\/ol>\n<ol start=\"10\">\n<li> <b> Gregory Polan<\/b><span style=\"font-weight: 400;\">, nascido em janeiro de 1950, prof. Conception 28 de agosto de 1971, ord. 26 de maio de 1977, eleito Abade da Abadia da Concei\u00e7\u00e3o em 6 de novembro de 1996, aben\u00e7oado em 9 de dezembro de 1996, eleito Abade Primaz e Abade de Sant\u2019Anselmo, 10 de setembro de 2016, em\u00e9rito em 14 de setembro de 2024.<\/span><\/li>\n<\/ol>\n<ol start=\"11\">\n<li> <b> Jeremias Schr\u00f6der<\/b><span style=\"font-weight: 400;\">, nascido em dezembro de 1964; professou Erzabtei Sankt Ottilien 14 de setembro de 1985; ordenado 7 de junho de 1992; eleito sexto arquabade de Erzabtei Sankt Ottilien 5 de outubro de 2000 e aben\u00e7oado 28 de outubro de 2000; eleito e confirmado abade presidente da Congrega\u00e7\u00e3o Ottilien 13 de outubro de 2012; nomeado administrador de Sankt Georgenberg 2021-2025; reeleito abade presidente da Congrega\u00e7\u00e3o Ottilien 2022-2024; eleito abade primaz e abade de Sant\u2019Anselmo 14 de setembro de 2024.<\/span><\/li>\n<\/ol>\n<\/div><\/div><\/div><\/div><\/div>\n","protected":false},"excerpt":{"rendered":"","protected":false},"author":1,"featured_media":0,"parent":13185,"menu_order":0,"comment_status":"closed","ping_status":"closed","template":"","meta":{"footnotes":""},"class_list":["post-13217","page","type-page","status-publish","hentry"],"_links":{"self":[{"href":"https:\/\/osb.org\/pt-br\/wp-json\/wp\/v2\/pages\/13217","targetHints":{"allow":["GET"]}}],"collection":[{"href":"https:\/\/osb.org\/pt-br\/wp-json\/wp\/v2\/pages"}],"about":[{"href":"https:\/\/osb.org\/pt-br\/wp-json\/wp\/v2\/types\/page"}],"author":[{"embeddable":true,"href":"https:\/\/osb.org\/pt-br\/wp-json\/wp\/v2\/users\/1"}],"replies":[{"embeddable":true,"href":"https:\/\/osb.org\/pt-br\/wp-json\/wp\/v2\/comments?post=13217"}],"version-history":[{"count":0,"href":"https:\/\/osb.org\/pt-br\/wp-json\/wp\/v2\/pages\/13217\/revisions"}],"up":[{"embeddable":true,"href":"https:\/\/osb.org\/pt-br\/wp-json\/wp\/v2\/pages\/13185"}],"wp:attachment":[{"href":"https:\/\/osb.org\/pt-br\/wp-json\/wp\/v2\/media?parent=13217"}],"curies":[{"name":"wp","href":"https:\/\/api.w.org\/{rel}","templated":true}]}}