{"id":13154,"date":"2018-05-16T14:41:25","date_gmt":"2018-05-16T12:41:25","guid":{"rendered":"https:\/\/osb.org\/tornar-se-monge-ou-freira\/"},"modified":"2025-09-11T17:28:47","modified_gmt":"2025-09-11T15:28:47","slug":"tornar-se-monge-ou-freira","status":"publish","type":"page","link":"https:\/\/osb.org\/pt-br\/tornar-se-monge-ou-freira\/","title":{"rendered":"Tornar-se monge ou freira"},"content":{"rendered":"<div class=\"fusion-fullwidth fullwidth-box fusion-builder-row-1 fusion-flex-container nonhundred-percent-fullwidth non-hundred-percent-height-scrolling\" style=\"--awb-border-radius-top-left:0px;--awb-border-radius-top-right:0px;--awb-border-radius-bottom-right:0px;--awb-border-radius-bottom-left:0px;--awb-flex-wrap:wrap;\" ><div class=\"fusion-builder-row fusion-row fusion-flex-align-items-flex-start fusion-flex-content-wrap\" style=\"max-width:calc( 1100px + 0px );margin-left: calc(-0px \/ 2 );margin-right: calc(-0px \/ 2 );\"><div class=\"fusion-layout-column fusion_builder_column fusion-builder-column-0 fusion_builder_column_1_1 1_1 fusion-flex-column\" style=\"--awb-bg-size:cover;--awb-width-large:100%;--awb-margin-top-large:0px;--awb-spacing-right-large:0px;--awb-margin-bottom-large:20px;--awb-spacing-left-large:0px;--awb-width-medium:100%;--awb-spacing-right-medium:0px;--awb-spacing-left-medium:0px;--awb-width-small:100%;--awb-spacing-right-small:0px;--awb-spacing-left-small:0px;\"><div class=\"fusion-column-wrapper fusion-flex-justify-content-flex-start fusion-content-layout-column\"><div class=\"fusion-text fusion-text-1\"><div id=\"lipsum\">\n<h3>Tornar-se monge ou freira<\/h3>\n<p>Quando Jesus nos chama a segui-lo, o caminho nem sempre \u00e9 imediatamente claro. Cada hist\u00f3ria de voca\u00e7\u00e3o \u00e9 \u00fanica e, muitas vezes, cheia de surpresas. <\/p>\n<p>Como nossos mosteiros s\u00e3o aut\u00f4nomos, o chamado \u00e0 vida beneditina \u00e9 um chamado para viver em uma comunidade espec\u00edfica e seguir seus costumes. Por esta raz\u00e3o, as consultas vocacionais s\u00e3o tratadas pelos mosteiros individuais, e n\u00e3o por qualquer organiza\u00e7\u00e3o central. E o processo de entrada no mosteiro difere de comunidade para comunidade.  <\/p>\n<p>No entanto, os est\u00e1gios de nossa vida antes do compromisso final s\u00e3o, em sua maioria, os mesmos:<\/p>\n<p><strong>Candidato<\/strong>. Uma jovem ou um jovem visita o mosteiro por um per\u00edodo de tempo e fala com o diretor vocacional e\/ou o superior, que ajudam a pessoa a discernir seu chamado. <\/p>\n<p><strong>Postulantado<\/strong>. O candidato entra no mosteiro e come\u00e7a a viver como membro da comunidade, recebendo instru\u00e7\u00e3o do diretor de novi\u00e7os. <\/p>\n<p><strong>Noviciado<\/strong>. Ap\u00f3s alguns meses como postulante, o homem ou a mulher \u00e9 revestido com o h\u00e1bito mon\u00e1stico e se torna membro de nossa Ordem, continuando a receber orienta\u00e7\u00e3o e instru\u00e7\u00e3o do diretor de novi\u00e7os. O noviciado dura um ou dois anos.  <\/p>\n<p><strong>Votos tempor\u00e1rios<\/strong>. Ap\u00f3s o noviciado, o novi\u00e7o pode ser admitido aos votos tempor\u00e1rios. Os anos de profiss\u00e3o tempor\u00e1ria s\u00e3o um tempo para estudo e absor\u00e7\u00e3o adicionais do modo mon\u00e1stico de viver o Evangelho, e integra\u00e7\u00e3o mais profunda na comunidade.  <\/p>\n<p><strong>Votos finais<\/strong>. Ap\u00f3s pelo menos 3 e n\u00e3o mais de 9 anos de votos tempor\u00e1rios, a jovem irm\u00e3 ou irm\u00e3o professo pode ser admitido aos votos finais, que s\u00e3o feitos para a vida toda. <\/p>\n<p>Quando poss\u00edvel, geralmente \u00e9 melhor procurar mosteiros no pr\u00f3prio pa\u00eds ou, onde estes n\u00e3o existirem, em uma cultura semelhante ou, pelo menos, em um idioma familiar. Voc\u00ea pode usar o <a href=\"http:\/\/www.osbatlas.com\/\">atlas.osb<\/a> para ajud\u00e1-lo a encontrar os mosteiros mais pr\u00f3ximos. Voc\u00ea pode ent\u00e3o visitar ou escrever diretamente aos mosteiros.  <\/p>\n<p>Se voc\u00ea sente que Deus pode estar chamando voc\u00ea para se juntar a n\u00f3s em nosso modo de vida, n\u00f3s o encorajamos a explorar nossos mosteiros atrav\u00e9s deste site e os links para os sites de comunidades individuais, clicando no link para o Atlas OSB abaixo.<\/p>\n<p>Deus o aben\u00e7oe!<\/p>\n<\/div>\n<\/div><div ><a class=\"fusion-button button-flat fusion-button-default-size button-custom fusion-button-default button-1 fusion-button-span-yes fusion-button-default-type\" style=\"--button_accent_color:#ffffff;--button_accent_hover_color:#ffffff;--button_border_hover_color:#ffffff;--button_gradient_top_color:#1495be;--button_gradient_bottom_color:#1495be;--button_gradient_top_color_hover:#72cee0;--button_gradient_bottom_color_hover:#72cee0;\" target=\"_self\" href=\"http:\/\/www.osbatlas.com\/default.asp?id=352\"><span class=\"fusion-button-text awb-button__text awb-button__text--default\">Mosteiros em todo o mundo<\/span><\/a><\/div><\/div><\/div><\/div><\/div>\n","protected":false},"excerpt":{"rendered":"","protected":false},"author":7,"featured_media":0,"parent":0,"menu_order":4,"comment_status":"closed","ping_status":"closed","template":"","meta":{"footnotes":""},"class_list":["post-13154","page","type-page","status-publish","hentry"],"_links":{"self":[{"href":"https:\/\/osb.org\/pt-br\/wp-json\/wp\/v2\/pages\/13154","targetHints":{"allow":["GET"]}}],"collection":[{"href":"https:\/\/osb.org\/pt-br\/wp-json\/wp\/v2\/pages"}],"about":[{"href":"https:\/\/osb.org\/pt-br\/wp-json\/wp\/v2\/types\/page"}],"author":[{"embeddable":true,"href":"https:\/\/osb.org\/pt-br\/wp-json\/wp\/v2\/users\/7"}],"replies":[{"embeddable":true,"href":"https:\/\/osb.org\/pt-br\/wp-json\/wp\/v2\/comments?post=13154"}],"version-history":[{"count":0,"href":"https:\/\/osb.org\/pt-br\/wp-json\/wp\/v2\/pages\/13154\/revisions"}],"wp:attachment":[{"href":"https:\/\/osb.org\/pt-br\/wp-json\/wp\/v2\/media?parent=13154"}],"curies":[{"name":"wp","href":"https:\/\/api.w.org\/{rel}","templated":true}]}}