{"id":13130,"date":"2018-05-14T14:03:13","date_gmt":"2018-05-14T12:03:13","guid":{"rendered":"https:\/\/osb.org\/nossas-raizes\/"},"modified":"2025-09-11T17:27:44","modified_gmt":"2025-09-11T15:27:44","slug":"nossas-raizes","status":"publish","type":"page","link":"https:\/\/osb.org\/pt-br\/nossas-raizes\/","title":{"rendered":"Nossas ra\u00edzes"},"content":{"rendered":"<p><div class=\"fusion-fullwidth fullwidth-box fusion-builder-row-1 fusion-flex-container nonhundred-percent-fullwidth non-hundred-percent-height-scrolling\" style=\"--awb-border-radius-top-left:0px;--awb-border-radius-top-right:0px;--awb-border-radius-bottom-right:0px;--awb-border-radius-bottom-left:0px;--awb-flex-wrap:wrap;\" ><div class=\"fusion-builder-row fusion-row fusion-flex-align-items-flex-start fusion-flex-content-wrap\" style=\"max-width:1144px;margin-left: calc(-4% \/ 2 );margin-right: calc(-4% \/ 2 );\"><div class=\"fusion-layout-column fusion_builder_column fusion-builder-column-0 fusion_builder_column_3_4 3_4 fusion-flex-column\" style=\"--awb-bg-size:cover;--awb-width-large:75%;--awb-margin-top-large:0px;--awb-spacing-right-large:3.84%;--awb-margin-bottom-large:20px;--awb-spacing-left-large:2.56%;--awb-width-medium:100%;--awb-spacing-right-medium:1.92%;--awb-spacing-left-medium:1.92%;--awb-width-small:100%;--awb-spacing-right-small:1.92%;--awb-spacing-left-small:1.92%;\"><div class=\"fusion-column-wrapper fusion-flex-justify-content-flex-start fusion-content-layout-column\"><div class=\"fusion-image-element \" style=\"--awb-caption-title-font-family:var(--h2_typography-font-family);--awb-caption-title-font-weight:var(--h2_typography-font-weight);--awb-caption-title-font-style:var(--h2_typography-font-style);--awb-caption-title-size:var(--h2_typography-font-size);--awb-caption-title-transform:var(--h2_typography-text-transform);--awb-caption-title-line-height:var(--h2_typography-line-height);--awb-caption-title-letter-spacing:var(--h2_typography-letter-spacing);\"><span class=\" fusion-imageframe imageframe-none imageframe-1 hover-type-none fusion-animated\" style=\"border:1px solid #b14821;\" data-animationType=\"fadeInDown\" data-animationDuration=\"1.0\" data-animationOffset=\"top-into-view\"><a href=\"https:\/\/osb.org\/wp-content\/uploads\/2018\/07\/our_roots_0456_1-c.jpg\" class=\"fusion-lightbox\" data-rel=\"iLightbox[63a16b6c94fd0d12bb0]\" data-title=\"our_roots_0456_1-c\" title=\"our_roots_0456_1-c\"><img decoding=\"async\" width=\"1920\" height=\"1080\" src=\"https:\/\/osb.org\/wp-content\/uploads\/2018\/07\/our_roots_0456_1-c.jpg\" data-orig-src=\"http:\/\/osborg.anselmianum.com\/wp-content\/uploads\/2018\/07\/our_roots_0456_1-c.jpg\" alt class=\"lazyload img-responsive wp-image-3164\" srcset=\"data:image\/svg+xml,%3Csvg%20xmlns%3D%27http%3A%2F%2Fwww.w3.org%2F2000%2Fsvg%27%20width%3D%271920%27%20height%3D%271080%27%20viewBox%3D%270%200%201920%201080%27%3E%3Crect%20width%3D%271920%27%20height%3D%271080%27%20fill-opacity%3D%220%22%2F%3E%3C%2Fsvg%3E\" data-srcset=\"https:\/\/osb.org\/wp-content\/uploads\/2018\/07\/our_roots_0456_1-c-200x113.jpg 200w, https:\/\/osb.org\/wp-content\/uploads\/2018\/07\/our_roots_0456_1-c-400x225.jpg 400w, https:\/\/osb.org\/wp-content\/uploads\/2018\/07\/our_roots_0456_1-c-600x338.jpg 600w, https:\/\/osb.org\/wp-content\/uploads\/2018\/07\/our_roots_0456_1-c-800x450.jpg 800w, https:\/\/osb.org\/wp-content\/uploads\/2018\/07\/our_roots_0456_1-c-1200x675.jpg 1200w, https:\/\/osb.org\/wp-content\/uploads\/2018\/07\/our_roots_0456_1-c.jpg 1920w\" data-sizes=\"auto\" data-orig-sizes=\"(max-width: 1024px) 100vw, (max-width: 640px) 100vw, 800px\" \/><\/a><\/span><\/div><\/div><\/div><div class=\"fusion-layout-column fusion_builder_column fusion-builder-column-1 fusion_builder_column_1_4 1_4 fusion-flex-column\" style=\"--awb-bg-size:cover;--awb-width-large:25%;--awb-margin-top-large:0px;--awb-spacing-right-large:7.68%;--awb-margin-bottom-large:20px;--awb-spacing-left-large:3.84%;--awb-width-medium:100%;--awb-spacing-right-medium:1.92%;--awb-spacing-left-medium:1.92%;--awb-width-small:100%;--awb-spacing-right-small:1.92%;--awb-spacing-left-small:1.92%;\"><div class=\"fusion-column-wrapper fusion-flex-justify-content-flex-start fusion-content-layout-column\"><div ><a class=\"fusion-button button-flat fusion-button-default-size button-custom fusion-button-default button-1 fusion-button-span-yes fusion-button-default-type\" style=\"--button_accent_color:#ffffff;--button_accent_hover_color:#ffffff;--button_border_hover_color:#ffffff;--button_gradient_top_color:#1495be;--button_gradient_bottom_color:#1495be;--button_gradient_top_color_hover:#1abdf1;--button_gradient_bottom_color_hover:#1abdf1;\" target=\"_self\" title=\"S\u00e3o Bento\" aria-label=\"S\u00e3o Bento\" href=\"https:\/\/osb.org\/pt-br\/nossas-raizes\/sao-bento\/\"><span class=\"fusion-button-text awb-button__text awb-button__text--default\">S\u00e3o Bento<\/span><\/a><\/div><div class=\"fusion-separator fusion-full-width-sep\" style=\"align-self: center;margin-left: auto;margin-right: auto;margin-bottom:10px;width:100%;\"><\/div><div ><a class=\"fusion-button button-flat fusion-button-default-size button-custom fusion-button-default button-2 fusion-button-span-yes fusion-button-default-type\" style=\"--button_accent_color:#ffffff;--button_accent_hover_color:#ffffff;--button_border_hover_color:#ffffff;--button_gradient_top_color:#1495be;--button_gradient_bottom_color:#1495be;--button_gradient_top_color_hover:#1abdf1;--button_gradient_bottom_color_hover:#1abdf1;\" target=\"_self\" title=\"A regra\" aria-label=\"A regra\" href=\"https:\/\/osb.org\/our-roots\/the-rule\/\"><span class=\"fusion-button-text awb-button__text awb-button__text--default\">A regra<\/span><\/a><\/div><div class=\"fusion-separator fusion-full-width-sep\" style=\"align-self: center;margin-left: auto;margin-right: auto;margin-bottom:10px;width:100%;\"><\/div><div ><a class=\"fusion-button button-flat fusion-button-default-size button-custom fusion-button-default button-3 fusion-button-span-yes fusion-button-default-type\" style=\"--button_accent_color:#ffffff;--button_accent_hover_color:#ffffff;--button_border_hover_color:#ffffff;--button_gradient_top_color:#1495be;--button_gradient_bottom_color:#1495be;--button_gradient_top_color_hover:#1abdf1;--button_gradient_bottom_color_hover:#1abdf1;\" target=\"_self\" title=\"Uma breve hist\u00f3ria da ordem beneditina\" aria-label=\"Uma breve hist\u00f3ria da ordem beneditina\" href=\"https:\/\/osb.org\/our-roots\/a-brief-history-of-the-benedictine-order\/\"><span class=\"fusion-button-text awb-button__text awb-button__text--default\">Uma breve hist\u00f3ria da ordem beneditina<\/span><\/a><\/div><\/div><\/div><\/div><\/div><div class=\"fusion-fullwidth fullwidth-box fusion-builder-row-2 fusion-flex-container nonhundred-percent-fullwidth non-hundred-percent-height-scrolling\" style=\"--awb-border-radius-top-left:0px;--awb-border-radius-top-right:0px;--awb-border-radius-bottom-right:0px;--awb-border-radius-bottom-left:0px;--awb-flex-wrap:wrap;\" ><div class=\"fusion-builder-row fusion-row fusion-flex-align-items-flex-start fusion-flex-content-wrap\" style=\"max-width:calc( 1100px + 0px );margin-left: calc(-0px \/ 2 );margin-right: calc(-0px \/ 2 );\"><div class=\"fusion-layout-column fusion_builder_column fusion-builder-column-2 fusion_builder_column_1_1 1_1 fusion-flex-column\" style=\"--awb-bg-size:cover;--awb-width-large:100%;--awb-margin-top-large:0px;--awb-spacing-right-large:0px;--awb-margin-bottom-large:20px;--awb-spacing-left-large:0px;--awb-width-medium:100%;--awb-spacing-right-medium:0px;--awb-spacing-left-medium:0px;--awb-width-small:100%;--awb-spacing-right-small:0px;--awb-spacing-left-small:0px;\"><div class=\"fusion-column-wrapper fusion-flex-justify-content-flex-start fusion-content-layout-column\"><div class=\"fusion-text fusion-text-1\"><h3>S\u00e3o Bento<\/h3>\n<p>Bento de N\u00farsia foi um monge e abade que viveu nos s\u00e9culos V e VI d.C. Ele fundou v\u00e1rios mosteiros e escreveu uma regra para mosteiros que se tornou fundamental para o monasticismo ocidental. A Igreja Cat\u00f3lica o venera como Patrono da Europa.  <\/p>\n<p>A principal fonte para a vida de Bento s\u00e3o os Quatro Livros de Di\u00e1logos que o Papa Greg\u00f3rio Magno escreveu em 593\/594 d.C. O Livro Dois \u00e9 inteiramente dedicado a Bento, mostrando sua jornada espiritual pessoal e retratando-o como um grande asceta, um l\u00edder prof\u00e9tico de monges e fundador de mosteiros, como autor de uma regra e realizador de milagres. O texto est\u00e1 inserido em uma tradi\u00e7\u00e3o de escritos hagiogr\u00e1ficos e est\u00e1 mais interessado em fatos espirituais do que em detalhes biogr\u00e1ficos. Uma \u00eanfase especial \u00e9 colocada em cenas que ecoam as de grandes figuras b\u00edblicas, especialmente dos profetas Elias e Eliseu.<\/p>\n<\/div><div style=\"text-align:center;\"><a class=\"fusion-button button-flat fusion-button-default-size button-default fusion-button-default button-4 fusion-button-default-span \" style=\"--button_text_transform:uppercase;\" target=\"_self\" href=\"https:\/\/osb.org\/pt-br\/nossas-raizes\/sao-bento\/\"><span class=\"fusion-button-text awb-button__text awb-button__text--default\">continue lendo<\/span><\/a><\/div><\/div><\/div><\/div><\/div><div class=\"fusion-fullwidth fullwidth-box fusion-builder-row-3 fusion-flex-container nonhundred-percent-fullwidth non-hundred-percent-height-scrolling\" style=\"--awb-border-radius-top-left:0px;--awb-border-radius-top-right:0px;--awb-border-radius-bottom-right:0px;--awb-border-radius-bottom-left:0px;--awb-flex-wrap:wrap;\" ><div class=\"fusion-builder-row fusion-row fusion-flex-align-items-flex-start fusion-flex-content-wrap\" style=\"max-width:calc( 1100px + 0px );margin-left: calc(-0px \/ 2 );margin-right: calc(-0px \/ 2 );\"><div class=\"fusion-layout-column fusion_builder_column fusion-builder-column-3 fusion_builder_column_1_1 1_1 fusion-flex-column\" style=\"--awb-bg-size:cover;--awb-width-large:100%;--awb-margin-top-large:0px;--awb-spacing-right-large:0px;--awb-margin-bottom-large:20px;--awb-spacing-left-large:0px;--awb-width-medium:100%;--awb-spacing-right-medium:0px;--awb-spacing-left-medium:0px;--awb-width-small:100%;--awb-spacing-right-small:0px;--awb-spacing-left-small:0px;\"><div class=\"fusion-column-wrapper fusion-flex-justify-content-flex-start fusion-content-layout-column\"><div class=\"fusion-text fusion-text-2\"><h3><span style=\"font-weight: 400;\">A regra de S\u00e3o Bento<\/span><\/h3>\n<p><span style=\"font-weight: 400;\">O movimento mon\u00e1stico que come\u00e7ou no Egito e na S\u00edria no terceiro s\u00e9culo e logo se espalhou para o Mediterr\u00e2neo Ocidental usou e produziu todos os tipos de textos: vidas de santos, relatos de viagens mon\u00e1sticas, descri\u00e7\u00f5es de institui\u00e7\u00f5es mon\u00e1sticas e homilias ou palestras sobre t\u00f3picos espirituais. No quarto s\u00e9culo, um novo tipo de texto surgiu: regras mon\u00e1sticas. Elas estabeleceram a organiza\u00e7\u00e3o b\u00e1sica de uma comunidade mon\u00e1stica, forneceram diretrizes para o abade e outros detentores de cargos e explicaram princ\u00edpios espirituais para os monges. Seus autores n\u00e3o alegaram produzir textos originais: eles copiaram de outras regras que encontraram, enriquecendo e desenvolvendo uma tradi\u00e7\u00e3o cujo objetivo n\u00e3o era a distin\u00e7\u00e3o liter\u00e1ria, mas o fornecimento de um manual \u00fatil para abades e monges.   <\/span><\/p>\n<\/div><div style=\"text-align:center;\"><a class=\"fusion-button button-flat fusion-button-default-size button-default fusion-button-default button-5 fusion-button-default-span \" style=\"--button_text_transform:uppercase;\" target=\"_self\" href=\"https:\/\/osb.org\/our-roots\/the-rule\/\"><span class=\"fusion-button-text awb-button__text awb-button__text--default\">continue lendo<\/span><\/a><\/div><\/div><\/div><\/div><\/div><div class=\"fusion-fullwidth fullwidth-box fusion-builder-row-4 fusion-flex-container nonhundred-percent-fullwidth non-hundred-percent-height-scrolling\" style=\"--awb-border-radius-top-left:0px;--awb-border-radius-top-right:0px;--awb-border-radius-bottom-right:0px;--awb-border-radius-bottom-left:0px;--awb-flex-wrap:wrap;\" ><div class=\"fusion-builder-row fusion-row fusion-flex-align-items-flex-start fusion-flex-content-wrap\" style=\"max-width:calc( 1100px + 0px );margin-left: calc(-0px \/ 2 );margin-right: calc(-0px \/ 2 );\"><div class=\"fusion-layout-column fusion_builder_column fusion-builder-column-4 fusion_builder_column_1_1 1_1 fusion-flex-column\" style=\"--awb-bg-size:cover;--awb-width-large:100%;--awb-margin-top-large:0px;--awb-spacing-right-large:0px;--awb-margin-bottom-large:20px;--awb-spacing-left-large:0px;--awb-width-medium:100%;--awb-spacing-right-medium:0px;--awb-spacing-left-medium:0px;--awb-width-small:100%;--awb-spacing-right-small:0px;--awb-spacing-left-small:0px;\"><div class=\"fusion-column-wrapper fusion-flex-justify-content-flex-start fusion-content-layout-column\"><div class=\"fusion-text fusion-text-3\"><h3>A ordem beneditina atrav\u00e9s dos s\u00e9culos<\/h3>\n<p><span style=\"font-weight: 400;\">Tradicionalmente, 529 d.C. \u00e9 considerado o ano em que S\u00e3o Bento fundou o mosteiro em Montecassino. Ele morreu e foi enterrado l\u00e1 por volta de 547. Algumas d\u00e9cadas depois, o mosteiro foi destru\u00eddo e n\u00e3o foi reconstru\u00eddo por muito tempo. A comunidade mon\u00e1stica e a tradi\u00e7\u00e3o viva de Bento pareciam ter desaparecido.   <\/span><\/p>\n<\/div><div style=\"text-align:center;\"><a class=\"fusion-button button-flat fusion-button-default-size button-default fusion-button-default button-6 fusion-button-default-span \" style=\"--button_text_transform:uppercase;\" target=\"_self\" href=\"https:\/\/osb.org\/our-roots\/a-brief-history-of-the-benedictine-order\/\"><span class=\"fusion-button-text awb-button__text awb-button__text--default\">continue lendo<\/span><\/a><\/div><\/div><\/div><\/div><\/div><\/p>\n","protected":false},"excerpt":{"rendered":"","protected":false},"author":1,"featured_media":0,"parent":0,"menu_order":2,"comment_status":"closed","ping_status":"closed","template":"","meta":{"footnotes":""},"class_list":["post-13130","page","type-page","status-publish","hentry"],"_links":{"self":[{"href":"https:\/\/osb.org\/pt-br\/wp-json\/wp\/v2\/pages\/13130","targetHints":{"allow":["GET"]}}],"collection":[{"href":"https:\/\/osb.org\/pt-br\/wp-json\/wp\/v2\/pages"}],"about":[{"href":"https:\/\/osb.org\/pt-br\/wp-json\/wp\/v2\/types\/page"}],"author":[{"embeddable":true,"href":"https:\/\/osb.org\/pt-br\/wp-json\/wp\/v2\/users\/1"}],"replies":[{"embeddable":true,"href":"https:\/\/osb.org\/pt-br\/wp-json\/wp\/v2\/comments?post=13130"}],"version-history":[{"count":0,"href":"https:\/\/osb.org\/pt-br\/wp-json\/wp\/v2\/pages\/13130\/revisions"}],"wp:attachment":[{"href":"https:\/\/osb.org\/pt-br\/wp-json\/wp\/v2\/media?parent=13130"}],"curies":[{"name":"wp","href":"https:\/\/api.w.org\/{rel}","templated":true}]}}