{"id":13123,"date":"2018-05-14T14:28:18","date_gmt":"2018-05-14T12:28:18","guid":{"rendered":"https:\/\/osb.org\/sao-bento\/"},"modified":"2025-09-11T17:27:39","modified_gmt":"2025-09-11T15:27:39","slug":"sao-bento","status":"publish","type":"page","link":"https:\/\/osb.org\/pt-br\/nossas-raizes\/sao-bento\/","title":{"rendered":"S\u00e3o Bento"},"content":{"rendered":"<div class=\"fusion-fullwidth fullwidth-box fusion-builder-row-1 fusion-flex-container nonhundred-percent-fullwidth non-hundred-percent-height-scrolling\" style=\"--awb-border-radius-top-left:0px;--awb-border-radius-top-right:0px;--awb-border-radius-bottom-right:0px;--awb-border-radius-bottom-left:0px;--awb-flex-wrap:wrap;\" ><div class=\"fusion-builder-row fusion-row fusion-flex-align-items-flex-start fusion-flex-content-wrap\" style=\"max-width:calc( 1100px + 0px );margin-left: calc(-0px \/ 2 );margin-right: calc(-0px \/ 2 );\"><div class=\"fusion-layout-column fusion_builder_column fusion-builder-column-0 fusion_builder_column_1_1 1_1 fusion-flex-column\" style=\"--awb-bg-size:cover;--awb-width-large:100%;--awb-margin-top-large:0px;--awb-spacing-right-large:0px;--awb-margin-bottom-large:20px;--awb-spacing-left-large:0px;--awb-width-medium:100%;--awb-spacing-right-medium:0px;--awb-spacing-left-medium:0px;--awb-width-small:100%;--awb-spacing-right-small:0px;--awb-spacing-left-small:0px;\"><div class=\"fusion-column-wrapper fusion-flex-justify-content-flex-start fusion-content-layout-column\"><div class=\"fusion-title title fusion-title-1 sep-underline sep-solid fusion-title-text fusion-title-size-four\" style=\"--awb-margin-top-small:0px;--awb-margin-right-small:0px;--awb-margin-bottom-small:20px;--awb-margin-left-small:0px;\"><h4 class=\"fusion-title-heading title-heading-left fusion-responsive-typography-calculated\" style=\"margin:0;--fontSize:20;--minFontSize:20;line-height:1.5;\"><p>Benedikt von Nursia : Basilika St. Peter und Paul, em Petersberg, cor ajustada e cortada<br \/>\nPor GFreihalter &#8211; Obra pr\u00f3pria, CC BY-SA 3.0, | <a href=\"https:\/\/commons.wikimedia.org\/w\/index.php?curid=19368907\">link<\/a> |<\/p><\/h4><\/div><div class=\"fusion-text fusion-text-1\"><h2>S\u00e3o Bento<\/h2>\n<p>Bento de N\u00farsia foi um monge e abade que viveu nos s\u00e9culos V e VI d.C. Ele fundou v\u00e1rios mosteiros e escreveu uma regra para mosteiros que se tornou fundamental para o monasticismo ocidental. A Igreja Cat\u00f3lica o venera como Patrono da Europa.  <\/p>\n<p>A principal fonte para a vida de Bento s\u00e3o os Quatro Livros de Di\u00e1logos que o Papa Greg\u00f3rio Magno escreveu em 593\/594 d.C. O Livro Dois \u00e9 inteiramente dedicado a Bento, mostrando sua jornada espiritual pessoal e retratando-o como um grande asceta, um l\u00edder prof\u00e9tico de monges e fundador de mosteiros, como autor de uma regra e realizador de milagres. O texto est\u00e1 inserido em uma tradi\u00e7\u00e3o de escritos hagiogr\u00e1ficos e est\u00e1 mais interessado em fatos espirituais do que em detalhes biogr\u00e1ficos. Uma \u00eanfase especial \u00e9 colocada em cenas que ecoam as de grandes figuras b\u00edblicas, especialmente dos profetas Elias e Eliseu.   <\/p>\n<p>O esbo\u00e7o geral da vida de Bento, conforme dado pelo Papa Greg\u00f3rio, foi posteriormente aprimorado com detalhes retirados de tradi\u00e7\u00f5es locais e com suposi\u00e7\u00f5es educadas sobre datas que se tornaram parte de uma cronologia tradicional aceita: Bento e sua irm\u00e3 g\u00eamea Escol\u00e1stica nasceram em uma fam\u00edlia nobre crist\u00e3 em N\u00farsia (atual Norcia), em 480 d.C. Bento foi para Roma para seus estudos. Ele se cansou da vida em Roma, tendo achado a vida de seus companheiros dissoluta e imoral, e seus professores n\u00e3o crist\u00e3os e corruptos. Isso o levou a abandonar seus estudos em Roma para seguir uma vida espiritual. Ele deixou a cidade com sua fiel enfermeira da fam\u00edlia, Cirilla, acompanhando-o at\u00e9 Enfide (atual Affile). Bento passou um tempo vivendo como eremita, em isolamento espiritual em uma caverna mais tarde identificada como o Sacro Speco em Subiaco. Os monges de um mosteiro pr\u00f3ximo pediram a Bento, que j\u00e1 era um homem santo conhecido, para se tornar seu novo abade. Sua insist\u00eancia na disciplina mon\u00e1stica adequada, no entanto, o colocou em conflito com a comunidade, que tentou envenen\u00e1-lo. Bento escapou milagrosamente do dano e retornou \u00e0 sua caverna. Mais tarde, ele estabeleceu 12 mosteiros perto de Subiaco e residiu no 13\u00ba como abade. Por volta do ano 529 d.C., ele deixou Subiaco com seus disc\u00edpulos mais devotados para Cassino e fundou um mosteiro na antiga acr\u00f3pole pag\u00e3 na colina com vista para a cidade. Aqui ele escreveu a <a href=\"http:\/\/osborg.anselmianum.com\/our-roots\/the-rule\/\">Regra dos Mosteiros<\/a>, de suprema influ\u00eancia, e serviu como o primeiro abade do novo mosteiro at\u00e9 sua morte em 21 de mar\u00e7o, tradicionalmente considerada em 547. Ele foi seguido logo depois por sua irm\u00e3 Escol\u00e1stica que, incomumente, foi enterrada no mesmo t\u00famulo.            <\/p>\n<p>Os Di\u00e1logos do Papa Greg\u00f3rio tornaram Bento um dos santos mais populares da pen\u00ednsula italiana. Milhares de mosteiros que eventualmente vieram a seguir sua Regra tamb\u00e9m espalharam a venera\u00e7\u00e3o deste santo. <\/p>\n<p>De acordo com uma tradi\u00e7\u00e3o bem atestada, as rel\u00edquias de S\u00e3o Bento foram transferidas para o mosteiro de Fleury (Fran\u00e7a) em 672. Esta transfer\u00eancia \u00e9 liturgicamente celebrada em 11 de julho. A transfer\u00eancia das rel\u00edquias \u00e9 disputada em Montecassino, no entanto, onde, ap\u00f3s o bombardeio do mosteiro durante a Segunda Guerra Mundial, o t\u00famulo conjunto de Bento e sua irm\u00e3 foi descoberto, aparentemente confirmando o relato de seus sepultamentos pelo Papa Greg\u00f3rio.  <\/p>\n<p>Em 1947, o Papa Pio XII reconheceu S\u00e3o Bento como o \u201cPai da Europa\u201d. Em 1964, o Papa Paulo VI o declarou \u201cPatrono da Europa\u201d. O Papa Jo\u00e3o Paulo II ampliou o grupo de Patronos da Europa, adicionando Cirilo e Met\u00f3dio em 1980, e Catarina de Siena, Br\u00edgida da Su\u00e9cia e Edith Stein em 2000.  <\/p>\n<p>A festa de S\u00e3o Bento \u00e9 agora geralmente realizada em 11 de julho, mas os mosteiros beneditinos tamb\u00e9m mant\u00eam uma celebra\u00e7\u00e3o em 21 de mar\u00e7o.<\/p>\n<\/div><\/div><\/div><\/div><\/div>\n","protected":false},"excerpt":{"rendered":"","protected":false},"author":1,"featured_media":0,"parent":13130,"menu_order":1,"comment_status":"closed","ping_status":"closed","template":"","meta":{"footnotes":""},"class_list":["post-13123","page","type-page","status-publish","hentry"],"_links":{"self":[{"href":"https:\/\/osb.org\/pt-br\/wp-json\/wp\/v2\/pages\/13123","targetHints":{"allow":["GET"]}}],"collection":[{"href":"https:\/\/osb.org\/pt-br\/wp-json\/wp\/v2\/pages"}],"about":[{"href":"https:\/\/osb.org\/pt-br\/wp-json\/wp\/v2\/types\/page"}],"author":[{"embeddable":true,"href":"https:\/\/osb.org\/pt-br\/wp-json\/wp\/v2\/users\/1"}],"replies":[{"embeddable":true,"href":"https:\/\/osb.org\/pt-br\/wp-json\/wp\/v2\/comments?post=13123"}],"version-history":[{"count":0,"href":"https:\/\/osb.org\/pt-br\/wp-json\/wp\/v2\/pages\/13123\/revisions"}],"up":[{"embeddable":true,"href":"https:\/\/osb.org\/pt-br\/wp-json\/wp\/v2\/pages\/13130"}],"wp:attachment":[{"href":"https:\/\/osb.org\/pt-br\/wp-json\/wp\/v2\/media?parent=13123"}],"curies":[{"name":"wp","href":"https:\/\/api.w.org\/{rel}","templated":true}]}}