{"id":13070,"date":"2018-09-04T17:12:52","date_gmt":"2018-09-04T15:12:52","guid":{"rendered":"https:\/\/osb.org\/politica-de-privacidade\/"},"modified":"2025-09-11T17:26:20","modified_gmt":"2025-09-11T15:26:20","slug":"politica-de-privacidade","status":"publish","type":"page","link":"https:\/\/osb.org\/pt-br\/politica-de-privacidade\/","title":{"rendered":"Pol\u00edtica de Privacidade"},"content":{"rendered":"<div class=\"fusion-fullwidth fullwidth-box fusion-builder-row-1 fusion-flex-container has-pattern-background has-mask-background nonhundred-percent-fullwidth non-hundred-percent-height-scrolling\" style=\"--link_color: var(--awb-color6);--awb-border-radius-top-left:0px;--awb-border-radius-top-right:0px;--awb-border-radius-bottom-right:0px;--awb-border-radius-bottom-left:0px;--awb-flex-wrap:wrap;\" ><div class=\"fusion-builder-row fusion-row fusion-flex-align-items-flex-start fusion-flex-content-wrap\" style=\"max-width:1144px;margin-left: calc(-4% \/ 2 );margin-right: calc(-4% \/ 2 );\"><div class=\"fusion-layout-column fusion_builder_column fusion-builder-column-0 fusion_builder_column_1_1 1_1 fusion-flex-column\" style=\"--awb-bg-size:cover;--awb-width-large:100%;--awb-margin-top-large:0px;--awb-spacing-right-large:1.92%;--awb-margin-bottom-large:20px;--awb-spacing-left-large:1.92%;--awb-width-medium:100%;--awb-order-medium:0;--awb-spacing-right-medium:1.92%;--awb-spacing-left-medium:1.92%;--awb-width-small:100%;--awb-order-small:0;--awb-spacing-right-small:1.92%;--awb-spacing-left-small:1.92%;\"><div class=\"fusion-column-wrapper fusion-column-has-shadow fusion-flex-justify-content-flex-start fusion-content-layout-column\"><div class=\"accordian fusion-accordian\" style=\"--awb-border-size:1px;--awb-icon-size:13px;--awb-content-font-size:var(--awb-typography4-font-size);--awb-content-letter-spacing:var(--awb-typography4-letter-spacing);--awb-content-text-transform:var(--awb-typography4-text-transform);--awb-content-line-height:var(--awb-typography4-line-height);--awb-icon-alignment:left;--awb-hover-color:var(--awb-color1);--awb-border-color:var(--awb-color5);--awb-background-color:var(--awb-color1);--awb-divider-color:var(--awb-custom13);--awb-divider-hover-color:var(--awb-color5);--awb-icon-color:var(--awb-color1);--awb-title-color:var(--awb-custom12);--awb-content-color:var(--awb-custom14);--awb-icon-box-color:var(--awb-color5);--awb-toggle-hover-accent-color:var(--awb-color5);--awb-toggle-active-accent-color:var(--awb-custom12);--awb-title-font-family:var(--awb-typography3-font-family);--awb-title-font-weight:var(--awb-typography3-font-weight);--awb-title-font-style:var(--awb-typography3-font-style);--awb-title-font-size:var(--awb-typography3-font-size);--awb-title-letter-spacing:var(--awb-typography3-letter-spacing);--awb-title-line-height:var(--awb-typography3-line-height);--awb-title-text-transform:var(--awb-typography3-text-transform);--awb-content-font-family:var(--awb-typography4-font-family);--awb-content-font-weight:var(--awb-typography4-font-weight);--awb-content-font-style:var(--awb-typography4-font-style);\"><div class=\"panel-group fusion-toggle-icon-boxed\" id=\"accordion-13070-1\"><div class=\"fusion-panel panel-default panel-8cadadf3cef7be00f fusion-toggle-no-divider fusion-toggle-boxed-mode\" style=\"--awb-content-font-size:var(--awb-typography4-font-size);--awb-content-letter-spacing:var(--awb-typography4-letter-spacing);--awb-content-text-transform:var(--awb-typography4-text-transform);--awb-content-line-height:var(--awb-typography4-line-height);--awb-content-font-family:var(--awb-typography4-font-family);--awb-content-font-weight:var(--awb-typography4-font-weight);--awb-content-font-style:var(--awb-typography4-font-style);--awb-title-font-family:var(--awb-typography3-font-family);--awb-title-font-weight:var(--awb-typography3-font-weight);--awb-title-font-style:var(--awb-typography3-font-style);--awb-title-font-size:var(--awb-typography3-font-size);--awb-title-letter-spacing:var(--awb-typography3-letter-spacing);--awb-title-line-height:var(--awb-typography3-line-height);--awb-title-text-transform:var(--awb-typography3-text-transform);--awb-title-color:var(--awb-custom12);--awb-content-color:var(--awb-custom14);\"><div class=\"panel-heading\"><h4 class=\"panel-title toggle\" id=\"toggle_8cadadf3cef7be00f\"><a aria-expanded=\"false\" aria-controls=\"8cadadf3cef7be00f\" role=\"button\" data-toggle=\"collapse\" data-target=\"#8cadadf3cef7be00f\" href=\"#8cadadf3cef7be00f\"><span class=\"fusion-toggle-icon-wrapper\" aria-hidden=\"true\"><i class=\"fa-fusion-box active-icon awb-icon-minus\" aria-hidden=\"true\"><\/i><i class=\"fa-fusion-box inactive-icon awb-icon-plus\" aria-hidden=\"true\"><\/i><\/span><span class=\"fusion-toggle-heading\">Pol\u00edtica de Privacidade: lei de cookies<\/span><\/a><\/h4><\/div><div id=\"8cadadf3cef7be00f\" class=\"panel-collapse collapse \" aria-labelledby=\"toggle_8cadadf3cef7be00f\"><div class=\"panel-body toggle-content fusion-clearfix\">\n<h3>Informa\u00e7\u00f5es de contato<\/h3>\n<p>OSB DOT ORG<br \/>Confedera\u00e7\u00e3o Beneditina<br \/>Piazza dei Cavalieri di Malta 5<br \/>00153 Roma<br \/>It\u00e1lia<\/p>\n<p>osborg@anselmianum.com<\/p>\n<h1>Lei de cookies no OSB DOT ORG<\/h1>\n<p>A decis\u00e3o da Autoridade Italiana de Prote\u00e7\u00e3o de Dados<\/p>\n<p>A Autoridade Italiana (Pessoal) de Prote\u00e7\u00e3o de Dados (\u201cGarante per la protezione dei dati personali\u201d) emitiu a decis\u00e3o Arranjos Simplificados para Fornecer Informa\u00e7\u00f5es e Obter Consentimento sobre Cookies (decis\u00e3o n\u00ba 229 de 8 de maio de 2014), publicada em 3 de junho de 2014 no Di\u00e1rio Oficial Italiano. Ver: <\/p>\n<p><a href=\"http:\/\/www.garanteprivacy.it\/web\/guest\/home\/docweb\/-\/docweb-display\/docweb\/3167654.\">http:\/\/www.garanteprivacy.it\/web\/guest\/home\/docweb\/-\/docweb-display\/docweb\/3167654.<\/a><\/p>\n<h2>Cookies<\/h2>\n<p>As p\u00e1ginas de um site podem conter texto, imagens e outras informa\u00e7\u00f5es multim\u00eddia, mas tamb\u00e9m podem conter \u201cinstru\u00e7\u00f5es\u201d que s\u00e3o executadas automaticamente pelo navegador do usu\u00e1rio. A p\u00e1gina da web tamb\u00e9m pode conter instru\u00e7\u00f5es para armazenar informa\u00e7\u00f5es no dispositivo do usu\u00e1rio (cookies). <\/p>\n<p>Os cookies se distinguem por um uso pretendido diferente:<\/p>\n<p>Cookies t\u00e9cnicos: destinam-se apenas a melhorar a experi\u00eancia de navega\u00e7\u00e3o ou a fornecer um servi\u00e7o especificamente solicitado;<br \/>Cookies de cria\u00e7\u00e3o de perfil: em vez disso, t\u00eam o prop\u00f3sito de obter informa\u00e7\u00f5es sobre o usu\u00e1rio que podem ser exploradas para outros usos n\u00e3o solicitados pelo usu\u00e1rio, por exemplo, para transmitir mensagens publicit\u00e1rias de maior interesse para o usu\u00e1rio.<\/p>\n<h3>Cookies no OSB DOT ORG<\/h3>\n<p>A decis\u00e3o da Autoridade de Prote\u00e7\u00e3o (consulte-a para uma melhor defini\u00e7\u00e3o dos termos) estabelece, para a prote\u00e7\u00e3o dos usu\u00e1rios, que cada site deve declarar qual tipo (finalidade) de cookie usa.<\/p>\n<p>A este respeito, informamos que, em geral, ao acessar p\u00e1ginas da web ou servi\u00e7os fornecidos atrav\u00e9s da web pelo OSB DOT ORG, ou seja, p\u00e1ginas com URL \u2026osb.org\/\u2026, a menos que seja declarado de outra forma e explicitamente, apenas cookies t\u00e9cnicos s\u00e3o usados. Em geral, o OSB DOT ORG n\u00e3o produz e publica p\u00e1ginas da web que empregam cookies de cria\u00e7\u00e3o de perfil. <\/p>\n<p>Qualquer poss\u00edvel exce\u00e7\u00e3o a esta pol\u00edtica \u00e9 claramente marcada em cada p\u00e1gina\/servi\u00e7o afetado pela exce\u00e7\u00e3o.<\/p>\n<h3>Cookies de terceiros<\/h3>\n<p>Algumas p\u00e1ginas da web do OSB DOT ORG incorporam servi\u00e7os de terceiros. Para essas p\u00e1ginas, a pol\u00edtica seguida em rela\u00e7\u00e3o aos cookies \u00e9 a dos fornecedores externos desses servi\u00e7os. <\/p>\n<p>Alguns casos em que servi\u00e7os de terceiros s\u00e3o usados:<\/p>\n<ul>\n<li>uso de servi\u00e7os que permitem a intera\u00e7\u00e3o com redes sociais (por exemplo, \u201cplugins sociais\u201d) ou outras plataformas externas (por exemplo: visualiza\u00e7\u00e3o de v\u00eddeos do Youtube, Google Maps);<\/li>\n<li>no mecanismo de busca do OSB DOT ORG, o Servi\u00e7o de Indexa\u00e7\u00e3o do Google \u00e9 usado;<\/li>\n<li>em alguns question\u00e1rios, os servi\u00e7os de gera\u00e7\u00e3o do Google podem ser usados;<\/li>\n<li>no caso de refer\u00eancia a servi\u00e7os de compartilhamento na p\u00e1gina da web.<\/li>\n<\/ul>\n<p>Em todos esses casos, a pol\u00edtica seguida para os cookies \u00e9 definida e feita evoluir por cada fornecedor externo ao OSB DOT ORG.<\/p>\n<p>As pol\u00edticas de terceiros adotadas para privacidade\/uso de cookies podem ser encontradas nos seguintes URLs:<\/p>\n<p>Google\/youtube: <a href=\"http:\/\/www.google.it\/intl\/en\/policies\/technologies\/cookies\/\" target=\"_blank\" rel=\"noopener\">cookie<\/a> \u2013 <a href=\"http:\/\/www.google.co.uk\/intl\/en\/policies\/privacy\/\" target=\"_blank\" rel=\"noopener\">privacidade<\/a> ;  <br \/>Google web fonts: <a href=\"https:\/\/www.google.com\/policies\/privacy\/\" target=\"_blank\" rel=\"noopener\">privacidade<\/a> \u2013 <a href=\"https:\/\/developers.google.com\/fonts\/faq\" target=\"_blank\" rel=\"noopener\">FAQs<\/a> ;  <br \/>Adobe web fonts: <a href=\"https:\/\/www.adobe.com\/privacy\/policies\/adobe-fonts.html#:~:text=To%20provide%20the%20Adobe%20Fonts,of%20documents%20using%20the%20fonts.\" target=\"_blank\" rel=\"noopener\">privacidade<\/a>; <br \/>Vimeo: <a href=\"https:\/\/vimeo.com\/privacy\" target=\"_blank\" rel=\"noopener\">privacidade<\/a> ; <br \/>Facebook: <a href=\"https:\/\/www.facebook.com\/policies\/cookies\/\" target=\"_blank\" rel=\"noopener\">cookie<\/a> \u2013 <a href=\"https:\/\/www.facebook.com\/privacy\/explanation\" target=\"_blank\" rel=\"noopener\">privacidade<\/a> ;  <br \/>X: <a href=\"https:\/\/support.twitter.com\/articles\/20170519#\" target=\"_blank\" rel=\"noopener\">cookie<\/a> \u2013 <a href=\"https:\/\/twitter.com\/privacy?lang=it\" target=\"_blank\" rel=\"noopener\">privacidade<\/a> ;  <br \/>Soundcloud: <a href=\"https:\/\/soundcloud.com\/pages\/privacy\" target=\"_blank\" rel=\"noopener\">privacidade<\/a> ; <br \/>Flickr: <a href=\"https:\/\/www.flickr.com\/help\/cookies\">Cookie<\/a> \u2013 <a href=\"https:\/\/www.flickr.com\/help\/privacy\" target=\"_blank\" rel=\"noopener\">Privacidade<\/a> ;<br \/>As p\u00e1ginas da web \u2026osb.org\/\u2026 do site tamb\u00e9m est\u00e3o usando o servi\u00e7o <a href=\"https:\/\/support.google.com\/analytics\/answer\/6004245\" target=\"_blank\" rel=\"noopener\">Google Analytics<\/a> para fins estat\u00edsticos, onde apenas dados agregados (n\u00e3o pessoais) s\u00e3o usados.<\/p>\n<p>Avada \u00e9 o tema WordPress usado pelo OSB DOT ORG. Quando a op\u00e7\u00e3o \u201cConsentimento de Privacidade\u201d \u00e9 usada, o Avada criar\u00e1 um cookie com o nome \u201cprivacy_embeds\u201d nos clientes de usu\u00e1rios que navegam em seu site para gerenciar e armazenar o consentimento do usu\u00e1rio para carregar os diferentes embeds de terceiros e scripts de rastreamento. <\/p>\n<h3>Como limitar o uso de cookies<\/h3>\n<p>Voc\u00ea pode negar ou limitar o uso de cookies alterando suas op\u00e7\u00f5es de privacidade ou seguran\u00e7a do navegador. Em particular: <\/p>\n<ul>\n<li>Voc\u00ea pode saber quais cookies est\u00e3o armazenados atualmente pelo seu navegador<\/li>\n<li>Voc\u00ea pode excluir todos os cookies ou seletivamente apenas aqueles indesejados<\/li>\n<li>Voc\u00ea pode negar o uso de todos os cookies (com esta escolha, n\u00e3o h\u00e1 garantia de disponibilidade total de todos os servi\u00e7os neste site)<\/li>\n<li>Voc\u00ea pode negar o uso de cookies de terceiros que n\u00e3o sejam do site que voc\u00ea est\u00e1 visitando<\/li>\n<li>Voc\u00ea pode permitir o uso de cookies para alguns sites.<\/li>\n<\/ul>\n<h3>Conte\u00fado incorporado de outros sites: mais algumas informa\u00e7\u00f5es<\/h3>\n<p>Artigos neste site podem incluir conte\u00fado incorporado (por exemplo, v\u00eddeos, imagens, artigos, etc.). O conte\u00fado incorporado de outros sites se comporta exatamente da mesma maneira como se o visitante tivesse visitado o outro site. <\/p>\n<p>Esses sites podem coletar dados sobre voc\u00ea, usar cookies, incorporar rastreamento adicional de terceiros e monitorar sua intera\u00e7\u00e3o com esse conte\u00fado incorporado, incluindo o rastreamento de sua intera\u00e7\u00e3o com o conte\u00fado incorporado se voc\u00ea tiver uma conta e estiver conectado a esse site.<\/p>\n<p>Abaixo est\u00e1 uma amostra de conte\u00fado e aplicativos de terceiros que usamos, com explica\u00e7\u00f5es sobre os dados que eles coletam e como voc\u00ea pode impedir essa coleta de dados. N\u00c3O \u00e9 uma amostra abrangente. <\/p>\n<h3>WPML<\/h3>\n<p>O WPML usa cookies para identificar o idioma atual do visitante, o \u00faltimo idioma visitado e o idioma dos usu\u00e1rios que fizeram login. Nenhum dado do pr\u00f3prio usu\u00e1rio ser\u00e1 compartilhado. <\/p>\n<h3>YouTube<\/h3>\n<p>Nosso site usa plugins do YouTube, que \u00e9 operado pelo Google. O operador das p\u00e1ginas \u00e9 o YouTube LLC, 901 Cherry Ave., San Bruno, CA 94066, EUA. <\/p>\n<p>Se voc\u00ea visitar uma de nossas p\u00e1ginas com um plugin do YouTube, uma conex\u00e3o com os servidores do YouTube ser\u00e1 estabelecida. Aqui, o servidor do YouTube \u00e9 informado sobre quais de nossas p\u00e1ginas voc\u00ea visitou. <\/p>\n<p>Se voc\u00ea estiver conectado \u00e0 sua conta do YouTube, o YouTube permitir\u00e1 que voc\u00ea associe seu comportamento de navega\u00e7\u00e3o diretamente ao seu perfil pessoal. Voc\u00ea pode evitar isso saindo da sua conta do YouTube. <\/p>\n<p>O YouTube \u00e9 usado para ajudar a tornar nosso site atraente. Isso constitui um interesse justificado de acordo com o Art. 6 (1) (f) DSGVO. <\/p>\n<p>Mais informa\u00e7\u00f5es sobre o tratamento de dados do usu\u00e1rio podem ser encontradas na declara\u00e7\u00e3o de prote\u00e7\u00e3o de dados do YouTube em <a href=\"https:\/\/www.google.de\/intl\/de\/policies\/privacy\" target=\"_blank\" rel=\"noopener\">https:\/\/www.google.de\/intl\/de\/policies\/privacy<\/a>.<\/p>\n<h3>Vimeo<\/h3>\n<p>Nosso site usa recursos fornecidos pelo portal de v\u00eddeo Vimeo. Este servi\u00e7o \u00e9 fornecido pela Vimeo Inc., 555 West 18th Street, New York, New York 10011, EUA. <\/p>\n<p>Se voc\u00ea visitar uma de nossas p\u00e1ginas com um plugin do Vimeo, uma conex\u00e3o com os servidores do Vimeo ser\u00e1 estabelecida. Aqui, o servidor do Vimeo \u00e9 informado sobre quais de nossas p\u00e1ginas voc\u00ea visitou. Al\u00e9m disso, o Vimeo receber\u00e1 seu endere\u00e7o IP. Isso tamb\u00e9m se aplica se voc\u00ea n\u00e3o estiver conectado ao Vimeo quando visitar nosso plugin ou n\u00e3o tiver uma conta do Vimeo. As informa\u00e7\u00f5es s\u00e3o transmitidas para um servidor do Vimeo nos EUA, onde s\u00e3o armazenadas.    <\/p>\n<p>Se voc\u00ea estiver conectado \u00e0 sua conta do Vimeo, o Vimeo permitir\u00e1 que voc\u00ea associe seu comportamento de navega\u00e7\u00e3o diretamente ao seu perfil pessoal. Voc\u00ea pode evitar isso saindo da sua conta do Vimeo. <\/p>\n<p>Para obter mais informa\u00e7\u00f5es sobre como lidar com os dados do usu\u00e1rio, consulte a Pol\u00edtica de Privacidade do Vimeo em <a href=\"https:\/\/vimeo.com\/privacy\" target=\"_blank\" rel=\"noopener\">https:\/\/vimeo.com\/privacy<\/a>.<\/p>\n<h3>Google web fonts<\/h3>\n<p>Para uma representa\u00e7\u00e3o uniforme das fontes, esta p\u00e1gina usa fontes da web fornecidas pelo Google. Ao abrir uma p\u00e1gina, seu navegador carrega as fontes da web necess\u00e1rias no cache do navegador para exibir textos e fontes corretamente. <\/p>\n<p>Para este prop\u00f3sito, seu navegador tem que estabelecer uma conex\u00e3o direta com os servidores do Google. Assim, o Google fica ciente de que nossa p\u00e1gina da web foi acessada atrav\u00e9s do seu endere\u00e7o IP. O uso de fontes do Google Web \u00e9 feito no interesse de uma apresenta\u00e7\u00e3o uniforme e atraente do nosso plugin. Isso constitui um interesse justificado de acordo com o Art. 6 (1) (f) DSGVO.   <\/p>\n<p>Se o seu navegador n\u00e3o suportar fontes da web, uma fonte padr\u00e3o ser\u00e1 usada pelo seu computador.<\/p>\n<p>Mais informa\u00e7\u00f5es sobre o tratamento de dados do usu\u00e1rio podem ser encontradas em <a href=\"https:\/\/developers.google.com\/fonts\/faq\" target=\"_blank\" rel=\"noopener\">https:\/\/developers.google.com\/fonts\/faq<\/a> e na pol\u00edtica de privacidade do Google em <a href=\"https:\/\/www.google.com\/policies\/privacy\/\" target=\"_blank\" rel=\"noopener\">https:\/\/www.google.com\/policies\/privacy\/<\/a>.<\/p>\n<h3>Adobe web fonts<\/h3>\n<p>De acordo com o site da Adobe, \u201cAo fornecer o servi\u00e7o Adobe Fonts para sites, n\u00e3o definimos nem usamos cookies para fornecer nossas fontes.\u201d Para obter mais informa\u00e7\u00f5es, visite a p\u00e1gina da web relevante da Adobe. <\/p>\n<h3>SoundCloud<\/h3>\n<p>Em nossas p\u00e1ginas, plugins da rede social SoundCloud (SoundCloud Limited, Berners House, 47-48 Berners Street, London W1T 3NF, UK) podem ser integrados. Os plugins do SoundCloud podem ser reconhecidos pelo logotipo do SoundCloud em nosso site. <\/p>\n<p>Quando voc\u00ea visita nosso site, uma conex\u00e3o direta entre seu navegador e o servidor SoundCloud \u00e9 estabelecida atrav\u00e9s do plugin. Isso permite que o SoundCloud receba informa\u00e7\u00f5es de que voc\u00ea visitou nosso site a partir do seu endere\u00e7o IP. Se voc\u00ea clicar nos bot\u00f5es \u201cLike\u201d ou \u201cShare\u201d enquanto estiver conectado \u00e0 sua conta do SoundCloud, poder\u00e1 vincular o conte\u00fado de nossas p\u00e1ginas ao seu perfil do SoundCloud. Isso significa que o SoundCloud pode associar visitas \u00e0s nossas p\u00e1ginas com sua conta de usu\u00e1rio. Gostar\u00edamos de salientar que, como provedores dessas p\u00e1ginas, n\u00e3o temos conhecimento do conte\u00fado dos dados transmitidos ou de como eles ser\u00e3o usados pelo SoundCloud. Para obter mais informa\u00e7\u00f5es sobre a pol\u00edtica de privacidade do SoundCloud, acesse <a href=\"https:\/\/soundcloud.com\/pages\/privacy\" target=\"_blank\" rel=\"noopener\">https:\/\/soundcloud.com\/pages\/privacy<\/a>.     <\/p>\n<p>Se voc\u00ea n\u00e3o quiser que o SoundCloud associe sua visita ao nosso site com sua conta do SoundCloud, saia da sua conta do SoundCloud.<\/p>\n<h3>Plugin de registro de atividades<\/h3>\n<p>Se voc\u00ea for um usu\u00e1rio registrado, salvaremos sua atividade de conte\u00fado, como criar\/atualizar\/excluir posts e coment\u00e1rios.<\/p>\n<\/div><\/div><\/div><div class=\"fusion-panel panel-default panel-2499fadc98dfd65c6 fusion-toggle-no-divider fusion-toggle-boxed-mode\" style=\"--awb-content-font-size:var(--awb-typography4-font-size);--awb-content-letter-spacing:var(--awb-typography4-letter-spacing);--awb-content-text-transform:var(--awb-typography4-text-transform);--awb-content-line-height:var(--awb-typography4-line-height);--awb-content-font-family:var(--awb-typography4-font-family);--awb-content-font-weight:var(--awb-typography4-font-weight);--awb-content-font-style:var(--awb-typography4-font-style);--awb-title-font-family:var(--awb-typography3-font-family);--awb-title-font-weight:var(--awb-typography3-font-weight);--awb-title-font-style:var(--awb-typography3-font-style);--awb-title-font-size:var(--awb-typography3-font-size);--awb-title-letter-spacing:var(--awb-typography3-letter-spacing);--awb-title-line-height:var(--awb-typography3-line-height);--awb-title-text-transform:var(--awb-typography3-text-transform);--awb-title-color:var(--awb-custom12);--awb-content-color:var(--awb-custom14);\"><div class=\"panel-heading\"><h4 class=\"panel-title toggle\" id=\"toggle_2499fadc98dfd65c6\"><a aria-expanded=\"false\" aria-controls=\"2499fadc98dfd65c6\" role=\"button\" data-toggle=\"collapse\" data-target=\"#2499fadc98dfd65c6\" href=\"#2499fadc98dfd65c6\"><span class=\"fusion-toggle-icon-wrapper\" aria-hidden=\"true\"><i class=\"fa-fusion-box active-icon awb-icon-minus\" aria-hidden=\"true\"><\/i><i class=\"fa-fusion-box inactive-icon awb-icon-plus\" aria-hidden=\"true\"><\/i><\/span><span class=\"fusion-toggle-heading\">Pol\u00edtica de Privacidade: Coleta e uso de dados<\/span><\/a><\/h4><\/div><div id=\"2499fadc98dfd65c6\" class=\"panel-collapse collapse \" aria-labelledby=\"toggle_2499fadc98dfd65c6\"><div class=\"panel-body toggle-content fusion-clearfix\">Em constru\u00e7\u00e3o<\/div><\/div><\/div><\/div><\/div><\/div><\/div><\/div><\/div>\n","protected":false},"excerpt":{"rendered":"","protected":false},"author":1,"featured_media":0,"parent":0,"menu_order":0,"comment_status":"closed","ping_status":"closed","template":"","meta":{"footnotes":""},"class_list":["post-13070","page","type-page","status-publish","hentry"],"_links":{"self":[{"href":"https:\/\/osb.org\/pt-br\/wp-json\/wp\/v2\/pages\/13070","targetHints":{"allow":["GET"]}}],"collection":[{"href":"https:\/\/osb.org\/pt-br\/wp-json\/wp\/v2\/pages"}],"about":[{"href":"https:\/\/osb.org\/pt-br\/wp-json\/wp\/v2\/types\/page"}],"author":[{"embeddable":true,"href":"https:\/\/osb.org\/pt-br\/wp-json\/wp\/v2\/users\/1"}],"replies":[{"embeddable":true,"href":"https:\/\/osb.org\/pt-br\/wp-json\/wp\/v2\/comments?post=13070"}],"version-history":[{"count":0,"href":"https:\/\/osb.org\/pt-br\/wp-json\/wp\/v2\/pages\/13070\/revisions"}],"wp:attachment":[{"href":"https:\/\/osb.org\/pt-br\/wp-json\/wp\/v2\/media?parent=13070"}],"curies":[{"name":"wp","href":"https:\/\/api.w.org\/{rel}","templated":true}]}}