{"id":13189,"date":"2018-05-14T15:22:07","date_gmt":"2018-05-14T13:22:07","guid":{"rendered":"https:\/\/osb.org\/le-nostre-radici\/breve-storia-dellordine-dei-benedettini\/"},"modified":"2025-09-11T17:32:36","modified_gmt":"2025-09-11T15:32:36","slug":"breve-storia-dellordine-dei-benedettini","status":"publish","type":"page","link":"https:\/\/osb.org\/it\/le-nostre-radici\/breve-storia-dellordine-dei-benedettini\/","title":{"rendered":"Breve storia dell&#8217;Ordine dei Benedettini"},"content":{"rendered":"<p><div class=\"fusion-fullwidth fullwidth-box fusion-builder-row-1 fusion-flex-container nonhundred-percent-fullwidth non-hundred-percent-height-scrolling\" style=\"--awb-border-radius-top-left:0px;--awb-border-radius-top-right:0px;--awb-border-radius-bottom-right:0px;--awb-border-radius-bottom-left:0px;--awb-flex-wrap:wrap;\" ><div class=\"fusion-builder-row fusion-row fusion-flex-align-items-flex-start fusion-flex-content-wrap\" style=\"max-width:1144px;margin-left: calc(-4% \/ 2 );margin-right: calc(-4% \/ 2 );\"><div class=\"fusion-layout-column fusion_builder_column fusion-builder-column-0 fusion_builder_column_1_1 1_1 fusion-flex-column\" style=\"--awb-bg-size:cover;--awb-width-large:100%;--awb-margin-top-large:0px;--awb-spacing-right-large:1.92%;--awb-margin-bottom-large:20px;--awb-spacing-left-large:1.92%;--awb-width-medium:100%;--awb-spacing-right-medium:1.92%;--awb-spacing-left-medium:1.92%;--awb-width-small:100%;--awb-spacing-right-small:1.92%;--awb-spacing-left-small:1.92%;\"><div class=\"fusion-column-wrapper fusion-flex-justify-content-flex-start fusion-content-layout-column\"><div class=\"fusion-text fusion-text-1\"><h2>Breve storia dell&#8217;Ordine dei Benedettini<\/h2>\n<p><span style=\"font-weight: 400;\">Tradizionalmente, il 529 d.C. \u00e8 considerato l&#8217;anno in cui San Benedetto fond\u00f2 il monastero di Montecassino. L\u00ec mor\u00ec e fu sepolto intorno al 547. Alcuni decenni dopo, il monastero fu distrutto e non pi\u00f9 ricostruito per molto tempo. La comunit\u00e0 monastica e la tradizione di Benedetto sembravano essere scomparse.<\/span><\/p>\n<\/div><\/div><\/div><\/div><\/div><div id=\"diffusione\" class=\"fusion-container-anchor\"><div class=\"fusion-fullwidth fullwidth-box fusion-builder-row-2 fusion-flex-container nonhundred-percent-fullwidth non-hundred-percent-height-scrolling\" style=\"--awb-border-radius-top-left:0px;--awb-border-radius-top-right:0px;--awb-border-radius-bottom-right:0px;--awb-border-radius-bottom-left:0px;--awb-flex-wrap:wrap;\" ><div class=\"fusion-builder-row fusion-row fusion-flex-align-items-flex-start fusion-flex-content-wrap\" style=\"max-width:1144px;margin-left: calc(-4% \/ 2 );margin-right: calc(-4% \/ 2 );\"><div class=\"fusion-layout-column fusion_builder_column fusion-builder-column-1 fusion_builder_column_1_1 1_1 fusion-flex-column\" style=\"--awb-bg-size:cover;--awb-width-large:100%;--awb-margin-top-large:0px;--awb-spacing-right-large:1.92%;--awb-margin-bottom-large:20px;--awb-spacing-left-large:1.92%;--awb-width-medium:100%;--awb-spacing-right-medium:1.92%;--awb-spacing-left-medium:1.92%;--awb-width-small:100%;--awb-spacing-right-small:1.92%;--awb-spacing-left-small:1.92%;\"><div class=\"fusion-column-wrapper fusion-flex-justify-content-flex-start fusion-content-layout-column\"><div class=\"fusion-text fusion-text-2\"><h3>La diffusione della regola<\/h3>\n<p><span style=\"font-weight: 400;\">Tuttavia, copie della sua Regola sopravvissero nelle biblioteche romane. Intorno al 594, Papa San Gregorio Magno lod\u00f2 questa Regola e il suo autore, aumentandone la popolarit\u00e0. Successivamente, la Regola si trova in alcuni monasteri della Gallia meridionale (la moderna Francia) e altrove, normalmente usata dall&#8217;abate insieme a regole scritte da altri padri monastici per aiutarlo a guidare la comunit\u00e0. All&#8217;inizio dell&#8217;VIII secolo, i monaci inglesi proclamano con orgoglio di seguire solo la Regola di Benedetto \u2013 i primi veri \u201eBenedettini\u201c. Essi diffondono ulteriormente questa regola attraverso la loro missione nell&#8217;Europa continentale e, infine, nell&#8217;816\/17 un importante sinodo dichiara la Regola di Benedetto vincolante per tutti i monaci. In tutto l&#8217;impero carolingio, che comprende la moderna Francia, il Belgio, l&#8217;Olanda, la Svizzera, la Germania, parti dell&#8217;Italia e dell&#8217;Austria, centinaia di monasteri di monaci e monache passano ora sotto la Regola di Benedetto. Contemporaneamente, l&#8217;osservanza di questi monasteri viene unificata, anche nelle aree in cui la Regola lasciava i dettagli alla discrezione dell&#8217;abate. Nell&#8217;Occidente latino, la vita religiosa \u00e8 ora prevalentemente benedettina. I monasteri diventano importanti centri di vita religiosa, ma anche di amministrazione politica, di sviluppo economico e di apprendimento, sia teologico che secolare. I libri vengono scritti e copiati negli           <\/span><i><span style=\"font-weight: 400;\">scriptoria<\/span><\/i><span style=\"font-weight: 400;\">  (stanze di scrittura) dei monasteri, e le scuole abbaziali formano il clero e l&#8217;\u00e9lite dominante. I monaci si dedicano principalmente alla preghiera liturgica, la cui quantit\u00e0 aumenta gradualmente. I monasteri possiedono fattorie e talvolta interi villaggi, i cui contadini sostengono i monaci con parte dei loro prodotti. Nel IX secolo il papato inizia a proteggere alcuni monasteri dall&#8217;interferenza di nobili e vescovi locali. Cluny in Borgogna, fondata nel 910, stabilisce infine una vasta famiglia di monasteri sotto un unico abate. Nel 12     <\/span><span style=\"font-weight: 400;\"><span style=\"font-weight: 400;\"> secolo diverse centinaia di case vi appartenevano.<\/span><\/span><\/p>\n<\/div><\/div><\/div><\/div><\/div><\/div><div class=\"fusion-fullwidth fullwidth-box fusion-builder-row-3 fusion-flex-container nonhundred-percent-fullwidth non-hundred-percent-height-scrolling\" style=\"--awb-border-radius-top-left:0px;--awb-border-radius-top-right:0px;--awb-border-radius-bottom-right:0px;--awb-border-radius-bottom-left:0px;--awb-flex-wrap:wrap;\" ><div class=\"fusion-builder-row fusion-row fusion-flex-align-items-flex-start fusion-flex-content-wrap\" style=\"max-width:1144px;margin-left: calc(-4% \/ 2 );margin-right: calc(-4% \/ 2 );\"><div class=\"fusion-layout-column fusion_builder_column fusion-builder-column-2 fusion_builder_column_1_1 1_1 fusion-flex-column\" style=\"--awb-bg-size:cover;--awb-width-large:100%;--awb-margin-top-large:0px;--awb-spacing-right-large:1.92%;--awb-margin-bottom-large:20px;--awb-spacing-left-large:1.92%;--awb-width-medium:100%;--awb-spacing-right-medium:1.92%;--awb-spacing-left-medium:1.92%;--awb-width-small:100%;--awb-spacing-right-small:1.92%;--awb-spacing-left-small:1.92%;\"><div class=\"fusion-column-wrapper fusion-flex-justify-content-flex-start fusion-content-layout-column\"><div class=\"fusion-text fusion-text-3\"><h3>Declino e riforme<\/h3>\n<p><span style=\"font-weight: 400;\">La ricchezza e il ruolo sociale dei monasteri attraggono anche critiche, e diversi movimenti di riforma cercano di tornare a stili di vita pi\u00f9 semplici e a una comprensione pi\u00f9 originale della regola di Benedetto. I Cistercensi hanno il maggiore impatto. In breve tempo vengono fondate diverse centinaia di monasteri di \u201emonaci bianchi\u201c, stabiliti come un ordine chiaramente definito con un&#8217;organizzazione efficiente che bilancia elementi unificanti come il capitolo generale di tutti gli abati e chiari principi comuni con l&#8217;autonomia locale e la supervisione tramite le visite.  <\/span><\/p>\n<p><span style=\"font-weight: 400;\">Nel 1215 e nel 1336 il papato tenta di dare una struttura simile ai rimanenti Benedettini \u201eneri\u201c, inizialmente con scarso successo. Nel frattempo, la vita in Europa si \u00e8 spostata dalle campagne alle citt\u00e0. Ordini pi\u00f9 recenti come i Francescani e i Domenicani rispondono ai desideri spirituali e intellettuali degli abitanti delle citt\u00e0. Sebbene i Benedettini continuino a trovarsi in tutta Europa, non sono pi\u00f9 i principali protagonisti della vita religiosa.   <\/span><\/p>\n<p><span style=\"font-weight: 400;\">Dal XV<\/span><span style=\"font-weight: 400;\"><\/span><span style=\"font-weight: 400;\">  secolo in poi, i monasteri cercano di proteggersi dall&#8217;interferenza di signori secolari o ecclesiastici formando congregazioni. La pi\u00f9 influente di queste \u00e8 la Congregazione di Santa Giustina in Italia, in seguito chiamata Congregazione Cassinese. Essa rimane per molti secoli un modello che altre Congregazioni copiano. Nuove forme di preghiera personale e meditazione vengono ora introdotte nella vita dei monaci, a complemento dell&#8217;ufficio divino e     <\/span><i><span style=\"font-weight: 400;\">lectio<\/span><\/i><span style=\"font-weight: 400;\">. Una nuova enfasi sulle esigenze personali del singolo monaco porta anche all&#8217;introduzione delle celle, che sostituiscono i dormitori in uso fino ad allora.<\/span><\/p>\n<\/div><\/div><\/div><\/div><\/div><div class=\"fusion-fullwidth fullwidth-box fusion-builder-row-4 fusion-flex-container nonhundred-percent-fullwidth non-hundred-percent-height-scrolling\" style=\"--awb-border-radius-top-left:0px;--awb-border-radius-top-right:0px;--awb-border-radius-bottom-right:0px;--awb-border-radius-bottom-left:0px;--awb-flex-wrap:wrap;\" ><div class=\"fusion-builder-row fusion-row fusion-flex-align-items-flex-start fusion-flex-content-wrap\" style=\"max-width:1144px;margin-left: calc(-4% \/ 2 );margin-right: calc(-4% \/ 2 );\"><div class=\"fusion-layout-column fusion_builder_column fusion-builder-column-3 fusion_builder_column_1_1 1_1 fusion-flex-column\" style=\"--awb-bg-size:cover;--awb-width-large:100%;--awb-margin-top-large:0px;--awb-spacing-right-large:1.92%;--awb-margin-bottom-large:20px;--awb-spacing-left-large:1.92%;--awb-width-medium:100%;--awb-spacing-right-medium:1.92%;--awb-spacing-left-medium:1.92%;--awb-width-small:100%;--awb-spacing-right-small:1.92%;--awb-spacing-left-small:1.92%;\"><div class=\"fusion-column-wrapper fusion-flex-justify-content-flex-start fusion-content-layout-column\"><div class=\"fusion-text fusion-text-4\"><h3>Turbolenze e rinascita<\/h3>\n<p><span style=\"font-weight: 400;\">La cosiddetta Riforma nel XVI<\/span><span style=\"font-weight: 400;\"><\/span><span style=\"font-weight: 400;\">  secolo si rivolge contro la vita religiosa e monastica di ogni tipo. I sovrani protestanti usano giustificazioni teologiche per sopprimere i monasteri e confiscarne le propriet\u00e0. Alcuni abati e monaci vengono uccisi, altri semplicemente si ritirano dalla vita monastica, tornano alle loro famiglie o accettano parrocchie. In Inghilterra, Germania settentrionale, Paesi Bassi e Scandinavia la vita monastica scompare.     <\/span><\/p>\n<p><span style=\"font-weight: 400;\">Nei paesi cattolici, tuttavia, il monachesimo benedettino ricomincia a fiorire. Le abbazie benedettine vengono ricostruite in splendido stile barocco, e molti monasteri diventano centri di erudizione, cultura ed educazione. E per la prima volta la vita benedettina va oltre l&#8217;Europa quando le prime abbazie del Nuovo Mondo vengono stabilite in Brasile.    <\/span><\/p>\n<p><span style=\"font-weight: 400;\">Nel XVIII<\/span><span style=\"font-weight: 400;\"><\/span><span style=\"font-weight: 400;\">  secolo, nuove tendenze filosofiche e politiche minacciano il monachesimo. La fede viene attaccata, e i monasteri sono visti come luoghi inutili di superstizione e arretratezza. Nei decenni successivi al 1760, pi\u00f9 del 95% dei monasteri in Europa viene soppresso dai governi o distrutto nel corso di rivoluzioni e guerre. Le chiese vengono trasformate in fabbriche, gli edifici sono usati come cave, terre e tesori vengono confiscati, i libri distrutti o inviati a nuove biblioteche nazionali.   <\/span><\/p>\n<p><span style=\"font-weight: 400;\">Ma il monachesimo si rifiuta di morire. A met\u00e0 del 19 <\/span><span style=\"font-weight: 400;\"><\/span><span style=\"font-weight: 400;\">  secolo, ha luogo una riscoperta romantica del cristianesimo medievale e della vita monastica. In diversi paesi vecchi monasteri vengono rifondati o nuove comunit\u00e0 create. La vita monastica cambia: le comunit\u00e0 non possono pi\u00f9 dipendere da ricche dotazioni. I monaci ora lavorano per il loro sostentamento. Gli abati hanno cessato di essere signori e vivono molto pi\u00f9 vicini ai loro fratelli. Questi monasteri svolgono ruoli importanti nella chiesa, gestendo seminari maggiori e scuole, a volte parrocchie o missioni estere. Poich\u00e9 i Benedettini sono ancora senza alcuna organizzazione centrale, Papa Leone XIII stabilisce <a href=\"https:\/\/www.collegiosantanselmo.com\/\">una casa di studi a Roma<\/a>, e nel 1893 crea la <a href=\"https:\/\/osb.org\/it\/lordine-benedettino\/la-confederazione-benedettina\/\">Confederazione Benedettina<\/a> con un Abate Primate a capo. Gli studiosi benedettini riscoprono la vita liturgica della chiesa primitiva. Essi influenzano il Movimento Liturgico che prepara le riforme del Concilio Vaticano II:          <\/span><\/p>\n<p><span style=\"font-weight: 400;\">La maggior parte delle comunit\u00e0 inizia a cantare in volgare, non pi\u00f9 in latino. E la distinzione tra sacerdoti e fratelli scompare. La maggior parte dei monasteri continua ad attrarre cristiani che vogliono trascorrere un periodo tranquillo in preghiera, che cercano consigli spirituali o che semplicemente vogliono vivere accanto ai monaci per alcuni giorni.  <\/span><\/p>\n<\/div><\/div><\/div><\/div><\/div><div class=\"fusion-fullwidth fullwidth-box fusion-builder-row-5 fusion-flex-container nonhundred-percent-fullwidth non-hundred-percent-height-scrolling\" style=\"--awb-border-radius-top-left:0px;--awb-border-radius-top-right:0px;--awb-border-radius-bottom-right:0px;--awb-border-radius-bottom-left:0px;--awb-flex-wrap:wrap;\" ><div class=\"fusion-builder-row fusion-row fusion-flex-align-items-flex-start fusion-flex-content-wrap\" style=\"max-width:1144px;margin-left: calc(-4% \/ 2 );margin-right: calc(-4% \/ 2 );\"><div class=\"fusion-layout-column fusion_builder_column fusion-builder-column-4 fusion_builder_column_1_1 1_1 fusion-flex-column\" style=\"--awb-bg-size:cover;--awb-width-large:100%;--awb-margin-top-large:0px;--awb-spacing-right-large:1.92%;--awb-margin-bottom-large:20px;--awb-spacing-left-large:1.92%;--awb-width-medium:100%;--awb-spacing-right-medium:1.92%;--awb-spacing-left-medium:1.92%;--awb-width-small:100%;--awb-spacing-right-small:1.92%;--awb-spacing-left-small:1.92%;\"><div class=\"fusion-column-wrapper fusion-flex-justify-content-flex-start fusion-content-layout-column\"><div class=\"fusion-text fusion-text-5\"><h3>Una famiglia mondiale<\/h3>\n<p><span style=\"font-weight: 400;\">Nel 2018 la Confederazione Benedettina conta circa 7500 monaci in 400 monasteri, appartenenti a <a href=\"https:\/\/osb.org\/it\/lordine-benedettino\/elenco-delle-congregazioni-osb\/\">19 diverse Congregazioni<\/a>, con differenze regionali, missioni particolari o specifiche tradizioni spirituali. Circa <a href=\"https:\/\/osb.org\/it\/lordine-benedettino\/communio-internationalis-benedictinarum\/\">13.000<\/a> monache e suore appartengono anch&#8217;esse all&#8217;ordine. I Benedettini lavorano a stretto contatto con i Cistercensi e i Trappisti, ordini che seguono anch&#8217;essi la Regola di San Benedetto. Questa regola si \u00e8 dimostrata una guida per innumerevoli anime durante 15 secoli.    <\/span><\/p>\n<\/div><\/div><\/div><\/div><\/div><\/p>\n","protected":false},"excerpt":{"rendered":"","protected":false},"author":1,"featured_media":0,"parent":13061,"menu_order":3,"comment_status":"closed","ping_status":"closed","template":"","meta":{"footnotes":""},"class_list":["post-13189","page","type-page","status-publish","hentry"],"_links":{"self":[{"href":"https:\/\/osb.org\/it\/wp-json\/wp\/v2\/pages\/13189","targetHints":{"allow":["GET"]}}],"collection":[{"href":"https:\/\/osb.org\/it\/wp-json\/wp\/v2\/pages"}],"about":[{"href":"https:\/\/osb.org\/it\/wp-json\/wp\/v2\/types\/page"}],"author":[{"embeddable":true,"href":"https:\/\/osb.org\/it\/wp-json\/wp\/v2\/users\/1"}],"replies":[{"embeddable":true,"href":"https:\/\/osb.org\/it\/wp-json\/wp\/v2\/comments?post=13189"}],"version-history":[{"count":0,"href":"https:\/\/osb.org\/it\/wp-json\/wp\/v2\/pages\/13189\/revisions"}],"up":[{"embeddable":true,"href":"https:\/\/osb.org\/it\/wp-json\/wp\/v2\/pages\/13061"}],"wp:attachment":[{"href":"https:\/\/osb.org\/it\/wp-json\/wp\/v2\/media?parent=13189"}],"curies":[{"name":"wp","href":"https:\/\/api.w.org\/{rel}","templated":true}]}}