{"id":13122,"date":"2018-09-04T17:12:52","date_gmt":"2018-09-04T15:12:52","guid":{"rendered":"https:\/\/osb.org\/informativa-sulla-privacy\/"},"modified":"2025-09-11T17:27:23","modified_gmt":"2025-09-11T15:27:23","slug":"informativa-sulla-privacy","status":"publish","type":"page","link":"https:\/\/osb.org\/it\/informativa-sulla-privacy\/","title":{"rendered":"Informativa sulla privacy"},"content":{"rendered":"<div class=\"fusion-fullwidth fullwidth-box fusion-builder-row-1 fusion-flex-container has-pattern-background has-mask-background nonhundred-percent-fullwidth non-hundred-percent-height-scrolling\" style=\"--link_color: var(--awb-color6);--awb-border-radius-top-left:0px;--awb-border-radius-top-right:0px;--awb-border-radius-bottom-right:0px;--awb-border-radius-bottom-left:0px;--awb-flex-wrap:wrap;\" ><div class=\"fusion-builder-row fusion-row fusion-flex-align-items-flex-start fusion-flex-content-wrap\" style=\"max-width:1144px;margin-left: calc(-4% \/ 2 );margin-right: calc(-4% \/ 2 );\"><div class=\"fusion-layout-column fusion_builder_column fusion-builder-column-0 fusion_builder_column_1_1 1_1 fusion-flex-column\" style=\"--awb-bg-size:cover;--awb-width-large:100%;--awb-margin-top-large:0px;--awb-spacing-right-large:1.92%;--awb-margin-bottom-large:20px;--awb-spacing-left-large:1.92%;--awb-width-medium:100%;--awb-order-medium:0;--awb-spacing-right-medium:1.92%;--awb-spacing-left-medium:1.92%;--awb-width-small:100%;--awb-order-small:0;--awb-spacing-right-small:1.92%;--awb-spacing-left-small:1.92%;\"><div class=\"fusion-column-wrapper fusion-column-has-shadow fusion-flex-justify-content-flex-start fusion-content-layout-column\"><div class=\"accordian fusion-accordian\" style=\"--awb-border-size:1px;--awb-icon-size:13px;--awb-content-font-size:var(--awb-typography4-font-size);--awb-content-letter-spacing:var(--awb-typography4-letter-spacing);--awb-content-text-transform:var(--awb-typography4-text-transform);--awb-content-line-height:var(--awb-typography4-line-height);--awb-icon-alignment:left;--awb-hover-color:var(--awb-color1);--awb-border-color:var(--awb-color5);--awb-background-color:var(--awb-color1);--awb-divider-color:var(--awb-custom13);--awb-divider-hover-color:var(--awb-color5);--awb-icon-color:var(--awb-color1);--awb-title-color:var(--awb-custom12);--awb-content-color:var(--awb-custom14);--awb-icon-box-color:var(--awb-color5);--awb-toggle-hover-accent-color:var(--awb-color5);--awb-toggle-active-accent-color:var(--awb-custom12);--awb-title-font-family:var(--awb-typography3-font-family);--awb-title-font-weight:var(--awb-typography3-font-weight);--awb-title-font-style:var(--awb-typography3-font-style);--awb-title-font-size:var(--awb-typography3-font-size);--awb-title-letter-spacing:var(--awb-typography3-letter-spacing);--awb-title-line-height:var(--awb-typography3-line-height);--awb-title-text-transform:var(--awb-typography3-text-transform);--awb-content-font-family:var(--awb-typography4-font-family);--awb-content-font-weight:var(--awb-typography4-font-weight);--awb-content-font-style:var(--awb-typography4-font-style);\"><div class=\"panel-group fusion-toggle-icon-boxed\" id=\"accordion-13122-1\"><div class=\"fusion-panel panel-default panel-6cfcc1f86d1e95466 fusion-toggle-no-divider fusion-toggle-boxed-mode\" style=\"--awb-content-font-size:var(--awb-typography4-font-size);--awb-content-letter-spacing:var(--awb-typography4-letter-spacing);--awb-content-text-transform:var(--awb-typography4-text-transform);--awb-content-line-height:var(--awb-typography4-line-height);--awb-content-font-family:var(--awb-typography4-font-family);--awb-content-font-weight:var(--awb-typography4-font-weight);--awb-content-font-style:var(--awb-typography4-font-style);--awb-title-font-family:var(--awb-typography3-font-family);--awb-title-font-weight:var(--awb-typography3-font-weight);--awb-title-font-style:var(--awb-typography3-font-style);--awb-title-font-size:var(--awb-typography3-font-size);--awb-title-letter-spacing:var(--awb-typography3-letter-spacing);--awb-title-line-height:var(--awb-typography3-line-height);--awb-title-text-transform:var(--awb-typography3-text-transform);--awb-title-color:var(--awb-custom12);--awb-content-color:var(--awb-custom14);\"><div class=\"panel-heading\"><h4 class=\"panel-title toggle\" id=\"toggle_6cfcc1f86d1e95466\"><a aria-expanded=\"false\" aria-controls=\"6cfcc1f86d1e95466\" role=\"button\" data-toggle=\"collapse\" data-target=\"#6cfcc1f86d1e95466\" href=\"#6cfcc1f86d1e95466\"><span class=\"fusion-toggle-icon-wrapper\" aria-hidden=\"true\"><i class=\"fa-fusion-box active-icon awb-icon-minus\" aria-hidden=\"true\"><\/i><i class=\"fa-fusion-box inactive-icon awb-icon-plus\" aria-hidden=\"true\"><\/i><\/span><span class=\"fusion-toggle-heading\">Informativa sulla privacy : normativa sui cookie<\/span><\/a><\/h4><\/div><div id=\"6cfcc1f86d1e95466\" class=\"panel-collapse collapse \" aria-labelledby=\"toggle_6cfcc1f86d1e95466\"><div class=\"panel-body toggle-content fusion-clearfix\">\n<h3>Contatti<\/h3>\n<p>OSB DOT ORG<br \/>Confederazione Benedettina<br \/>Piazza dei Cavalieri di Malta 5<br \/>00153 Roma<br \/>Italia<\/p>\n<p>osborg@anselmianum.com<\/p>\n<h1>Normativa sui cookie su OSB DOT ORG<\/h1>\n<p>Il provvedimento del Garante per la protezione dei dati personali<\/p>\n<p>Il Garante per la protezione dei dati personali ha emesso il provvedimento Provvedimento semplificato per l&#8217;informativa e l&#8217;acquisizione del consenso all&#8217;uso dei cookie (provvedimento n. 229 dell&#8217;8 maggio 2014) pubblicato il 3 giugno 2014 sulla Gazzetta Ufficiale italiana. Vedi: <\/p>\n<p><a href=\"http:\/\/www.garanteprivacy.it\/web\/guest\/home\/docweb\/-\/docweb-display\/docweb\/3167654.\">http:\/\/www.garanteprivacy.it\/web\/guest\/home\/docweb\/-\/docweb-display\/docweb\/3167654.<\/a><\/p>\n<h2>Cookie<\/h2>\n<p>Le pagine di un sito web possono contenere testo, immagini e altre informazioni multimediali, ma possono anche contenere \u201cistruzioni\u201d che vengono eseguite automaticamente dal browser dell&#8217;utente. La pagina web pu\u00f2 anche contenere istruzioni per la memorizzazione di informazioni sul dispositivo dell&#8217;utente (cookie). <\/p>\n<p>I cookie si distinguono per una diversa finalit\u00e0 d&#8217;uso:<\/p>\n<p>Cookie tecnici: sono destinati unicamente a migliorare l&#8217;esperienza di navigazione o a fornire un servizio specificamente richiesto;<br \/>Cookie di profilazione: hanno invece lo scopo di ottenere informazioni sull&#8217;utente che possono essere sfruttate per altri usi non richiesti dall&#8217;utente, ad esempio per veicolare messaggi pubblicitari di maggiore interesse per l&#8217;utente.<\/p>\n<h3>Cookie su OSB DOT ORG<\/h3>\n<p>Il provvedimento del Garante (fare riferimento ad esso per una migliore definizione dei termini), stabilisce, a tutela degli utenti, che ogni sito deve dichiarare quale tipo (finalit\u00e0) di cookie utilizza.<\/p>\n<p>A questo proposito informiamo che, in generale, quando si accede a pagine web o servizi forniti tramite il web da OSB DOT ORG, ovvero pagine con URL \u2026osb.org\/\u2026, salvo diversa ed esplicita indicazione, vengono utilizzati solo cookie tecnici. In generale, OSB DOT ORG non produce e non pubblica pagine web che impiegano cookie di profilazione. <\/p>\n<p>Qualsiasi eventuale eccezione a questa informativa \u00e8 chiaramente indicata su ogni pagina\/servizio interessato dall&#8217;eccezione.<\/p>\n<h3>Cookie di terze parti<\/h3>\n<p>Alcune pagine web di OSB DOT ORG incorporano servizi di terze parti. Per queste pagine la politica seguita in relazione ai cookie \u00e8 quella dei fornitori esterni di tali servizi. <\/p>\n<p>Alcuni casi in cui vengono utilizzati servizi di terze parti:<\/p>\n<ul>\n<li>utilizzo di servizi che consentono l&#8217;interazione con i social network (es. \u201csocial plugin\u201d) o altre piattaforme esterne (es.: visualizzazione di video Youtube, Google Maps);<\/li>\n<li>nel motore di ricerca di OSB DOT ORG, viene utilizzato il servizio di indicizzazione di Google;<\/li>\n<li>in alcuni questionari, possono essere utilizzati servizi di generazione di Google;<\/li>\n<li>nel caso di riferimento a servizi di condivisione sulla pagina web.<\/li>\n<\/ul>\n<p>In tutti questi casi, la politica seguita per i cookie \u00e8 impostata e fatta evolvere da ciascun fornitore esterno a OSB DOT ORG.<\/p>\n<p>Le politiche di terze parti adottate per la privacy \/ l&#8217;uso dei cookie possono essere trovate ai seguenti URL:<\/p>\n<p>Google\/youtube: <a href=\"http:\/\/www.google.it\/intl\/en\/policies\/technologies\/cookies\/\" target=\"_blank\" rel=\"noopener\">cookie<\/a> \u2013 <a href=\"http:\/\/www.google.co.uk\/intl\/en\/policies\/privacy\/\" target=\"_blank\" rel=\"noopener\">privacy<\/a> ;  <br \/>Google web fonts: <a href=\"https:\/\/www.google.com\/policies\/privacy\/\" target=\"_blank\" rel=\"noopener\">privacy<\/a> \u2013 <a href=\"https:\/\/developers.google.com\/fonts\/faq\" target=\"_blank\" rel=\"noopener\">FAQs<\/a> ;  <br \/>Adobe web fonts: <a href=\"https:\/\/www.adobe.com\/privacy\/policies\/adobe-fonts.html#:~:text=To%20provide%20the%20Adobe%20Fonts,of%20documents%20using%20the%20fonts.\" target=\"_blank\" rel=\"noopener\">privacy<\/a>; <br \/>Vimeo: <a href=\"https:\/\/vimeo.com\/privacy\" target=\"_blank\" rel=\"noopener\">privacy<\/a> ; <br \/>Facebook: <a href=\"https:\/\/www.facebook.com\/policies\/cookies\/\" target=\"_blank\" rel=\"noopener\">cookie<\/a> \u2013 <a href=\"https:\/\/www.facebook.com\/privacy\/explanation\" target=\"_blank\" rel=\"noopener\">privacy<\/a> ;  <br \/>X: <a href=\"https:\/\/support.twitter.com\/articles\/20170519#\" target=\"_blank\" rel=\"noopener\">cookie<\/a> \u2013 <a href=\"https:\/\/twitter.com\/privacy?lang=it\" target=\"_blank\" rel=\"noopener\">privacy<\/a> ;  <br \/>Soundcloud: <a href=\"https:\/\/soundcloud.com\/pages\/privacy\" target=\"_blank\" rel=\"noopener\">privacy<\/a> ; <br \/>Flickr: <a href=\"https:\/\/www.flickr.com\/help\/cookies\">Cookie<\/a> \u2013 <a href=\"https:\/\/www.flickr.com\/help\/privacy\" target=\"_blank\" rel=\"noopener\">Privacy<\/a> ;<br \/>Le pagine web \u2026osb.org\/\u2026 del sito utilizzano anche il servizio <a href=\"https:\/\/support.google.com\/analytics\/answer\/6004245\" target=\"_blank\" rel=\"noopener\">Google Analytics<\/a> a fini statistici, dove vengono utilizzati solo dati aggregati (non personali).<\/p>\n<p>Avada \u00e8 il tema WordPress utilizzato da OSB DOT ORG. Quando viene utilizzata l&#8217;opzione \u201cConsenso alla privacy\u201d, Avada creer\u00e0 un cookie con il nome \u201cprivacy_embeds\u201d sui client degli utenti che navigano nel tuo sito per gestire e memorizzare il consenso dell&#8217;utente a caricare i diversi incorporamenti di terze parti e gli script di tracciamento. <\/p>\n<h3>Come limitare l&#8217;uso dei cookie<\/h3>\n<p>\u00c8 possibile negare o limitare l&#8217;uso dei cookie modificando le opzioni di privacy o sicurezza del browser. In particolare: <\/p>\n<ul>\n<li>\u00c8 possibile sapere quali cookie sono attualmente memorizzati dal browser<\/li>\n<li>\u00c8 possibile eliminare tutti i cookie o selettivamente solo quelli indesiderati<\/li>\n<li>\u00c8 possibile negare l&#8217;uso di tutti i cookie (con questa scelta non vi \u00e8 alcuna garanzia per la piena disponibilit\u00e0 di tutti i servizi su questo sito web)<\/li>\n<li>\u00c8 possibile negare l&#8217;uso di cookie di terze parti diversi dal sito che si sta visitando<\/li>\n<li>\u00c8 possibile consentire l&#8217;uso dei cookie per alcuni siti.<\/li>\n<\/ul>\n<h3>Contenuti incorporati da altri siti web : alcune informazioni aggiuntive<\/h3>\n<p>Gli articoli su questo sito possono includere contenuti incorporati (ad es. video, immagini, articoli, ecc.). I contenuti incorporati da altri siti web si comportano esattamente come se il visitatore avesse visitato l&#8217;altro sito web. <\/p>\n<p>Questi siti web possono raccogliere dati su di te, utilizzare cookie, incorporare ulteriori tracciamenti di terze parti e monitorare la tua interazione con quel contenuto incorporato, incluso il tracciamento della tua interazione con il contenuto incorporato se hai un account e sei loggato a quel sito web.<\/p>\n<p>Di seguito \u00e8 riportato un esempio di contenuti e app di terze parti che utilizziamo, con spiegazioni sui dati che raccolgono e su come \u00e8 possibile impedire questa raccolta di dati. Non \u00e8 un esempio esaustivo. <\/p>\n<h3>WPML<\/h3>\n<p>WPML utilizza i cookie per identificare la lingua corrente del visitatore, l&#8217;ultima lingua visitata e la lingua degli utenti che hanno effettuato l&#8217;accesso. Nessun dato dell&#8217;utente stesso verr\u00e0 condiviso. <\/p>\n<h3>YouTube<\/h3>\n<p>Il nostro sito web utilizza plugin di YouTube, che \u00e8 gestito da Google. L&#8217;operatore delle pagine \u00e8 YouTube LLC, 901 Cherry Ave., San Bruno, CA 94066, USA. <\/p>\n<p>Se visiti una delle nostre pagine con un plugin di YouTube, viene stabilita una connessione ai server di YouTube. Qui il server di YouTube viene informato su quali delle nostre pagine hai visitato. <\/p>\n<p>Se hai effettuato l&#8217;accesso al tuo account YouTube, YouTube ti consente di associare il tuo comportamento di navigazione direttamente al tuo profilo personale. Puoi impedirlo disconnettendoti dal tuo account YouTube. <\/p>\n<p>YouTube viene utilizzato per rendere il nostro sito web pi\u00f9 accattivante. Ci\u00f2 costituisce un interesse legittimo ai sensi dell&#8217;Art. 6 (1) (f) DSGVO. <\/p>\n<p>Ulteriori informazioni sul trattamento dei dati utente, possono essere trovate nella dichiarazione sulla protezione dei dati di YouTube all&#8217;indirizzo <a href=\"https:\/\/www.google.de\/intl\/de\/policies\/privacy\" target=\"_blank\" rel=\"noopener\">https:\/\/www.google.de\/intl\/de\/policies\/privacy<\/a>.<\/p>\n<h3>Vimeo<\/h3>\n<p>Il nostro sito web utilizza funzionalit\u00e0 fornite dal portale video Vimeo. Questo servizio \u00e8 fornito da Vimeo Inc., 555 West 18th Street, New York, New York 10011, USA. <\/p>\n<p>Se visiti una delle nostre pagine con un plugin di Vimeo, viene stabilita una connessione ai server di Vimeo. Qui il server di Vimeo viene informato su quali delle nostre pagine hai visitato. Inoltre, Vimeo ricever\u00e0 il tuo indirizzo IP. Questo vale anche se non hai effettuato l&#8217;accesso a Vimeo quando visiti il nostro plugin o non hai un account Vimeo. Le informazioni vengono trasmesse a un server Vimeo negli Stati Uniti, dove vengono memorizzate.    <\/p>\n<p>Se hai effettuato l&#8217;accesso al tuo account Vimeo, Vimeo ti consente di associare il tuo comportamento di navigazione direttamente al tuo profilo personale. Puoi impedirlo disconnettendoti dal tuo account Vimeo. <\/p>\n<p>Per maggiori informazioni su come gestire i dati utente, fare riferimento alla Privacy Policy di Vimeo all&#8217;indirizzo <a href=\"https:\/\/vimeo.com\/privacy\" target=\"_blank\" rel=\"noopener\">https:\/\/vimeo.com\/privacy<\/a>.<\/p>\n<h3>Google web fonts<\/h3>\n<p>Per una rappresentazione uniforme dei font, questa pagina utilizza i web font forniti da Google. Quando apri una pagina, il tuo browser carica i web font richiesti nella cache del browser per visualizzare testi e font correttamente. <\/p>\n<p>A questo scopo il tuo browser deve stabilire una connessione diretta ai server di Google. Google viene cos\u00ec a conoscenza che la nostra pagina web \u00e8 stata acceduta tramite il tuo indirizzo IP. L&#8217;uso dei Google Web fonts \u00e8 fatto nell&#8217;interesse di una presentazione uniforme e accattivante del nostro plugin. Ci\u00f2 costituisce un interesse legittimo ai sensi dell&#8217;Art. 6 (1) (f) DSGVO.   <\/p>\n<p>Se il tuo browser non supporta i web font, viene utilizzato un font standard dal tuo computer.<\/p>\n<p>Ulteriori informazioni sul trattamento dei dati utente, possono essere trovate all&#8217;indirizzo <a href=\"https:\/\/developers.google.com\/fonts\/faq\" target=\"_blank\" rel=\"noopener\">https:\/\/developers.google.com\/fonts\/faq<\/a> e nella privacy policy di Google all&#8217;indirizzo <a href=\"https:\/\/www.google.com\/policies\/privacy\/\" target=\"_blank\" rel=\"noopener\">https:\/\/www.google.com\/policies\/privacy\/<\/a>.<\/p>\n<h3>Adobe web fonts<\/h3>\n<p>Secondo il sito web di Adobe, \u201cNel fornire il servizio Adobe Fonts per i siti web, non impostiamo n\u00e9 utilizziamo cookie per servire i nostri font.\u201d Per maggiori informazioni, visitare la pagina web Adobe pertinente. <\/p>\n<h3>SoundCloud<\/h3>\n<p>Sulle nostre pagine, possono essere integrati plugin del social network SoundCloud (SoundCloud Limited, Berners House, 47-48 Berners Street, Londra W1T 3NF, Regno Unito). I plugin di SoundCloud possono essere riconosciuti dal logo di SoundCloud sul nostro sito. <\/p>\n<p>Quando visiti il nostro sito, viene stabilita una connessione diretta tra il tuo browser e il server SoundCloud tramite il plugin. Ci\u00f2 consente a SoundCloud di ricevere informazioni sul fatto che hai visitato il nostro sito dal tuo indirizzo IP. Se clicchi sui pulsanti \u201cMi piace\u201d o \u201cCondividi\u201d mentre sei loggato al tuo account SoundCloud, puoi collegare il contenuto delle nostre pagine al tuo profilo SoundCloud. Ci\u00f2 significa che SoundCloud pu\u00f2 associare le visite alle nostre pagine al tuo account utente. Vorremmo sottolineare che, in qualit\u00e0 di fornitore di queste pagine, non abbiamo alcuna conoscenza del contenuto dei dati trasmessi o di come verranno utilizzati da SoundCloud. Per maggiori informazioni sulla privacy policy di SoundCloud, vai a <a href=\"https:\/\/soundcloud.com\/pages\/privacy\" target=\"_blank\" rel=\"noopener\">https:\/\/soundcloud.com\/pages\/privacy<\/a>.     <\/p>\n<p>Se non desideri che SoundCloud associ la tua visita al nostro sito al tuo account SoundCloud, effettua il logout dal tuo account SoundCloud.<\/p>\n<h3>Plugin registro attivit\u00e0<\/h3>\n<p>Se sei un utente registrato, salviamo la tua attivit\u00e0 sui contenuti come la creazione\/aggiornamento\/eliminazione di post e commenti.<\/p>\n<\/div><\/div><\/div><div class=\"fusion-panel panel-default panel-d6ef6b1bae7e6370d fusion-toggle-no-divider fusion-toggle-boxed-mode\" style=\"--awb-content-font-size:var(--awb-typography4-font-size);--awb-content-letter-spacing:var(--awb-typography4-letter-spacing);--awb-content-text-transform:var(--awb-typography4-text-transform);--awb-content-line-height:var(--awb-typography4-line-height);--awb-content-font-family:var(--awb-typography4-font-family);--awb-content-font-weight:var(--awb-typography4-font-weight);--awb-content-font-style:var(--awb-typography4-font-style);--awb-title-font-family:var(--awb-typography3-font-family);--awb-title-font-weight:var(--awb-typography3-font-weight);--awb-title-font-style:var(--awb-typography3-font-style);--awb-title-font-size:var(--awb-typography3-font-size);--awb-title-letter-spacing:var(--awb-typography3-letter-spacing);--awb-title-line-height:var(--awb-typography3-line-height);--awb-title-text-transform:var(--awb-typography3-text-transform);--awb-title-color:var(--awb-custom12);--awb-content-color:var(--awb-custom14);\"><div class=\"panel-heading\"><h4 class=\"panel-title toggle\" id=\"toggle_d6ef6b1bae7e6370d\"><a aria-expanded=\"false\" aria-controls=\"d6ef6b1bae7e6370d\" role=\"button\" data-toggle=\"collapse\" data-target=\"#d6ef6b1bae7e6370d\" href=\"#d6ef6b1bae7e6370d\"><span class=\"fusion-toggle-icon-wrapper\" aria-hidden=\"true\"><i class=\"fa-fusion-box active-icon awb-icon-minus\" aria-hidden=\"true\"><\/i><i class=\"fa-fusion-box inactive-icon awb-icon-plus\" aria-hidden=\"true\"><\/i><\/span><span class=\"fusion-toggle-heading\">Informativa sulla privacy : Raccolta e utilizzo dei dati<\/span><\/a><\/h4><\/div><div id=\"d6ef6b1bae7e6370d\" class=\"panel-collapse collapse \" aria-labelledby=\"toggle_d6ef6b1bae7e6370d\"><div class=\"panel-body toggle-content fusion-clearfix\">In costruzione<\/div><\/div><\/div><\/div><\/div><\/div><\/div><\/div><\/div>\n","protected":false},"excerpt":{"rendered":"","protected":false},"author":1,"featured_media":0,"parent":0,"menu_order":0,"comment_status":"closed","ping_status":"closed","template":"","meta":{"footnotes":""},"class_list":["post-13122","page","type-page","status-publish","hentry"],"_links":{"self":[{"href":"https:\/\/osb.org\/it\/wp-json\/wp\/v2\/pages\/13122","targetHints":{"allow":["GET"]}}],"collection":[{"href":"https:\/\/osb.org\/it\/wp-json\/wp\/v2\/pages"}],"about":[{"href":"https:\/\/osb.org\/it\/wp-json\/wp\/v2\/types\/page"}],"author":[{"embeddable":true,"href":"https:\/\/osb.org\/it\/wp-json\/wp\/v2\/users\/1"}],"replies":[{"embeddable":true,"href":"https:\/\/osb.org\/it\/wp-json\/wp\/v2\/comments?post=13122"}],"version-history":[{"count":0,"href":"https:\/\/osb.org\/it\/wp-json\/wp\/v2\/pages\/13122\/revisions"}],"wp:attachment":[{"href":"https:\/\/osb.org\/it\/wp-json\/wp\/v2\/media?parent=13122"}],"curies":[{"name":"wp","href":"https:\/\/api.w.org\/{rel}","templated":true}]}}