{"id":13111,"date":"2018-08-06T12:00:52","date_gmt":"2018-08-06T10:00:52","guid":{"rendered":"https:\/\/osb.org\/notizie-ed-eventi-osb\/"},"modified":"2025-09-11T17:27:43","modified_gmt":"2025-09-11T15:27:43","slug":"notizie-ed-eventi-osb","status":"publish","type":"page","link":"https:\/\/osb.org\/it\/casa\/notizie-ed-eventi-osb\/","title":{"rendered":"Notizie ed eventi OSB"},"content":{"rendered":"<p><div class=\"fusion-fullwidth fullwidth-box fusion-builder-row-1 fusion-flex-container nonhundred-percent-fullwidth non-hundred-percent-height-scrolling\" style=\"--awb-border-radius-top-left:0px;--awb-border-radius-top-right:0px;--awb-border-radius-bottom-right:0px;--awb-border-radius-bottom-left:0px;--awb-flex-wrap:wrap;\" ><div class=\"fusion-builder-row fusion-row fusion-flex-align-items-flex-start fusion-flex-content-wrap\" style=\"max-width:1144px;margin-left: calc(-4% \/ 2 );margin-right: calc(-4% \/ 2 );\"><div class=\"fusion-layout-column fusion_builder_column fusion-builder-column-0 fusion_builder_column_1_1 1_1 fusion-flex-column\" style=\"--awb-bg-size:cover;--awb-width-large:100%;--awb-margin-top-large:0px;--awb-spacing-right-large:1.92%;--awb-margin-bottom-large:20px;--awb-spacing-left-large:1.92%;--awb-width-medium:100%;--awb-order-medium:0;--awb-spacing-right-medium:1.92%;--awb-spacing-left-medium:1.92%;--awb-width-small:100%;--awb-order-small:0;--awb-spacing-right-small:1.92%;--awb-spacing-left-small:1.92%;\"><div class=\"fusion-column-wrapper fusion-column-has-shadow fusion-flex-justify-content-flex-start fusion-content-layout-column\"><div class=\"fusion-title title fusion-title-1 sep-underline sep-solid fusion-title-text fusion-title-size-one\" style=\"--awb-margin-bottom:14px;--awb-margin-top-small:0px;--awb-margin-right-small:0px;--awb-margin-bottom-small:20px;--awb-margin-left-small:0px;--awb-sep-color:#333333;\"><h1 class=\"fusion-title-heading title-heading-left fusion-responsive-typography-calculated\" style=\"margin:0;--fontSize:34;line-height:1.4;\"><span style=\"color: #333333;\">Notizie<\/span><\/h1><\/div><div class=\"fusion-post-cards fusion-post-cards-1 fusion-grid-archive fusion-grid-columns-3\" style=\"--awb-column-spacing:30px;--awb-columns:3;--awb-row-spacing:30px;\" data-post-type-label=\"articoli\"><ul class=\"fusion-grid fusion-grid-3 fusion-flex-align-items-flex-start fusion-grid-posts-cards fusion-grid-container-infinite fusion-grid-container-load-more\" data-pages=\"56\"><li class=\"fusion-layout-column fusion_builder_column fusion-builder-column-1 fusion-flex-column post-card fusion-grid-column fusion-post-cards-grid-column\" style=\"--awb-padding-bottom:3%;--awb-bg-blend:overlay;--awb-bg-size:cover;--awb-flex-grow:0;--awb-flex-shrink:0;--awb-flex-grow-medium:0;--awb-flex-shrink-medium:0;--awb-flex-grow-small:0;--awb-flex-shrink-small:0;\"><div class=\"fusion-column-wrapper fusion-flex-justify-content-flex-start fusion-content-layout-column\"><div class=\"fusion-classic-product-image-wrapper fusion-woo-product-image fusion-post-card-image fusion-post-card-image-1\" data-layout=\"static\"><div  class=\"fusion-image-wrapper\" aria-haspopup=\"true\">\n\t\t\t\t\t\t\t<a href=\"https:\/\/osb.org\/it\/2026\/03\/30\/monaco-dellarciabbazia-di-saint-meinrad-nominato-vescovo-di-belleville\/\" aria-label=\"Monaco dell&#8217;Arciabbazia di Saint Meinrad nominato Vescovo di Belleville\">\n\t\t\t\t\t\t\t<img decoding=\"async\" width=\"1920\" height=\"1080\" src=\"https:\/\/osb.org\/wp-content\/uploads\/2026\/03\/Fr_Godfrey_Mullen_2022-1.jpg\" class=\"attachment-full size-full lazyload wp-post-image\" alt=\"\" srcset=\"data:image\/svg+xml,%3Csvg%20xmlns%3D%27http%3A%2F%2Fwww.w3.org%2F2000%2Fsvg%27%20width%3D%271920%27%20height%3D%271080%27%20viewBox%3D%270%200%201920%201080%27%3E%3Crect%20width%3D%271920%27%20height%3D%271080%27%20fill-opacity%3D%220%22%2F%3E%3C%2Fsvg%3E\" data-orig-src=\"https:\/\/osb.org\/wp-content\/uploads\/2026\/03\/Fr_Godfrey_Mullen_2022-1.jpg\" data-srcset=\"https:\/\/osb.org\/wp-content\/uploads\/2026\/03\/Fr_Godfrey_Mullen_2022-1-200x113.jpg 200w, https:\/\/osb.org\/wp-content\/uploads\/2026\/03\/Fr_Godfrey_Mullen_2022-1-400x225.jpg 400w, https:\/\/osb.org\/wp-content\/uploads\/2026\/03\/Fr_Godfrey_Mullen_2022-1-600x338.jpg 600w, https:\/\/osb.org\/wp-content\/uploads\/2026\/03\/Fr_Godfrey_Mullen_2022-1-800x450.jpg 800w, https:\/\/osb.org\/wp-content\/uploads\/2026\/03\/Fr_Godfrey_Mullen_2022-1-1200x675.jpg 1200w, https:\/\/osb.org\/wp-content\/uploads\/2026\/03\/Fr_Godfrey_Mullen_2022-1.jpg 1920w\" data-sizes=\"auto\" \/>\t\t\t<\/a>\n\t\t\t\t\t\t\t<\/div>\n<\/div><div class=\"fusion-title title fusion-title-2 fusion-sep-none fusion-title-text fusion-title-size-two\" style=\"--awb-margin-top:3%;--awb-margin-bottom:3%;--awb-margin-top-small:3%;--awb-margin-right-small:0px;--awb-margin-bottom-small:20px;--awb-margin-left-small:0px;--awb-font-size:19px;\"><h2 class=\"fusion-title-heading title-heading-left fusion-responsive-typography-calculated\" style=\"margin:0;font-size:1em;--fontSize:19;--minFontSize:19;line-height:1.5;\"><a href=\"https:\/\/osb.org\/it\/2026\/03\/30\/monaco-dellarciabbazia-di-saint-meinrad-nominato-vescovo-di-belleville\/\" class=\"awb-custom-text-color awb-custom-text-hover-color\" target=\"_self\">Monaco dell&#8217;Arciabbazia di Saint Meinrad nominato Vescovo di Belleville<\/a><\/h2><\/div><div class=\"fusion-text fusion-text-1\" style=\"--awb-margin-top:-2%;\"><p>Papa Leone XIV ha nominato Padre Godfrey Mullen OSB come 10\u00b0 Vescovo di Belleville. Monaco dell'Arciabbazia di Saint Meinrad, \u00e8 stato amministratore diocesano in Illinois dal maggio 2025. <\/p>\n<\/div><div class=\"fusion-separator fusion-full-width-sep\" style=\"align-self: center;margin-left: auto;margin-right: auto;flex-grow:1;width:100%;\"><\/div><\/div><\/li>\n<li class=\"fusion-layout-column fusion_builder_column fusion-builder-column-2 fusion-flex-column post-card fusion-grid-column fusion-post-cards-grid-column\" style=\"--awb-padding-bottom:3%;--awb-bg-blend:overlay;--awb-bg-size:cover;--awb-flex-grow:0;--awb-flex-shrink:0;--awb-flex-grow-medium:0;--awb-flex-shrink-medium:0;--awb-flex-grow-small:0;--awb-flex-shrink-small:0;\"><div class=\"fusion-column-wrapper fusion-flex-justify-content-flex-start fusion-content-layout-column\"><div class=\"fusion-classic-product-image-wrapper fusion-woo-product-image fusion-post-card-image fusion-post-card-image-1\" data-layout=\"static\"><div  class=\"fusion-image-wrapper\" aria-haspopup=\"true\">\n\t\t\t\t\t\t\t<a href=\"https:\/\/osb.org\/it\/2026\/03\/09\/lincontro-della-bcc-affronta-le-complesse-realta-della-chiesa-in-cina-e-cerca-percorsi-di-unita\/\" aria-label=\"L&#8217;incontro della BCC affronta le complesse realt\u00e0 della Chiesa in Cina e cerca percorsi di unit\u00e0\">\n\t\t\t\t\t\t\t<img decoding=\"async\" width=\"1920\" height=\"1080\" src=\"https:\/\/osb.org\/wp-content\/uploads\/2026\/03\/DSC_3396.jpg\" class=\"attachment-full size-full lazyload wp-post-image\" alt=\"\" srcset=\"data:image\/svg+xml,%3Csvg%20xmlns%3D%27http%3A%2F%2Fwww.w3.org%2F2000%2Fsvg%27%20width%3D%271920%27%20height%3D%271080%27%20viewBox%3D%270%200%201920%201080%27%3E%3Crect%20width%3D%271920%27%20height%3D%271080%27%20fill-opacity%3D%220%22%2F%3E%3C%2Fsvg%3E\" data-orig-src=\"https:\/\/osb.org\/wp-content\/uploads\/2026\/03\/DSC_3396.jpg\" data-srcset=\"https:\/\/osb.org\/wp-content\/uploads\/2026\/03\/DSC_3396-200x113.jpg 200w, https:\/\/osb.org\/wp-content\/uploads\/2026\/03\/DSC_3396-400x225.jpg 400w, https:\/\/osb.org\/wp-content\/uploads\/2026\/03\/DSC_3396-600x338.jpg 600w, https:\/\/osb.org\/wp-content\/uploads\/2026\/03\/DSC_3396-800x450.jpg 800w, https:\/\/osb.org\/wp-content\/uploads\/2026\/03\/DSC_3396-1200x675.jpg 1200w, https:\/\/osb.org\/wp-content\/uploads\/2026\/03\/DSC_3396.jpg 1920w\" data-sizes=\"auto\" \/>\t\t\t<\/a>\n\t\t\t\t\t\t\t<\/div>\n<\/div><div class=\"fusion-title title fusion-title-3 fusion-sep-none fusion-title-text fusion-title-size-two\" style=\"--awb-margin-top:3%;--awb-margin-bottom:3%;--awb-margin-top-small:3%;--awb-margin-right-small:0px;--awb-margin-bottom-small:20px;--awb-margin-left-small:0px;--awb-font-size:19px;\"><h2 class=\"fusion-title-heading title-heading-left fusion-responsive-typography-calculated\" style=\"margin:0;font-size:1em;--fontSize:19;--minFontSize:19;line-height:1.5;\"><a href=\"https:\/\/osb.org\/it\/2026\/03\/09\/lincontro-della-bcc-affronta-le-complesse-realta-della-chiesa-in-cina-e-cerca-percorsi-di-unita\/\" class=\"awb-custom-text-color awb-custom-text-hover-color\" target=\"_self\">L&#8217;incontro della BCC affronta le complesse realt\u00e0 della Chiesa in Cina e cerca percorsi di unit\u00e0<\/a><\/h2><\/div><div class=\"fusion-text fusion-text-2\" style=\"--awb-margin-top:-2%;\"><p>La Commissione Benedettina sulla Cina (BCC) si \u00e8 riunita a Roma per affrontare le complessit\u00e0 del lavoro pastorale nelle situazioni attuali. Le discussioni si sono concentrate sull'unit\u00e0, l'accompagnamento discreto e il sostegno continuo alla Chiesa in Cina. <\/p>\n<\/div><div class=\"fusion-separator fusion-full-width-sep\" style=\"align-self: center;margin-left: auto;margin-right: auto;flex-grow:1;width:100%;\"><\/div><\/div><\/li>\n<li class=\"fusion-layout-column fusion_builder_column fusion-builder-column-3 fusion-flex-column post-card fusion-grid-column fusion-post-cards-grid-column\" style=\"--awb-padding-bottom:3%;--awb-bg-blend:overlay;--awb-bg-size:cover;--awb-flex-grow:0;--awb-flex-shrink:0;--awb-flex-grow-medium:0;--awb-flex-shrink-medium:0;--awb-flex-grow-small:0;--awb-flex-shrink-small:0;\"><div class=\"fusion-column-wrapper fusion-flex-justify-content-flex-start fusion-content-layout-column\"><div class=\"fusion-classic-product-image-wrapper fusion-woo-product-image fusion-post-card-image fusion-post-card-image-1\" data-layout=\"static\"><div  class=\"fusion-image-wrapper\" aria-haspopup=\"true\">\n\t\t\t\t\t\t\t<a href=\"https:\/\/osb.org\/it\/2026\/03\/07\/liturgia-nel-segno-della-diversita-e-della-guerra-un-rapporto-dal-kuwait\/\" aria-label=\"Una liturgia all\u2019insegna della diversit\u00e0\u2026 e della guerra: un resoconto dal Kuwait\">\n\t\t\t\t\t\t\t<img decoding=\"async\" width=\"1920\" height=\"1080\" src=\"https:\/\/osb.org\/wp-content\/uploads\/2026\/03\/CourseParticipants-LiturgicalFormation.jpg\" class=\"attachment-full size-full lazyload wp-post-image\" alt=\"\" srcset=\"data:image\/svg+xml,%3Csvg%20xmlns%3D%27http%3A%2F%2Fwww.w3.org%2F2000%2Fsvg%27%20width%3D%271920%27%20height%3D%271080%27%20viewBox%3D%270%200%201920%201080%27%3E%3Crect%20width%3D%271920%27%20height%3D%271080%27%20fill-opacity%3D%220%22%2F%3E%3C%2Fsvg%3E\" data-orig-src=\"https:\/\/osb.org\/wp-content\/uploads\/2026\/03\/CourseParticipants-LiturgicalFormation.jpg\" data-srcset=\"https:\/\/osb.org\/wp-content\/uploads\/2026\/03\/CourseParticipants-LiturgicalFormation-200x113.jpg 200w, https:\/\/osb.org\/wp-content\/uploads\/2026\/03\/CourseParticipants-LiturgicalFormation-400x225.jpg 400w, https:\/\/osb.org\/wp-content\/uploads\/2026\/03\/CourseParticipants-LiturgicalFormation-600x338.jpg 600w, https:\/\/osb.org\/wp-content\/uploads\/2026\/03\/CourseParticipants-LiturgicalFormation-800x450.jpg 800w, https:\/\/osb.org\/wp-content\/uploads\/2026\/03\/CourseParticipants-LiturgicalFormation-1200x675.jpg 1200w, https:\/\/osb.org\/wp-content\/uploads\/2026\/03\/CourseParticipants-LiturgicalFormation.jpg 1920w\" data-sizes=\"auto\" \/>\t\t\t<\/a>\n\t\t\t\t\t\t\t<\/div>\n<\/div><div class=\"fusion-title title fusion-title-4 fusion-sep-none fusion-title-text fusion-title-size-two\" style=\"--awb-margin-top:3%;--awb-margin-bottom:3%;--awb-margin-top-small:3%;--awb-margin-right-small:0px;--awb-margin-bottom-small:20px;--awb-margin-left-small:0px;--awb-font-size:19px;\"><h2 class=\"fusion-title-heading title-heading-left fusion-responsive-typography-calculated\" style=\"margin:0;font-size:1em;--fontSize:19;--minFontSize:19;line-height:1.5;\"><a href=\"https:\/\/osb.org\/it\/2026\/03\/07\/liturgia-nel-segno-della-diversita-e-della-guerra-un-rapporto-dal-kuwait\/\" class=\"awb-custom-text-color awb-custom-text-hover-color\" target=\"_self\">Una liturgia all\u2019insegna della diversit\u00e0\u2026 e della guerra: un resoconto dal Kuwait<\/a><\/h2><\/div><div class=\"fusion-text fusion-text-3\" style=\"--awb-margin-top:-2%;\"><p>Su richiesta di Mons. Aldo Berardi, P. Stefan Geiger OSB e P. Benoit Alloggia OSB si sono recati in Kuwait per guidare un corso di formazione per il clero. Bloccati dall'improvviso scoppio della guerra, sono tornati a Roma il 12 marzo 2026, via Riad, Arabia Saudita.   <\/p>\n<\/div><div class=\"fusion-separator fusion-full-width-sep\" style=\"align-self: center;margin-left: auto;margin-right: auto;flex-grow:1;width:100%;\"><\/div><\/div><\/li>\n<\/ul><div class=\"fusion-infinite-scroll-trigger\"><\/div><div class=\"pagination infinite-scroll clearfix\" style=\"display:none;\"><span class=\"current\">1<\/span><a href=\"https:\/\/osb.org\/it\/wp-json\/wp\/v2\/pages\/13111\/page\/2\/\" class=\"inactive\">2<\/a><a class=\"pagination-next\" rel=\"next\" href=\"https:\/\/osb.org\/it\/wp-json\/wp\/v2\/pages\/13111\/page\/2\/\"><span class=\"page-text\">Avanti<\/span><span class=\"page-next\"><\/span><\/a><\/div><div class=\"fusion-clearfix\"><\/div><button class=\"fusion-load-more-button fusion-product-button fusion-clearfix\">Carica altri Articoli<\/button><\/div><\/div><\/div><\/div><\/div><div class=\"fusion-fullwidth fullwidth-box fusion-builder-row-2 fusion-flex-container nonhundred-percent-fullwidth non-hundred-percent-height-scrolling\" style=\"--awb-border-radius-top-left:0px;--awb-border-radius-top-right:0px;--awb-border-radius-bottom-right:0px;--awb-border-radius-bottom-left:0px;--awb-flex-wrap:wrap;\" ><div class=\"fusion-builder-row fusion-row fusion-flex-align-items-flex-start fusion-flex-content-wrap\" style=\"max-width:1144px;margin-left: calc(-4% \/ 2 );margin-right: calc(-4% \/ 2 );\"><div class=\"fusion-layout-column fusion_builder_column fusion-builder-column-4 fusion_builder_column_1_1 1_1 fusion-flex-column\" style=\"--awb-bg-size:cover;--awb-width-large:100%;--awb-flex-grow:0;--awb-flex-shrink:0;--awb-margin-top-large:0px;--awb-spacing-right-large:1.92%;--awb-margin-bottom-large:20px;--awb-spacing-left-large:1.92%;--awb-width-medium:100%;--awb-order-medium:0;--awb-flex-grow-medium:0;--awb-flex-shrink-medium:0;--awb-spacing-right-medium:1.92%;--awb-spacing-left-medium:1.92%;--awb-width-small:100%;--awb-order-small:0;--awb-flex-grow-small:0;--awb-flex-shrink-small:0;--awb-spacing-right-small:1.92%;--awb-spacing-left-small:1.92%;\"><div class=\"fusion-column-wrapper fusion-column-has-shadow fusion-flex-justify-content-flex-start fusion-content-layout-column\"><div class=\"fusion-title title fusion-title-5 sep-underline sep-solid fusion-title-text fusion-title-size-one\" style=\"--awb-margin-bottom:14px;--awb-margin-top-small:0px;--awb-margin-right-small:0px;--awb-margin-bottom-small:20px;--awb-margin-left-small:0px;--awb-sep-color:#333333;\"><h1 class=\"fusion-title-heading title-heading-left fusion-responsive-typography-calculated\" style=\"margin:0;--fontSize:34;line-height:1.4;\"><span style=\"color: #333333;\">Eventi<\/span><\/h1><\/div><div class=\"fusion-post-cards fusion-post-cards-2 fusion-grid-archive fusion-grid-columns-3\" style=\"--awb-column-spacing:30px;--awb-columns:3;--awb-row-spacing:30px;\" data-post-type-label=\"eventi\"><ul class=\"fusion-grid fusion-grid-3 fusion-flex-align-items-flex-start fusion-grid-posts-cards fusion-grid-container-infinite fusion-grid-container-load-more\" data-pages=\"1\"><li class=\"fusion-layout-column fusion_builder_column fusion-builder-column-5 fusion-flex-column post-card fusion-grid-column fusion-post-cards-grid-column\" style=\"--awb-padding-bottom:3%;--awb-bg-blend:overlay;--awb-bg-size:cover;--awb-flex-grow:0;--awb-flex-shrink:0;--awb-flex-grow-medium:0;--awb-flex-shrink-medium:0;--awb-flex-grow-small:0;--awb-flex-shrink-small:0;\"><div class=\"fusion-column-wrapper fusion-flex-justify-content-flex-start fusion-content-layout-column\"><div class=\"fusion-classic-product-image-wrapper fusion-woo-product-image fusion-post-card-image fusion-post-card-image-1\" data-layout=\"static\"><div  class=\"fusion-image-wrapper\" aria-haspopup=\"true\">\n\t\t\t\t\t\t\t<a href=\"https:\/\/osb.org\/it\/event\/leadership-and-the-rule-of-saint-benedict\/\" aria-label=\"Leadership and the &lt;i&gt;Rule&lt;\/i&gt;\">\n\t\t\t\t\t\t\t<img decoding=\"async\" width=\"1920\" height=\"1080\" src=\"https:\/\/osb.org\/wp-content\/uploads\/2020\/01\/LRB_graphic_grid_event_1.jpg\" class=\"attachment-full size-full lazyload wp-post-image\" alt=\"\" srcset=\"data:image\/svg+xml,%3Csvg%20xmlns%3D%27http%3A%2F%2Fwww.w3.org%2F2000%2Fsvg%27%20width%3D%271920%27%20height%3D%271080%27%20viewBox%3D%270%200%201920%201080%27%3E%3Crect%20width%3D%271920%27%20height%3D%271080%27%20fill-opacity%3D%220%22%2F%3E%3C%2Fsvg%3E\" data-orig-src=\"https:\/\/osb.org\/wp-content\/uploads\/2020\/01\/LRB_graphic_grid_event_1.jpg\" data-srcset=\"https:\/\/osb.org\/wp-content\/uploads\/2020\/01\/LRB_graphic_grid_event_1-200x113.jpg 200w, https:\/\/osb.org\/wp-content\/uploads\/2020\/01\/LRB_graphic_grid_event_1-400x225.jpg 400w, https:\/\/osb.org\/wp-content\/uploads\/2020\/01\/LRB_graphic_grid_event_1-600x338.jpg 600w, https:\/\/osb.org\/wp-content\/uploads\/2020\/01\/LRB_graphic_grid_event_1-800x450.jpg 800w, https:\/\/osb.org\/wp-content\/uploads\/2020\/01\/LRB_graphic_grid_event_1-1200x675.jpg 1200w, https:\/\/osb.org\/wp-content\/uploads\/2020\/01\/LRB_graphic_grid_event_1.jpg 1920w\" data-sizes=\"auto\" \/>\t\t\t<\/a>\n\t\t\t\t\t\t\t<\/div>\n<\/div><div class=\"fusion-title title fusion-title-6 fusion-sep-none fusion-title-text fusion-title-size-two\" style=\"--awb-margin-top:3%;--awb-margin-bottom:3%;--awb-margin-top-small:3%;--awb-margin-right-small:0px;--awb-margin-bottom-small:20px;--awb-margin-left-small:0px;--awb-font-size:19px;\"><h2 class=\"fusion-title-heading title-heading-left fusion-responsive-typography-calculated\" style=\"margin:0;font-size:1em;--fontSize:19;--minFontSize:19;line-height:1.5;\"><a href=\"https:\/\/osb.org\/it\/event\/leadership-and-the-rule-of-saint-benedict\/\" class=\"awb-custom-text-color awb-custom-text-hover-color\" target=\"_self\">Leadership and the <i>Rule<\/i><\/a><\/h2><\/div><div class=\"fusion-text fusion-text-4\" style=\"--awb-margin-top:-2%;\"><p>Management training<br\/>\nSummer course : 5 \u2013 18 July 2026<\/p>\n<\/div><div class=\"fusion-separator fusion-full-width-sep\" style=\"align-self: center;margin-left: auto;margin-right: auto;flex-grow:1;width:100%;\"><\/div><\/div><\/li>\n<li class=\"fusion-layout-column fusion_builder_column fusion-builder-column-6 fusion-flex-column post-card fusion-grid-column fusion-post-cards-grid-column\" style=\"--awb-padding-bottom:3%;--awb-bg-blend:overlay;--awb-bg-size:cover;--awb-flex-grow:0;--awb-flex-shrink:0;--awb-flex-grow-medium:0;--awb-flex-shrink-medium:0;--awb-flex-grow-small:0;--awb-flex-shrink-small:0;\"><div class=\"fusion-column-wrapper fusion-flex-justify-content-flex-start fusion-content-layout-column\"><div class=\"fusion-classic-product-image-wrapper fusion-woo-product-image fusion-post-card-image fusion-post-card-image-1\" data-layout=\"static\"><div  class=\"fusion-image-wrapper\" aria-haspopup=\"true\">\n\t\t\t\t\t\t\t<a href=\"https:\/\/osb.org\/it\/event\/oblate-monastic-summer-studium\/\" aria-label=\"Oblate Monastic Summer Studium\">\n\t\t\t\t\t\t\t<img decoding=\"async\" width=\"1920\" height=\"1080\" src=\"https:\/\/osb.org\/wp-content\/uploads\/2025\/12\/OMSS_hero_1.jpg\" class=\"attachment-full size-full lazyload wp-post-image\" alt=\"\" srcset=\"data:image\/svg+xml,%3Csvg%20xmlns%3D%27http%3A%2F%2Fwww.w3.org%2F2000%2Fsvg%27%20width%3D%271920%27%20height%3D%271080%27%20viewBox%3D%270%200%201920%201080%27%3E%3Crect%20width%3D%271920%27%20height%3D%271080%27%20fill-opacity%3D%220%22%2F%3E%3C%2Fsvg%3E\" data-orig-src=\"https:\/\/osb.org\/wp-content\/uploads\/2025\/12\/OMSS_hero_1.jpg\" data-srcset=\"https:\/\/osb.org\/wp-content\/uploads\/2025\/12\/OMSS_hero_1-200x113.jpg 200w, https:\/\/osb.org\/wp-content\/uploads\/2025\/12\/OMSS_hero_1-400x225.jpg 400w, https:\/\/osb.org\/wp-content\/uploads\/2025\/12\/OMSS_hero_1-600x338.jpg 600w, https:\/\/osb.org\/wp-content\/uploads\/2025\/12\/OMSS_hero_1-800x450.jpg 800w, https:\/\/osb.org\/wp-content\/uploads\/2025\/12\/OMSS_hero_1-1200x675.jpg 1200w, https:\/\/osb.org\/wp-content\/uploads\/2025\/12\/OMSS_hero_1.jpg 1920w\" data-sizes=\"auto\" \/>\t\t\t<\/a>\n\t\t\t\t\t\t\t<\/div>\n<\/div><div class=\"fusion-title title fusion-title-7 fusion-sep-none fusion-title-text fusion-title-size-two\" style=\"--awb-margin-top:3%;--awb-margin-bottom:3%;--awb-margin-top-small:3%;--awb-margin-right-small:0px;--awb-margin-bottom-small:20px;--awb-margin-left-small:0px;--awb-font-size:19px;\"><h2 class=\"fusion-title-heading title-heading-left fusion-responsive-typography-calculated\" style=\"margin:0;font-size:1em;--fontSize:19;--minFontSize:19;line-height:1.5;\"><a href=\"https:\/\/osb.org\/it\/event\/oblate-monastic-summer-studium\/\" class=\"awb-custom-text-color awb-custom-text-hover-color\" target=\"_self\">Oblate Monastic Summer Studium<\/a><\/h2><\/div><div class=\"fusion-text fusion-text-5\" style=\"--awb-margin-top:-2%;\"><p>Prayer, study, community, reflection<br\/>\n 5-25 July 2026<\/p>\n<\/div><div class=\"fusion-separator fusion-full-width-sep\" style=\"align-self: center;margin-left: auto;margin-right: auto;flex-grow:1;width:100%;\"><\/div><\/div><\/li>\n<li class=\"fusion-layout-column fusion_builder_column fusion-builder-column-7 fusion-flex-column post-card fusion-grid-column fusion-post-cards-grid-column\" style=\"--awb-padding-bottom:3%;--awb-bg-blend:overlay;--awb-bg-size:cover;--awb-flex-grow:0;--awb-flex-shrink:0;--awb-flex-grow-medium:0;--awb-flex-shrink-medium:0;--awb-flex-grow-small:0;--awb-flex-shrink-small:0;\"><div class=\"fusion-column-wrapper fusion-flex-justify-content-flex-start fusion-content-layout-column\"><div class=\"fusion-classic-product-image-wrapper fusion-woo-product-image fusion-post-card-image fusion-post-card-image-1\" data-layout=\"static\"><div  class=\"fusion-image-wrapper\" aria-haspopup=\"true\">\n\t\t\t\t\t\t\t<a href=\"https:\/\/osb.org\/it\/event\/monastic-aggiornamento\/\" aria-label=\"Monastic Aggiornamento\">\n\t\t\t\t\t\t\t<img decoding=\"async\" width=\"1920\" height=\"1080\" src=\"https:\/\/osb.org\/wp-content\/uploads\/2025\/12\/aggiornamento_hero_1.jpg\" class=\"attachment-full size-full lazyload wp-post-image\" alt=\"\" srcset=\"data:image\/svg+xml,%3Csvg%20xmlns%3D%27http%3A%2F%2Fwww.w3.org%2F2000%2Fsvg%27%20width%3D%271920%27%20height%3D%271080%27%20viewBox%3D%270%200%201920%201080%27%3E%3Crect%20width%3D%271920%27%20height%3D%271080%27%20fill-opacity%3D%220%22%2F%3E%3C%2Fsvg%3E\" data-orig-src=\"https:\/\/osb.org\/wp-content\/uploads\/2025\/12\/aggiornamento_hero_1.jpg\" data-srcset=\"https:\/\/osb.org\/wp-content\/uploads\/2025\/12\/aggiornamento_hero_1-200x113.jpg 200w, https:\/\/osb.org\/wp-content\/uploads\/2025\/12\/aggiornamento_hero_1-400x225.jpg 400w, https:\/\/osb.org\/wp-content\/uploads\/2025\/12\/aggiornamento_hero_1-600x338.jpg 600w, https:\/\/osb.org\/wp-content\/uploads\/2025\/12\/aggiornamento_hero_1-800x450.jpg 800w, https:\/\/osb.org\/wp-content\/uploads\/2025\/12\/aggiornamento_hero_1-1200x675.jpg 1200w, https:\/\/osb.org\/wp-content\/uploads\/2025\/12\/aggiornamento_hero_1.jpg 1920w\" data-sizes=\"auto\" \/>\t\t\t<\/a>\n\t\t\t\t\t\t\t<\/div>\n<\/div><div class=\"fusion-title title fusion-title-8 fusion-sep-none fusion-title-text fusion-title-size-two\" style=\"--awb-margin-top:3%;--awb-margin-bottom:3%;--awb-margin-top-small:3%;--awb-margin-right-small:0px;--awb-margin-bottom-small:20px;--awb-margin-left-small:0px;--awb-font-size:19px;\"><h2 class=\"fusion-title-heading title-heading-left fusion-responsive-typography-calculated\" style=\"margin:0;font-size:1em;--fontSize:19;--minFontSize:19;line-height:1.5;\"><a href=\"https:\/\/osb.org\/it\/event\/monastic-aggiornamento\/\" class=\"awb-custom-text-color awb-custom-text-hover-color\" target=\"_self\">Monastic Aggiornamento<\/a><\/h2><\/div><div class=\"fusion-text fusion-text-6\" style=\"--awb-margin-top:-2%;\"><p>Three-week sabbatical program<br\/>\n4-24 July 2026<\/p>\n<\/div><div class=\"fusion-separator fusion-full-width-sep\" style=\"align-self: center;margin-left: auto;margin-right: auto;flex-grow:1;width:100%;\"><\/div><\/div><\/li>\n<\/ul><\/div><\/div><\/div><\/div><\/div><\/p>\n","protected":false},"excerpt":{"rendered":"","protected":false},"author":1,"featured_media":0,"parent":13137,"menu_order":0,"comment_status":"closed","ping_status":"closed","template":"","meta":{"footnotes":""},"class_list":["post-13111","page","type-page","status-publish","hentry"],"_links":{"self":[{"href":"https:\/\/osb.org\/it\/wp-json\/wp\/v2\/pages\/13111","targetHints":{"allow":["GET"]}}],"collection":[{"href":"https:\/\/osb.org\/it\/wp-json\/wp\/v2\/pages"}],"about":[{"href":"https:\/\/osb.org\/it\/wp-json\/wp\/v2\/types\/page"}],"author":[{"embeddable":true,"href":"https:\/\/osb.org\/it\/wp-json\/wp\/v2\/users\/1"}],"replies":[{"embeddable":true,"href":"https:\/\/osb.org\/it\/wp-json\/wp\/v2\/comments?post=13111"}],"version-history":[{"count":0,"href":"https:\/\/osb.org\/it\/wp-json\/wp\/v2\/pages\/13111\/revisions"}],"up":[{"embeddable":true,"href":"https:\/\/osb.org\/it\/wp-json\/wp\/v2\/pages\/13137"}],"wp:attachment":[{"href":"https:\/\/osb.org\/it\/wp-json\/wp\/v2\/media?parent=13111"}],"curies":[{"name":"wp","href":"https:\/\/api.w.org\/{rel}","templated":true}]}}