{"id":13220,"date":"2021-10-12T10:35:56","date_gmt":"2021-10-12T08:35:56","guid":{"rendered":"https:\/\/osb.org\/nos-racines\/une-breve-histoire-de-lordre-benedictin\/liste-historique-des-abbes-primats\/"},"modified":"2025-09-11T17:35:23","modified_gmt":"2025-09-11T15:35:23","slug":"liste-historique-des-abbes-primats","status":"publish","type":"page","link":"https:\/\/osb.org\/fr\/nos-racines\/une-breve-histoire-de-lordre-benedictin\/liste-historique-des-abbes-primats\/","title":{"rendered":"Liste historique des abb\u00e9s primats"},"content":{"rendered":"<div class=\"fusion-fullwidth fullwidth-box fusion-builder-row-1 fusion-flex-container nonhundred-percent-fullwidth non-hundred-percent-height-scrolling\" style=\"--awb-border-radius-top-left:0px;--awb-border-radius-top-right:0px;--awb-border-radius-bottom-right:0px;--awb-border-radius-bottom-left:0px;--awb-padding-right:10%;--awb-padding-left:10%;--awb-padding-right-medium:5%;--awb-padding-left-medium:5%;--awb-padding-right-small:0%;--awb-padding-left-small:0%;--awb-flex-wrap:wrap;\" ><div class=\"fusion-builder-row fusion-row fusion-flex-align-items-flex-start fusion-flex-content-wrap\" style=\"max-width:1144px;margin-left: calc(-4% \/ 2 );margin-right: calc(-4% \/ 2 );\"><div class=\"fusion-layout-column fusion_builder_column fusion-builder-column-0 fusion_builder_column_1_1 1_1 fusion-flex-column\" style=\"--awb-bg-size:cover;--awb-width-large:100%;--awb-margin-top-large:0px;--awb-spacing-right-large:1.92%;--awb-margin-bottom-large:20px;--awb-spacing-left-large:1.92%;--awb-width-medium:100%;--awb-order-medium:0;--awb-spacing-right-medium:1.92%;--awb-spacing-left-medium:1.92%;--awb-width-small:100%;--awb-order-small:0;--awb-spacing-right-small:1.92%;--awb-spacing-left-small:1.92%;\"><div class=\"fusion-column-wrapper fusion-column-has-shadow fusion-flex-justify-content-flex-start fusion-content-layout-column\"><div class=\"fusion-text fusion-text-1\"><ol start=\"1\">\n<li><b>Hildebrand de Hemptinne<\/b><span style=\"font-weight: 400;\">, n\u00e9 le 10 juin 1849, prof. Beuron le 15 ao\u00fbt 1870, ord. le 11 juin 1872, \u00e9lu Abb\u00e9 de Maredsous le 9 ao\u00fbt 1890, b\u00e9ni \u00e0 Montecassino le 5 oct. 1890, nomm\u00e9 \u00e0 vie Abb\u00e9 de S. Anselmo et Abb\u00e9 Primat le 12 juillet 1893 par L\u00e9on XIII, d\u00e9c\u00e9d\u00e9 \u00e0 Beuron le 13 ao\u00fbt 1913, inhum\u00e9 dans l&rsquo;\u00e9glise de l&rsquo;Archiabbaye de Beuron.<\/span><\/li>\n<\/ol>\n<ol start=\"2\">\n<li> <b>Fidelis von Stotzingen<\/b><span style=\"font-weight: 400;\">, n\u00e9 le 1er mai 1871, prof. Beuron le 25 janvier 1892, ord. le 27 septembre 1897, \u00e9lu Abb\u00e9 de Maria Laach le 31 oct. 1901, b\u00e9ni le 11 novembre 1901, \u00e9lu Abb\u00e9 Primat Coadjuteur le 13 mai 1913, succ\u00e9d\u00e9 le 13 ao\u00fbt 1913, d\u00e9c\u00e9d\u00e9 \u00e0 Rome le 9 janvier 1947, inhum\u00e9 au Campo Verano.<\/span><\/li>\n<\/ol>\n<ol start=\"3\">\n<li> <b>Bernhard Kaelin<\/b><span style=\"font-weight: 400;\">, n\u00e9 le 21 mars 1887, prof. Muri-Gries le 5 oct. 1909, ord. le 18 oct. 1912, \u00e9lu Abb\u00e9 de Muri-Gries le 10 ao\u00fbt 1945, b\u00e9ni le 13 ao\u00fbt 1945, \u00e9lu IIIe Abb\u00e9 Primat le 16 septembre 1947, d\u00e9c\u00e9d\u00e9 \u00e0 Muri le 20 oct. 1962, inhum\u00e9 \u00e0 Sarnen.<\/span><\/li>\n<\/ol>\n<ol start=\"4\">\n<li> <b>Benno Gut<\/b><span style=\"font-weight: 400;\">, n\u00e9 le 1er avril 1897, prof. Einsiedeln le 6 janvier 1918, ord. le 10 juillet 1921, \u00e9lu Abb\u00e9 Ordinaire d&rsquo;Einsiedeln le 15 avril 1947, b\u00e9ni le 5 mai 1947, \u00e9lu IVe Abb\u00e9 Primat le 24 septembre 1959, cr\u00e9\u00e9 Cardinal S.R.E. le 26 juin 1967, d\u00e9c\u00e9d\u00e9 \u00e0 Rome le 8 d\u00e9cembre 1970, inhum\u00e9 \u00e0 Einsiedeln.<\/span><\/li>\n<\/ol>\n<ol start=\"5\">\n<li> <b>Rembert Weakland<\/b><span style=\"font-weight: 400;\">, archev\u00eaque \u00e9m\u00e9rite, n\u00e9 en avril 1927, prof. Latrobe &#8211; Saint Vincent le 23 septembre 1946, ord. le 24 juin 1951, \u00e9lu Abb\u00e9 Coadjuteur de Latrobe le 26 juin 1963, b\u00e9ni le 29 ao\u00fbt 1963, \u00e9lu Ve Abb\u00e9 Primat le 29 septembre 1967, nomm\u00e9<\/span> <span style=\"font-weight: 400;\">Archev\u00eaque de Milwaukee le 17 septembre 1977, consacr\u00e9 le 8 novembre 1977, retrait\u00e9 le 24 mai 2002.<\/span><\/li>\n<\/ol>\n<ol start=\"6\">\n<li> <b>Viktor Dammertz<\/b><span style=\"font-weight: 400;\">, \u00e9v\u00eaque \u00e9m\u00e9rite, n\u00e9 en juin 1929, prof. St. Ottilien le 16 sept. 1954, ord. le 21 septembre 1957, \u00e9lu Archabb\u00e9 de St. Ottilien le 8 janvier 1975, b\u00e9ni le 2 f\u00e9v. 1975, \u00e9lu VIe Abb\u00e9 Primat le 22 sept. 1977, nomm\u00e9<\/span> <span style=\"font-weight: 400;\">\u00c9v\u00eaque d&rsquo;Augsbourg le 24 d\u00e9cembre 1992, consacr\u00e9 le 30 janvier 1993 ; d\u00e9mission accept\u00e9e le 9 juin 2004 ; d\u00e9c\u00e9d\u00e9 \u00e0 St. Ottilien le 2 mars 2020, inhum\u00e9 dans la cath\u00e9drale d&rsquo;Augsbourg.<\/span><\/li>\n<\/ol>\n<ol start=\"7\">\n<li> <b>Jerome Theisen<\/b><span style=\"font-weight: 400;\">, n\u00e9 le 30 d\u00e9cembre 1930, prof. Collegeville &#8211; Saint John&rsquo;s le 11 juillet 1952, ord. le 28 juillet 1957, \u00e9lu Abb\u00e9 de Collegeville &#8211; Saint John&rsquo;s le 22 ao\u00fbt 1979, b\u00e9ni le 19 oct. 1979, \u00e9lu Abb\u00e9 Primat et Abb\u00e9 de Sant&rsquo;Anselmo le 19 septembre 1992, d\u00e9c\u00e9d\u00e9 \u00e0 Rome le 11 septembre 1995, inhum\u00e9 \u00e0 Collegeville.<\/span><\/li>\n<\/ol>\n<p style=\"padding-left: 30px;\"><b>Francis Rossiter<\/b><span style=\"font-weight: 400;\">, n\u00e9 en avril 1931, prof. Ealing le 2 octobre 1950, ord. le 11 juillet 1955, \u00e9lu abb\u00e9 d&rsquo;Ealing le 20 juillet 1967, b\u00e9ni le 11 octobre 1967, d\u00e9missionn\u00e9 le 9 avril 1991, Abb\u00e9 Pr\u00e9sident de la Congr\u00e9gation B\u00e9n\u00e9dictine Anglaise de 1985 \u00e0 2001, Pro-Primat du 12 septembre 1995 au 18 septembre 1996.<\/span><\/p>\n<ol start=\"8\">\n<li> <b>Marcel Rooney<\/b><span style=\"font-weight: 400;\">, n\u00e9 en septembre 1937, prof. Conception le 12 septembre 1958, ord. le 21 septembre 1963, \u00e9lu Abb\u00e9 de l&rsquo;Abbaye de Conception le 14 avril 1993, b\u00e9ni le 10 mai 1993, \u00e9lu Abb\u00e9 Primat et Abb\u00e9 de Sant&rsquo;Anselmo le 18 septembre 1996, d\u00e9missionn\u00e9 le 3 septembre 2000.<\/span><\/li>\n<\/ol>\n<ol start=\"9\">\n<li> <b>Notker Wolf<\/b><span style=\"font-weight: 400;\">, n\u00e9 en juin 1940, prof. St. Ottilien le 17 septembre 1962, ord. le 1er septembre 1968, \u00e9lu archabb\u00e9 de Sankt Ottilien le 1er octobre 1977, b\u00e9ni le 22 octobre 1977, \u00e9lu Abb\u00e9 Primat et Abb\u00e9 de Sant&rsquo;Anselmo, le 7 septembre 2000, \u00e9m\u00e9rite le 9 septembre 2016.<\/span><\/li>\n<\/ol>\n<ol start=\"10\">\n<li> <b>Gregory Polan<\/b><span style=\"font-weight: 400;\">, n\u00e9 en janvier 1950, prof. Conception le 28 ao\u00fbt 1971, ord. le 26 mai 1977, \u00e9lu Abb\u00e9 de l&rsquo;Abbaye de Conception le 6 novembre 1996, b\u00e9ni le 9 d\u00e9cembre 1996, \u00e9lu Abb\u00e9 Primat et Abb\u00e9 de Sant&rsquo;Anselmo, le 10 septembre 2016, \u00e9m\u00e9rite le 14 sept. 2024.<\/span><\/li>\n<\/ol>\n<ol start=\"11\">\n<li> <b>Jeremias Schr\u00f6der<\/b><span style=\"font-weight: 400;\">, n\u00e9 en d\u00e9cembre 1964 ; prof\u00e8s de l&rsquo;Erzabtei Sankt Ottilien le 14 septembre 1985 ; ordonn\u00e9 le 7 juin 1992 ; \u00e9lu sixi\u00e8me archabb\u00e9 de l&rsquo;Erzabtei Sankt Ottilien le 5 oct. 2000 et b\u00e9ni le 28 oct. 2000 ; \u00e9lu et confirm\u00e9 abb\u00e9 pr\u00e9sident de la Congr\u00e9gation d&rsquo;Ottilien le 13 oct. 2012 ; nomm\u00e9 administrateur de Sankt Georgenberg 2021-2025 ; r\u00e9\u00e9lu abb\u00e9 pr\u00e9sident de la Congr\u00e9gation d&rsquo;Ottilien 2022-2024 ; \u00e9lu abb\u00e9 primat et abb\u00e9 de Sant&rsquo;Anselmo le 14 septembre 2024.<\/span><\/li>\n<\/ol>\n<\/div><\/div><\/div><\/div><\/div>\n","protected":false},"excerpt":{"rendered":"","protected":false},"author":1,"featured_media":0,"parent":13190,"menu_order":0,"comment_status":"closed","ping_status":"closed","template":"","meta":{"footnotes":""},"class_list":["post-13220","page","type-page","status-publish","hentry"],"_links":{"self":[{"href":"https:\/\/osb.org\/fr\/wp-json\/wp\/v2\/pages\/13220","targetHints":{"allow":["GET"]}}],"collection":[{"href":"https:\/\/osb.org\/fr\/wp-json\/wp\/v2\/pages"}],"about":[{"href":"https:\/\/osb.org\/fr\/wp-json\/wp\/v2\/types\/page"}],"author":[{"embeddable":true,"href":"https:\/\/osb.org\/fr\/wp-json\/wp\/v2\/users\/1"}],"replies":[{"embeddable":true,"href":"https:\/\/osb.org\/fr\/wp-json\/wp\/v2\/comments?post=13220"}],"version-history":[{"count":0,"href":"https:\/\/osb.org\/fr\/wp-json\/wp\/v2\/pages\/13220\/revisions"}],"up":[{"embeddable":true,"href":"https:\/\/osb.org\/fr\/wp-json\/wp\/v2\/pages\/13190"}],"wp:attachment":[{"href":"https:\/\/osb.org\/fr\/wp-json\/wp\/v2\/media?parent=13220"}],"curies":[{"name":"wp","href":"https:\/\/api.w.org\/{rel}","templated":true}]}}