{"id":13193,"date":"2018-05-14T14:28:18","date_gmt":"2018-05-14T12:28:18","guid":{"rendered":"https:\/\/osb.org\/nos-racines\/saint-benoit\/"},"modified":"2025-09-11T17:33:06","modified_gmt":"2025-09-11T15:33:06","slug":"saint-benoit","status":"publish","type":"page","link":"https:\/\/osb.org\/fr\/nos-racines\/saint-benoit\/","title":{"rendered":"Saint Beno\u00eet"},"content":{"rendered":"<div class=\"fusion-fullwidth fullwidth-box fusion-builder-row-1 fusion-flex-container nonhundred-percent-fullwidth non-hundred-percent-height-scrolling\" style=\"--awb-border-radius-top-left:0px;--awb-border-radius-top-right:0px;--awb-border-radius-bottom-right:0px;--awb-border-radius-bottom-left:0px;--awb-flex-wrap:wrap;\" ><div class=\"fusion-builder-row fusion-row fusion-flex-align-items-flex-start fusion-flex-content-wrap\" style=\"max-width:calc( 1100px + 0px );margin-left: calc(-0px \/ 2 );margin-right: calc(-0px \/ 2 );\"><div class=\"fusion-layout-column fusion_builder_column fusion-builder-column-0 fusion_builder_column_1_1 1_1 fusion-flex-column\" style=\"--awb-bg-size:cover;--awb-width-large:100%;--awb-margin-top-large:0px;--awb-spacing-right-large:0px;--awb-margin-bottom-large:20px;--awb-spacing-left-large:0px;--awb-width-medium:100%;--awb-spacing-right-medium:0px;--awb-spacing-left-medium:0px;--awb-width-small:100%;--awb-spacing-right-small:0px;--awb-spacing-left-small:0px;\"><div class=\"fusion-column-wrapper fusion-flex-justify-content-flex-start fusion-content-layout-column\"><div class=\"fusion-title title fusion-title-1 sep-underline sep-solid fusion-title-text fusion-title-size-four\" style=\"--awb-margin-top-small:0px;--awb-margin-right-small:0px;--awb-margin-bottom-small:20px;--awb-margin-left-small:0px;\"><h4 class=\"fusion-title-heading title-heading-left fusion-responsive-typography-calculated\" style=\"margin:0;--fontSize:20;--minFontSize:20;line-height:1.5;\"><p>Beno\u00eet de Nursie : Basilique St. Pierre et Paul, \u00e0 Petersberg, couleurs ajust\u00e9es et recadr\u00e9es<br \/>\nPar GFreihalter &#8211; Travail personnel, CC BY-SA 3.0, | <a href=\"https:\/\/commons.wikimedia.org\/w\/index.php?curid=19368907\">lien<\/a> |<\/p><\/h4><\/div><div class=\"fusion-text fusion-text-1\"><h2>Saint Beno\u00eet<\/h2>\n<p>Beno\u00eet de Nursie \u00e9tait un moine et abb\u00e9 qui v\u00e9cut aux Ve et VIe si\u00e8cles apr\u00e8s J.-C. Il fonda plusieurs monast\u00e8res et \u00e9crivit une r\u00e8gle monastique qui devint fondamentale pour le monachisme occidental. L&rsquo;\u00c9glise catholique le v\u00e9n\u00e8re comme Patron de l&rsquo;Europe.  <\/p>\n<p>La principale source sur la vie de Beno\u00eet sont les Quatre Livres des Dialogues que le Pape Gr\u00e9goire le Grand \u00e9crivit en 593\/594 apr\u00e8s J.-C. Le Livre Deux est enti\u00e8rement consacr\u00e9 \u00e0 Beno\u00eet, montrant son cheminement spirituel personnel et le d\u00e9peignant comme un grand asc\u00e8te, un guide proph\u00e9tique des moines et fondateur de monast\u00e8res, comme auteur d&rsquo;une r\u00e8gle et thaumaturge. Le texte s&rsquo;inscrit dans une tradition d&rsquo;\u00e9crits hagiographiques et s&rsquo;int\u00e9resse davantage aux faits spirituels qu&rsquo;aux d\u00e9tails biographiques. Un accent particulier est mis sur les sc\u00e8nes qui font \u00e9cho \u00e0 celles des grandes figures bibliques, en particulier les proph\u00e8tes \u00c9lie et \u00c9lis\u00e9e.   <\/p>\n<p>L&rsquo;aper\u00e7u g\u00e9n\u00e9ral de la vie de Beno\u00eet donn\u00e9 par le Pape Gr\u00e9goire a \u00e9t\u00e9 enrichi par la suite de d\u00e9tails issus des traditions locales et d&rsquo;estimations \u00e9rudites des dates, qui sont devenues partie int\u00e9grante d&rsquo;une chronologie traditionnelle accept\u00e9e : Beno\u00eet et sa s\u0153ur jumelle Scholastique sont n\u00e9s dans une famille noble chr\u00e9tienne \u00e0 Nursie (aujourd&rsquo;hui Norcia), en 480 apr\u00e8s J.-C. Beno\u00eet partit \u00e0 Rome pour ses \u00e9tudes. Lass\u00e9 de la vie \u00e0 Rome, ayant trouv\u00e9 la vie de ses compagnons dissolue et immorale, et ses professeurs non chr\u00e9tiens et corrompus, il d\u00e9cida d&rsquo;abandonner ses \u00e9tudes \u00e0 Rome pour poursuivre une vie spirituelle. Il quitta la ville accompagn\u00e9 de sa fid\u00e8le nourrice Cirilla jusqu&rsquo;\u00e0 Enfide (aujourd&rsquo;hui Affile). Beno\u00eet v\u00e9cut en ermite, dans l&rsquo;isolement spirituel dans une grotte identifi\u00e9e plus tard comme le Sacro Speco \u00e0 Subiaco. Les moines d&rsquo;un monast\u00e8re voisin demand\u00e8rent \u00e0 Beno\u00eet, qui \u00e9tait alors un saint homme reconnu, de devenir leur nouvel abb\u00e9. Son insistance sur une discipline monastique rigoureuse le mit cependant en conflit avec la communaut\u00e9 qui tenta de l&#8217;empoisonner. Beno\u00eet \u00e9chappa miraculeusement au danger et retourna dans sa grotte. Plus tard, il \u00e9tablit 12 monast\u00e8res pr\u00e8s de Subiaco et r\u00e9sida dans le 13e en tant qu&rsquo;abb\u00e9. Vers l&rsquo;an 529, il quitta Subiaco avec ses disciples les plus d\u00e9vou\u00e9s pour le Mont-Cassin et fonda un monast\u00e8re dans l&rsquo;ancienne acropole pa\u00efenne sur la colline surplombant la ville. C&rsquo;est l\u00e0 qu&rsquo;il \u00e9crivit la tr\u00e8s influente <a href=\"http:\/\/osborg.anselmianum.com\/our-roots\/the-rule\/\">R\u00e8gle des Monast\u00e8res<\/a> et servit comme premier abb\u00e9 du nouveau monast\u00e8re jusqu&rsquo;\u00e0 sa mort un 21 mars, traditionnellement situ\u00e9 en 547. Il fut suivi peu apr\u00e8s par sa s\u0153ur Scholastique qui, fait inhabituel, fut enterr\u00e9e dans le m\u00eame tombeau.            <\/p>\n<p>Les Dialogues du Pape Gr\u00e9goire ont fait de Beno\u00eet l&rsquo;un des saints les plus populaires de la p\u00e9ninsule italienne. Des milliers de monast\u00e8res qui finirent par suivre sa R\u00e8gle propag\u00e8rent \u00e9galement la v\u00e9n\u00e9ration de ce saint. <\/p>\n<p>Selon une tradition bien attest\u00e9e, les reliques de saint Beno\u00eet furent transf\u00e9r\u00e9es au monast\u00e8re de Fleury (France) en 672. Ce transfert est c\u00e9l\u00e9br\u00e9 liturgiquement le 11 juillet. Le transfert des reliques est cependant contest\u00e9 au Mont-Cassin o\u00f9, apr\u00e8s le bombardement du monast\u00e8re pendant la Seconde Guerre mondiale, le tombeau commun de Beno\u00eet et de sa s\u0153ur fut d\u00e9couvert, confirmant apparemment le r\u00e9cit de leurs s\u00e9pultures par le Pape Gr\u00e9goire.  <\/p>\n<p>En 1947, le Pape Pie XII reconnut saint Beno\u00eet comme \u00ab P\u00e8re de l&rsquo;Europe \u00bb. En 1964, le Pape Paul VI le d\u00e9clara \u00ab Patron de l&rsquo;Europe \u00bb. Le Pape Jean-Paul II \u00e9largit le groupe des Patrons de l&rsquo;Europe, ajoutant Cyrille et M\u00e9thode en 1980, et Catherine de Sienne, Brigitte de Su\u00e8de et Edith Stein en 2000.  <\/p>\n<p>La f\u00eate de saint Beno\u00eet est maintenant g\u00e9n\u00e9ralement c\u00e9l\u00e9br\u00e9e le 11 juillet, mais les monast\u00e8res b\u00e9n\u00e9dictins maintiennent \u00e9galement une c\u00e9l\u00e9bration le 21 mars.<\/p>\n<\/div><\/div><\/div><\/div><\/div>\n","protected":false},"excerpt":{"rendered":"","protected":false},"author":1,"featured_media":0,"parent":13136,"menu_order":1,"comment_status":"closed","ping_status":"closed","template":"","meta":{"footnotes":""},"class_list":["post-13193","page","type-page","status-publish","hentry"],"_links":{"self":[{"href":"https:\/\/osb.org\/fr\/wp-json\/wp\/v2\/pages\/13193","targetHints":{"allow":["GET"]}}],"collection":[{"href":"https:\/\/osb.org\/fr\/wp-json\/wp\/v2\/pages"}],"about":[{"href":"https:\/\/osb.org\/fr\/wp-json\/wp\/v2\/types\/page"}],"author":[{"embeddable":true,"href":"https:\/\/osb.org\/fr\/wp-json\/wp\/v2\/users\/1"}],"replies":[{"embeddable":true,"href":"https:\/\/osb.org\/fr\/wp-json\/wp\/v2\/comments?post=13193"}],"version-history":[{"count":0,"href":"https:\/\/osb.org\/fr\/wp-json\/wp\/v2\/pages\/13193\/revisions"}],"up":[{"embeddable":true,"href":"https:\/\/osb.org\/fr\/wp-json\/wp\/v2\/pages\/13136"}],"wp:attachment":[{"href":"https:\/\/osb.org\/fr\/wp-json\/wp\/v2\/media?parent=13193"}],"curies":[{"name":"wp","href":"https:\/\/api.w.org\/{rel}","templated":true}]}}