{"id":13166,"date":"2018-05-16T14:41:25","date_gmt":"2018-05-16T12:41:25","guid":{"rendered":"https:\/\/osb.org\/devenir-moine-ou-moniale\/"},"modified":"2025-09-11T17:30:22","modified_gmt":"2025-09-11T15:30:22","slug":"devenir-moine-ou-moniale","status":"publish","type":"page","link":"https:\/\/osb.org\/fr\/devenir-moine-ou-moniale\/","title":{"rendered":"Devenir moine ou moniale"},"content":{"rendered":"<div class=\"fusion-fullwidth fullwidth-box fusion-builder-row-1 fusion-flex-container nonhundred-percent-fullwidth non-hundred-percent-height-scrolling\" style=\"--awb-border-radius-top-left:0px;--awb-border-radius-top-right:0px;--awb-border-radius-bottom-right:0px;--awb-border-radius-bottom-left:0px;--awb-flex-wrap:wrap;\" ><div class=\"fusion-builder-row fusion-row fusion-flex-align-items-flex-start fusion-flex-content-wrap\" style=\"max-width:calc( 1100px + 0px );margin-left: calc(-0px \/ 2 );margin-right: calc(-0px \/ 2 );\"><div class=\"fusion-layout-column fusion_builder_column fusion-builder-column-0 fusion_builder_column_1_1 1_1 fusion-flex-column\" style=\"--awb-bg-size:cover;--awb-width-large:100%;--awb-margin-top-large:0px;--awb-spacing-right-large:0px;--awb-margin-bottom-large:20px;--awb-spacing-left-large:0px;--awb-width-medium:100%;--awb-spacing-right-medium:0px;--awb-spacing-left-medium:0px;--awb-width-small:100%;--awb-spacing-right-small:0px;--awb-spacing-left-small:0px;\"><div class=\"fusion-column-wrapper fusion-flex-justify-content-flex-start fusion-content-layout-column\"><div class=\"fusion-text fusion-text-1\"><div id=\"lipsum\">\n<h3>Devenir moine ou nonne<\/h3>\n<p>Lorsque J\u00e9sus nous appelle \u00e0 le suivre, le chemin n&rsquo;est pas toujours imm\u00e9diatement clair. Chaque histoire de vocation est unique et souvent pleine de surprises. <\/p>\n<p>Comme nos monast\u00e8res sont autonomes, l&rsquo;appel \u00e0 la vie b\u00e9n\u00e9dictine est un appel \u00e0 vivre dans une communaut\u00e9 particuli\u00e8re et \u00e0 suivre ses coutumes. Pour cette raison, les demandes de vocation sont trait\u00e9es par les monast\u00e8res individuels, et non par une organisation centrale. Et le processus d&rsquo;entr\u00e9e au monast\u00e8re diff\u00e8re d&rsquo;une communaut\u00e9 \u00e0 l&rsquo;autre.  <\/p>\n<p>N\u00e9anmoins, les \u00e9tapes de notre vie avant l&rsquo;engagement d\u00e9finitif sont pour la plupart identiques :<\/p>\n<p><strong>Candidat<\/strong>. Une jeune femme ou un jeune homme visite le monast\u00e8re pendant une certaine p\u00e9riode et s&rsquo;entretient avec le directeur des vocations et\/ou le sup\u00e9rieur, qui aident la personne \u00e0 discerner son appel. <\/p>\n<p><strong>Postulat<\/strong>. Le candidat entre au monast\u00e8re et commence \u00e0 vivre comme membre de la communaut\u00e9, recevant l&rsquo;instruction du ma\u00eetre des novices. <\/p>\n<p><strong>Noviciat<\/strong>. Apr\u00e8s quelques mois comme postulant, l&rsquo;homme ou la femme re\u00e7oit l&rsquo;habit monastique et devient membre de notre Ordre, continuant \u00e0 recevoir conseils et instruction du ma\u00eetre des novices. Le noviciat dure un ou deux ans.  <\/p>\n<p><strong>V\u0153ux temporaires<\/strong>. Apr\u00e8s le noviciat, le novice peut \u00eatre admis aux v\u0153ux temporaires. Les ann\u00e9es de profession temporaire sont un temps d&rsquo;approfondissement de l&rsquo;\u00e9tude et d&rsquo;assimilation de la vie monastique selon l&rsquo;\u00c9vangile, et d&rsquo;int\u00e9gration plus profonde dans la communaut\u00e9.  <\/p>\n<p><strong>V\u0153ux perp\u00e9tuels<\/strong>. Apr\u00e8s au moins 3 ans, et au plus 9 ans de v\u0153ux temporaires, le jeune prof\u00e8s ou la jeune professe peut \u00eatre admis(e) aux v\u0153ux perp\u00e9tuels, qui sont prononc\u00e9s pour la vie. <\/p>\n<p>Lorsque c&rsquo;est possible, il est g\u00e9n\u00e9ralement pr\u00e9f\u00e9rable de chercher des monast\u00e8res dans son propre pays, ou lorsqu&rsquo;ils n&rsquo;existent pas, dans une culture similaire ou du moins dans une langue famili\u00e8re. Vous pouvez utiliser l&rsquo;<a href=\"http:\/\/www.osbatlas.com\/\">atlas.osb<\/a> pour vous aider \u00e0 trouver les monast\u00e8res les plus proches de chez vous. Vous pouvez ensuite visiter ou \u00e9crire directement aux monast\u00e8res.  <\/p>\n<p>Si vous sentez que Dieu pourrait vous appeler \u00e0 nous rejoindre dans notre mode de vie, nous vous encourageons \u00e0 explorer nos monast\u00e8res via ce site et les liens vers les sites des communaut\u00e9s individuelles en cliquant sur le lien vers l&rsquo;Atlas OSB ci-dessous.<\/p>\n<p>Que Dieu vous b\u00e9nisse !<\/p>\n<\/div>\n<\/div><div ><a class=\"fusion-button button-flat fusion-button-default-size button-custom fusion-button-default button-1 fusion-button-span-yes fusion-button-default-type\" style=\"--button_accent_color:#ffffff;--button_accent_hover_color:#ffffff;--button_border_hover_color:#ffffff;--button_gradient_top_color:#1495be;--button_gradient_bottom_color:#1495be;--button_gradient_top_color_hover:#72cee0;--button_gradient_bottom_color_hover:#72cee0;\" target=\"_self\" href=\"http:\/\/www.osbatlas.com\/default.asp?id=352\"><span class=\"fusion-button-text awb-button__text awb-button__text--default\">Monast\u00e8res dans le monde entier<\/span><\/a><\/div><\/div><\/div><\/div><\/div>\n","protected":false},"excerpt":{"rendered":"","protected":false},"author":7,"featured_media":0,"parent":0,"menu_order":4,"comment_status":"closed","ping_status":"closed","template":"","meta":{"footnotes":""},"class_list":["post-13166","page","type-page","status-publish","hentry"],"_links":{"self":[{"href":"https:\/\/osb.org\/fr\/wp-json\/wp\/v2\/pages\/13166","targetHints":{"allow":["GET"]}}],"collection":[{"href":"https:\/\/osb.org\/fr\/wp-json\/wp\/v2\/pages"}],"about":[{"href":"https:\/\/osb.org\/fr\/wp-json\/wp\/v2\/types\/page"}],"author":[{"embeddable":true,"href":"https:\/\/osb.org\/fr\/wp-json\/wp\/v2\/users\/7"}],"replies":[{"embeddable":true,"href":"https:\/\/osb.org\/fr\/wp-json\/wp\/v2\/comments?post=13166"}],"version-history":[{"count":0,"href":"https:\/\/osb.org\/fr\/wp-json\/wp\/v2\/pages\/13166\/revisions"}],"wp:attachment":[{"href":"https:\/\/osb.org\/fr\/wp-json\/wp\/v2\/media?parent=13166"}],"curies":[{"name":"wp","href":"https:\/\/api.w.org\/{rel}","templated":true}]}}