{"id":13114,"date":"2018-09-04T17:12:52","date_gmt":"2018-09-04T15:12:52","guid":{"rendered":"https:\/\/osb.org\/politique-de-confidentialite\/"},"modified":"2025-09-11T17:27:02","modified_gmt":"2025-09-11T15:27:02","slug":"politique-de-confidentialite","status":"publish","type":"page","link":"https:\/\/osb.org\/fr\/politique-de-confidentialite\/","title":{"rendered":"Politique de confidentialit\u00e9"},"content":{"rendered":"<div class=\"fusion-fullwidth fullwidth-box fusion-builder-row-1 fusion-flex-container has-pattern-background has-mask-background nonhundred-percent-fullwidth non-hundred-percent-height-scrolling\" style=\"--link_color: var(--awb-color6);--awb-border-radius-top-left:0px;--awb-border-radius-top-right:0px;--awb-border-radius-bottom-right:0px;--awb-border-radius-bottom-left:0px;--awb-flex-wrap:wrap;\" ><div class=\"fusion-builder-row fusion-row fusion-flex-align-items-flex-start fusion-flex-content-wrap\" style=\"max-width:1144px;margin-left: calc(-4% \/ 2 );margin-right: calc(-4% \/ 2 );\"><div class=\"fusion-layout-column fusion_builder_column fusion-builder-column-0 fusion_builder_column_1_1 1_1 fusion-flex-column\" style=\"--awb-bg-size:cover;--awb-width-large:100%;--awb-margin-top-large:0px;--awb-spacing-right-large:1.92%;--awb-margin-bottom-large:20px;--awb-spacing-left-large:1.92%;--awb-width-medium:100%;--awb-order-medium:0;--awb-spacing-right-medium:1.92%;--awb-spacing-left-medium:1.92%;--awb-width-small:100%;--awb-order-small:0;--awb-spacing-right-small:1.92%;--awb-spacing-left-small:1.92%;\"><div class=\"fusion-column-wrapper fusion-column-has-shadow fusion-flex-justify-content-flex-start fusion-content-layout-column\"><div class=\"accordian fusion-accordian\" style=\"--awb-border-size:1px;--awb-icon-size:13px;--awb-content-font-size:var(--awb-typography4-font-size);--awb-content-letter-spacing:var(--awb-typography4-letter-spacing);--awb-content-text-transform:var(--awb-typography4-text-transform);--awb-content-line-height:var(--awb-typography4-line-height);--awb-icon-alignment:left;--awb-hover-color:var(--awb-color1);--awb-border-color:var(--awb-color5);--awb-background-color:var(--awb-color1);--awb-divider-color:var(--awb-custom13);--awb-divider-hover-color:var(--awb-color5);--awb-icon-color:var(--awb-color1);--awb-title-color:var(--awb-custom12);--awb-content-color:var(--awb-custom14);--awb-icon-box-color:var(--awb-color5);--awb-toggle-hover-accent-color:var(--awb-color5);--awb-toggle-active-accent-color:var(--awb-custom12);--awb-title-font-family:var(--awb-typography3-font-family);--awb-title-font-weight:var(--awb-typography3-font-weight);--awb-title-font-style:var(--awb-typography3-font-style);--awb-title-font-size:var(--awb-typography3-font-size);--awb-title-letter-spacing:var(--awb-typography3-letter-spacing);--awb-title-line-height:var(--awb-typography3-line-height);--awb-title-text-transform:var(--awb-typography3-text-transform);--awb-content-font-family:var(--awb-typography4-font-family);--awb-content-font-weight:var(--awb-typography4-font-weight);--awb-content-font-style:var(--awb-typography4-font-style);\"><div class=\"panel-group fusion-toggle-icon-boxed\" id=\"accordion-13114-1\"><div class=\"fusion-panel panel-default panel-c3afff5d527edf5be fusion-toggle-no-divider fusion-toggle-boxed-mode\" style=\"--awb-content-font-size:var(--awb-typography4-font-size);--awb-content-letter-spacing:var(--awb-typography4-letter-spacing);--awb-content-text-transform:var(--awb-typography4-text-transform);--awb-content-line-height:var(--awb-typography4-line-height);--awb-content-font-family:var(--awb-typography4-font-family);--awb-content-font-weight:var(--awb-typography4-font-weight);--awb-content-font-style:var(--awb-typography4-font-style);--awb-title-font-family:var(--awb-typography3-font-family);--awb-title-font-weight:var(--awb-typography3-font-weight);--awb-title-font-style:var(--awb-typography3-font-style);--awb-title-font-size:var(--awb-typography3-font-size);--awb-title-letter-spacing:var(--awb-typography3-letter-spacing);--awb-title-line-height:var(--awb-typography3-line-height);--awb-title-text-transform:var(--awb-typography3-text-transform);--awb-title-color:var(--awb-custom12);--awb-content-color:var(--awb-custom14);\"><div class=\"panel-heading\"><h4 class=\"panel-title toggle\" id=\"toggle_c3afff5d527edf5be\"><a aria-expanded=\"false\" aria-controls=\"c3afff5d527edf5be\" role=\"button\" data-toggle=\"collapse\" data-target=\"#c3afff5d527edf5be\" href=\"#c3afff5d527edf5be\"><span class=\"fusion-toggle-icon-wrapper\" aria-hidden=\"true\"><i class=\"fa-fusion-box active-icon awb-icon-minus\" aria-hidden=\"true\"><\/i><i class=\"fa-fusion-box inactive-icon awb-icon-plus\" aria-hidden=\"true\"><\/i><\/span><span class=\"fusion-toggle-heading\">Politique de confidentialit\u00e9 : loi sur les cookies<\/span><\/a><\/h4><\/div><div id=\"c3afff5d527edf5be\" class=\"panel-collapse collapse \" aria-labelledby=\"toggle_c3afff5d527edf5be\"><div class=\"panel-body toggle-content fusion-clearfix\">\n<h3>Informations de contact<\/h3>\n<p>OSB DOT ORG<br \/>Conf\u00e9d\u00e9ration B\u00e9n\u00e9dictine<br \/>Piazza dei Cavalieri di Malta 5<br \/>00153 Roma<br \/>Italie<\/p>\n<p>osborg@anselmianum.com<\/p>\n<h1>Loi sur les cookies sur OSB DOT ORG<\/h1>\n<p>La d\u00e9cision de l&rsquo;Autorit\u00e9 italienne de protection des donn\u00e9es<\/p>\n<p>L&rsquo;Autorit\u00e9 italienne de protection des donn\u00e9es personnelles (\u00ab Garante per la protezione dei dati personali \u00bb) a publi\u00e9 la d\u00e9cision \u00ab Dispositions simplifi\u00e9es pour l&rsquo;information et l&rsquo;obtention du consentement concernant les cookies \u00bb (d\u00e9cision n\u00b0 229 du 8 mai 2014) publi\u00e9e le 3 juin 2014 au Journal officiel italien. Voir : <\/p>\n<p><a href=\"http:\/\/www.garanteprivacy.it\/web\/guest\/home\/docweb\/-\/docweb-display\/docweb\/3167654.\">http:\/\/www.garanteprivacy.it\/web\/guest\/home\/docweb\/-\/docweb-display\/docweb\/3167654.<\/a><\/p>\n<h2>Cookies<\/h2>\n<p>Les pages d&rsquo;un site web peuvent contenir du texte, des images et d&rsquo;autres informations multim\u00e9dia, mais peuvent \u00e9galement contenir des \u00ab instructions \u00bb qui sont automatiquement ex\u00e9cut\u00e9es par le navigateur de l&rsquo;utilisateur. La page web peut \u00e9galement contenir des instructions pour stocker des informations sur l&rsquo;appareil de l&rsquo;utilisateur (cookies). <\/p>\n<p>Les cookies se distinguent par leur utilisation pr\u00e9vue :<\/p>\n<p>Cookies techniques : ils visent uniquement \u00e0 am\u00e9liorer l&rsquo;exp\u00e9rience de navigation ou \u00e0 fournir un service sp\u00e9cifiquement demand\u00e9 ;<br \/>Cookies de profilage : ils ont pour objectif de recueillir des informations sur l&rsquo;utilisateur qui peuvent \u00eatre exploit\u00e9es \u00e0 d&rsquo;autres fins non demand\u00e9es par l&rsquo;utilisateur, par exemple pour diffuser des messages publicitaires plus pertinents pour l&rsquo;utilisateur.<\/p>\n<h3>Cookies sur OSB DOT ORG<\/h3>\n<p>La d\u00e9cision de l&rsquo;Autorit\u00e9 de protection (s&rsquo;y r\u00e9f\u00e9rer pour une meilleure d\u00e9finition des termes) \u00e9tablit, pour la protection des utilisateurs, que chaque site doit d\u00e9clarer quel type (objectif) de cookie il utilise.<\/p>\n<p>\u00c0 cet \u00e9gard, nous vous informons que, en g\u00e9n\u00e9ral, lors de l&rsquo;acc\u00e8s aux pages web ou aux services fournis via le web par OSB DOT ORG, \u00e0 savoir les pages avec l&rsquo;URL &#8230;osb.org\/&#8230;, sauf indication contraire et explicite, seuls des cookies techniques sont utilis\u00e9s. En g\u00e9n\u00e9ral, OSB DOT ORG ne produit pas et ne publie pas de pages web utilisant des cookies de profilage. <\/p>\n<p>Toute exception possible \u00e0 cette politique est clairement indiqu\u00e9e sur chaque page\/service concern\u00e9 par l&rsquo;exception.<\/p>\n<h3>Cookies tiers<\/h3>\n<p>Certaines pages web d&rsquo;OSB DOT ORG int\u00e8grent des services tiers. Pour ces pages, la politique suivie concernant les cookies est celle des fournisseurs externes de ces services. <\/p>\n<p>Quelques cas o\u00f9 des services tiers sont utilis\u00e9s :<\/p>\n<ul>\n<li>utilisation de services permettant l&rsquo;interaction avec les r\u00e9seaux sociaux (par exemple les \u00ab plugins sociaux \u00bb) ou d&rsquo;autres plateformes externes (par exemple : visualisation de vid\u00e9os YouTube, Google Maps) ;<\/li>\n<li>sur le moteur de recherche OSB DOT ORG, le service d&rsquo;indexation de Google est utilis\u00e9 ;<\/li>\n<li>dans certains questionnaires, les services de g\u00e9n\u00e9ration Google peuvent \u00eatre utilis\u00e9s ;<\/li>\n<li>dans le cas de r\u00e9f\u00e9rence aux services de partage sur la page web.<\/li>\n<\/ul>\n<p>Dans tous ces cas, la politique suivie pour les cookies est d\u00e9finie et fait \u00e9voluer par chaque fournisseur externe \u00e0 OSB DOT ORG.<\/p>\n<p>Les politiques tierces adopt\u00e9es pour la confidentialit\u00e9 \/ l&rsquo;utilisation des cookies peuvent \u00eatre consult\u00e9es aux URL suivantes :<\/p>\n<p>Google\/youtube : <a href=\"http:\/\/www.google.it\/intl\/en\/policies\/technologies\/cookies\/\" target=\"_blank\" rel=\"noopener\">cookie<\/a> \u2013 <a href=\"http:\/\/www.google.co.uk\/intl\/en\/policies\/privacy\/\" target=\"_blank\" rel=\"noopener\">confidentialit\u00e9<\/a> ;  <br \/>Google web fonts : <a href=\"https:\/\/www.google.com\/policies\/privacy\/\" target=\"_blank\" rel=\"noopener\">confidentialit\u00e9<\/a> \u2013 <a href=\"https:\/\/developers.google.com\/fonts\/faq\" target=\"_blank\" rel=\"noopener\">FAQ<\/a> ;  <br \/>Adobe web fonts : <a href=\"https:\/\/www.adobe.com\/privacy\/policies\/adobe-fonts.html#:~:text=To%20provide%20the%20Adobe%20Fonts,of%20documents%20using%20the%20fonts.\" target=\"_blank\" rel=\"noopener\">confidentialit\u00e9<\/a> ; <br \/>Vimeo : <a href=\"https:\/\/vimeo.com\/privacy\" target=\"_blank\" rel=\"noopener\">confidentialit\u00e9<\/a> ; <br \/>Facebook : <a href=\"https:\/\/www.facebook.com\/policies\/cookies\/\" target=\"_blank\" rel=\"noopener\">cookie<\/a> \u2013 <a href=\"https:\/\/www.facebook.com\/privacy\/explanation\" target=\"_blank\" rel=\"noopener\">confidentialit\u00e9<\/a> ;  <br \/>X : <a href=\"https:\/\/support.twitter.com\/articles\/20170519#\" target=\"_blank\" rel=\"noopener\">cookie<\/a> \u2013 <a href=\"https:\/\/twitter.com\/privacy?lang=it\" target=\"_blank\" rel=\"noopener\">confidentialit\u00e9<\/a> ;  <br \/>Soundcloud : <a href=\"https:\/\/soundcloud.com\/pages\/privacy\" target=\"_blank\" rel=\"noopener\">confidentialit\u00e9<\/a> ; <br \/>Flickr : <a href=\"https:\/\/www.flickr.com\/help\/cookies\">Cookie<\/a> \u2013 <a href=\"https:\/\/www.flickr.com\/help\/privacy\" target=\"_blank\" rel=\"noopener\">Confidentialit\u00e9<\/a> ;<br \/>Les pages web &#8230;osb.org\/&#8230; du site utilisent \u00e9galement le service <a href=\"https:\/\/support.google.com\/analytics\/answer\/6004245\" target=\"_blank\" rel=\"noopener\">Google Analytics<\/a> \u00e0 des fins statistiques o\u00f9 seules des donn\u00e9es agr\u00e9g\u00e9es (non personnelles) sont utilis\u00e9es.<\/p>\n<p>Avada est le th\u00e8me WordPress utilis\u00e9 par OSB DOT ORG. Lorsque l&rsquo;option \u00ab Consentement \u00e0 la confidentialit\u00e9 \u00bb est utilis\u00e9e, Avada cr\u00e9era un cookie nomm\u00e9 \u00ab privacy_embeds \u00bb sur les clients des utilisateurs naviguant sur votre site pour g\u00e9rer et stocker le consentement de l&rsquo;utilisateur pour charger les diff\u00e9rents scripts de suivi et int\u00e9grations tiers. <\/p>\n<h3>Comment limiter l&rsquo;utilisation des cookies<\/h3>\n<p>Vous pouvez refuser ou limiter l&rsquo;utilisation des cookies en modifiant les options de confidentialit\u00e9 ou de s\u00e9curit\u00e9 de votre navigateur. En particulier : <\/p>\n<ul>\n<li>Vous pouvez conna\u00eetre les cookies actuellement stock\u00e9s par votre navigateur<\/li>\n<li>Vous pouvez supprimer tous les cookies ou s\u00e9lectivement uniquement ceux non d\u00e9sir\u00e9s<\/li>\n<li>Vous pouvez refuser l&rsquo;utilisation de tous les cookies (avec ce choix, il n&rsquo;y a aucune garantie de disponibilit\u00e9 compl\u00e8te de tous les services sur ce site web)<\/li>\n<li>Vous pouvez refuser l&rsquo;utilisation des cookies tiers autres que le site que vous visitez<\/li>\n<li>Vous pouvez autoriser l&rsquo;utilisation de cookies pour certains sites.<\/li>\n<\/ul>\n<h3>Contenu int\u00e9gr\u00e9 d&rsquo;autres sites web : informations compl\u00e9mentaires<\/h3>\n<p>Les articles de ce site peuvent inclure du contenu int\u00e9gr\u00e9 (par exemple des vid\u00e9os, des images, des articles, etc.). Le contenu int\u00e9gr\u00e9 provenant d&rsquo;autres sites web se comporte exactement de la m\u00eame mani\u00e8re que si le visiteur avait visit\u00e9 l&rsquo;autre site web. <\/p>\n<p>Ces sites web peuvent collecter des donn\u00e9es vous concernant, utiliser des cookies, int\u00e9grer un suivi tiers suppl\u00e9mentaire et surveiller votre interaction avec ce contenu int\u00e9gr\u00e9, y compris le suivi de votre interaction avec le contenu int\u00e9gr\u00e9 si vous avez un compte et \u00eates connect\u00e9 \u00e0 ce site web.<\/p>\n<p>Ci-dessous un \u00e9chantillon du contenu et des applications tiers que nous utilisons, avec des explications sur les donn\u00e9es qu&rsquo;ils collectent et comment vous pouvez emp\u00eacher cette collecte de donn\u00e9es. Ce n&rsquo;est PAS un \u00e9chantillon exhaustif. <\/p>\n<h3>WPML<\/h3>\n<p>WPML utilise des cookies pour identifier la langue actuelle du visiteur, la derni\u00e8re langue visit\u00e9e et la langue des utilisateurs qui se sont connect\u00e9s. Aucune donn\u00e9e de l&rsquo;utilisateur lui-m\u00eame ne sera partag\u00e9e. <\/p>\n<h3>YouTube<\/h3>\n<p>Notre site web utilise des plugins de YouTube, qui est exploit\u00e9 par Google. L&rsquo;op\u00e9rateur des pages est YouTube LLC, 901 Cherry Ave., San Bruno, CA 94066, USA. <\/p>\n<p>Si vous visitez l&rsquo;une de nos pages comportant un plugin YouTube, une connexion aux serveurs YouTube est \u00e9tablie. Le serveur YouTube est alors inform\u00e9 des pages que vous avez visit\u00e9es. <\/p>\n<p>Si vous \u00eates connect\u00e9 \u00e0 votre compte YouTube, YouTube vous permet d&rsquo;associer directement votre comportement de navigation \u00e0 votre profil personnel. Vous pouvez emp\u00eacher cela en vous d\u00e9connectant de votre compte YouTube. <\/p>\n<p>YouTube est utilis\u00e9 pour rendre notre site web attrayant. Cela constitue un int\u00e9r\u00eat l\u00e9gitime conform\u00e9ment \u00e0 l&rsquo;Art. 6 (1) (f) RGPD. <\/p>\n<p>Pour plus d&rsquo;informations sur le traitement des donn\u00e9es utilisateur, consultez la d\u00e9claration de protection des donn\u00e9es de YouTube sur <a href=\"https:\/\/www.google.de\/intl\/de\/policies\/privacy\" target=\"_blank\" rel=\"noopener\">https:\/\/www.google.de\/intl\/de\/policies\/privacy<\/a>.<\/p>\n<h3>Vimeo<\/h3>\n<p>Notre site web utilise des fonctionnalit\u00e9s fournies par le portail vid\u00e9o Vimeo. Ce service est fourni par Vimeo Inc., 555 West 18th Street, New York, New York 10011, USA. <\/p>\n<p>Si vous visitez l&rsquo;une de nos pages comportant un plugin Vimeo, une connexion aux serveurs Vimeo est \u00e9tablie. Le serveur Vimeo est alors inform\u00e9 des pages que vous avez visit\u00e9es. De plus, Vimeo recevra votre adresse IP. Cela s&rsquo;applique m\u00eame si vous n&rsquo;\u00eates pas connect\u00e9 \u00e0 Vimeo lorsque vous visitez notre plugin ou n&rsquo;avez pas de compte Vimeo. Les informations sont transmises \u00e0 un serveur Vimeo aux \u00c9tats-Unis, o\u00f9 elles sont stock\u00e9es.    <\/p>\n<p>Si vous \u00eates connect\u00e9 \u00e0 votre compte Vimeo, Vimeo vous permet d&rsquo;associer directement votre comportement de navigation \u00e0 votre profil personnel. Vous pouvez emp\u00eacher cela en vous d\u00e9connectant de votre compte Vimeo. <\/p>\n<p>Pour plus d&rsquo;informations sur le traitement des donn\u00e9es utilisateur, veuillez consulter la politique de confidentialit\u00e9 de Vimeo sur <a href=\"https:\/\/vimeo.com\/privacy\" target=\"_blank\" rel=\"noopener\">https:\/\/vimeo.com\/privacy<\/a>.<\/p>\n<h3>Google web fonts<\/h3>\n<p>Pour une repr\u00e9sentation uniforme des polices, cette page utilise des polices web fournies par Google. Lorsque vous ouvrez une page, votre navigateur charge les polices web requises dans son cache pour afficher correctement les textes et les polices. <\/p>\n<p>Pour cela, votre navigateur doit \u00e9tablir une connexion directe avec les serveurs Google. Google prend ainsi connaissance que notre page web a \u00e9t\u00e9 consult\u00e9e via votre adresse IP. L&rsquo;utilisation de Google Web fonts est effectu\u00e9e dans l&rsquo;int\u00e9r\u00eat d&rsquo;une pr\u00e9sentation uniforme et attrayante de notre plugin. Cela constitue un int\u00e9r\u00eat l\u00e9gitime conform\u00e9ment \u00e0 l&rsquo;Art. 6 (1) (f) RGPD.   <\/p>\n<p>Si votre navigateur ne prend pas en charge les polices web, une police standard est utilis\u00e9e par votre ordinateur.<\/p>\n<p>Pour plus d&rsquo;informations sur le traitement des donn\u00e9es utilisateur, consultez <a href=\"https:\/\/developers.google.com\/fonts\/faq\" target=\"_blank\" rel=\"noopener\">https:\/\/developers.google.com\/fonts\/faq<\/a> et la politique de confidentialit\u00e9 de Google sur <a href=\"https:\/\/www.google.com\/policies\/privacy\/\" target=\"_blank\" rel=\"noopener\">https:\/\/www.google.com\/policies\/privacy\/<\/a>.<\/p>\n<h3>Adobe web fonts<\/h3>\n<p>Selon le site web d&rsquo;Adobe, \u00ab Dans la fourniture du service Adobe Fonts pour les sites web, nous ne d\u00e9finissons ni n&rsquo;utilisons de cookies pour servir nos polices. \u00bb Pour plus d&rsquo;informations, veuillez consulter la page web Adobe correspondante. <\/p>\n<h3>SoundCloud<\/h3>\n<p>Sur nos pages, des plugins du r\u00e9seau social SoundCloud (SoundCloud Limited, Berners House, 47-48 Berners Street, Londres W1T 3NF, Royaume-Uni) peuvent \u00eatre int\u00e9gr\u00e9s. Les plugins SoundCloud peuvent \u00eatre reconnus par le logo SoundCloud sur notre site. <\/p>\n<p>Lorsque vous visitez notre site, une connexion directe est \u00e9tablie entre votre navigateur et le serveur SoundCloud via le plugin. Cela permet \u00e0 SoundCloud de recevoir des informations indiquant que vous avez visit\u00e9 notre site \u00e0 partir de votre adresse IP. Si vous cliquez sur les boutons \u00ab J&rsquo;aime \u00bb ou \u00ab Partager \u00bb alors que vous \u00eates connect\u00e9 \u00e0 votre compte SoundCloud, vous pouvez lier le contenu de nos pages \u00e0 votre profil SoundCloud. Cela signifie que SoundCloud peut associer les visites de nos pages \u00e0 votre compte utilisateur. Nous tenons \u00e0 souligner qu&rsquo;en tant que fournisseur de ces pages, nous n&rsquo;avons aucune connaissance du contenu des donn\u00e9es transmises ni de la fa\u00e7on dont elles seront utilis\u00e9es par SoundCloud. Pour plus d&rsquo;informations sur la politique de confidentialit\u00e9 de SoundCloud, veuillez consulter <a href=\"https:\/\/soundcloud.com\/pages\/privacy\" target=\"_blank\" rel=\"noopener\">https:\/\/soundcloud.com\/pages\/privacy<\/a>.     <\/p>\n<p>Si vous ne souhaitez pas que SoundCloud associe votre visite sur notre site \u00e0 votre compte SoundCloud, veuillez vous d\u00e9connecter de votre compte SoundCloud.<\/p>\n<h3>Plugin de journal d&rsquo;activit\u00e9<\/h3>\n<p>Si vous \u00eates un utilisateur enregistr\u00e9, nous sauvegardons votre activit\u00e9 de contenu comme la cr\u00e9ation\/mise \u00e0 jour\/suppression de publications et commentaires.<\/p>\n<\/div><\/div><\/div><div class=\"fusion-panel panel-default panel-70c6e991a13b9ec7d fusion-toggle-no-divider fusion-toggle-boxed-mode\" style=\"--awb-content-font-size:var(--awb-typography4-font-size);--awb-content-letter-spacing:var(--awb-typography4-letter-spacing);--awb-content-text-transform:var(--awb-typography4-text-transform);--awb-content-line-height:var(--awb-typography4-line-height);--awb-content-font-family:var(--awb-typography4-font-family);--awb-content-font-weight:var(--awb-typography4-font-weight);--awb-content-font-style:var(--awb-typography4-font-style);--awb-title-font-family:var(--awb-typography3-font-family);--awb-title-font-weight:var(--awb-typography3-font-weight);--awb-title-font-style:var(--awb-typography3-font-style);--awb-title-font-size:var(--awb-typography3-font-size);--awb-title-letter-spacing:var(--awb-typography3-letter-spacing);--awb-title-line-height:var(--awb-typography3-line-height);--awb-title-text-transform:var(--awb-typography3-text-transform);--awb-title-color:var(--awb-custom12);--awb-content-color:var(--awb-custom14);\"><div class=\"panel-heading\"><h4 class=\"panel-title toggle\" id=\"toggle_70c6e991a13b9ec7d\"><a aria-expanded=\"false\" aria-controls=\"70c6e991a13b9ec7d\" role=\"button\" data-toggle=\"collapse\" data-target=\"#70c6e991a13b9ec7d\" href=\"#70c6e991a13b9ec7d\"><span class=\"fusion-toggle-icon-wrapper\" aria-hidden=\"true\"><i class=\"fa-fusion-box active-icon awb-icon-minus\" aria-hidden=\"true\"><\/i><i class=\"fa-fusion-box inactive-icon awb-icon-plus\" aria-hidden=\"true\"><\/i><\/span><span class=\"fusion-toggle-heading\">Politique de confidentialit\u00e9 : Collecte et utilisation des donn\u00e9es<\/span><\/a><\/h4><\/div><div id=\"70c6e991a13b9ec7d\" class=\"panel-collapse collapse \" aria-labelledby=\"toggle_70c6e991a13b9ec7d\"><div class=\"panel-body toggle-content fusion-clearfix\">En construction<\/div><\/div><\/div><\/div><\/div><\/div><\/div><\/div><\/div>\n","protected":false},"excerpt":{"rendered":"","protected":false},"author":1,"featured_media":0,"parent":0,"menu_order":0,"comment_status":"closed","ping_status":"closed","template":"","meta":{"footnotes":""},"class_list":["post-13114","page","type-page","status-publish","hentry"],"_links":{"self":[{"href":"https:\/\/osb.org\/fr\/wp-json\/wp\/v2\/pages\/13114","targetHints":{"allow":["GET"]}}],"collection":[{"href":"https:\/\/osb.org\/fr\/wp-json\/wp\/v2\/pages"}],"about":[{"href":"https:\/\/osb.org\/fr\/wp-json\/wp\/v2\/types\/page"}],"author":[{"embeddable":true,"href":"https:\/\/osb.org\/fr\/wp-json\/wp\/v2\/users\/1"}],"replies":[{"embeddable":true,"href":"https:\/\/osb.org\/fr\/wp-json\/wp\/v2\/comments?post=13114"}],"version-history":[{"count":0,"href":"https:\/\/osb.org\/fr\/wp-json\/wp\/v2\/pages\/13114\/revisions"}],"wp:attachment":[{"href":"https:\/\/osb.org\/fr\/wp-json\/wp\/v2\/media?parent=13114"}],"curies":[{"name":"wp","href":"https:\/\/api.w.org\/{rel}","templated":true}]}}