{"id":13110,"date":"2018-08-08T16:15:10","date_gmt":"2018-08-08T14:15:10","guid":{"rendered":"https:\/\/osb.org\/communio-internationalis-benedictinarum\/"},"modified":"2025-09-11T17:31:04","modified_gmt":"2025-09-11T15:31:04","slug":"communio-internationalis-benedictinarum","status":"publish","type":"page","link":"https:\/\/osb.org\/fr\/lordre-benedictin\/communio-internationalis-benedictinarum\/","title":{"rendered":"Communio Internationalis Benedictinarum"},"content":{"rendered":"<div class=\"fusion-fullwidth fullwidth-box fusion-builder-row-1 fusion-flex-container nonhundred-percent-fullwidth non-hundred-percent-height-scrolling\" style=\"--awb-border-radius-top-left:0px;--awb-border-radius-top-right:0px;--awb-border-radius-bottom-right:0px;--awb-border-radius-bottom-left:0px;--awb-flex-wrap:wrap;\" ><div class=\"fusion-builder-row fusion-row fusion-flex-align-items-flex-start fusion-flex-content-wrap\" style=\"max-width:calc( 1100px + 0px );margin-left: calc(-0px \/ 2 );margin-right: calc(-0px \/ 2 );\"><div class=\"fusion-layout-column fusion_builder_column fusion-builder-column-0 fusion_builder_column_1_1 1_1 fusion-flex-column\" style=\"--awb-bg-size:cover;--awb-width-large:100%;--awb-margin-top-large:0px;--awb-spacing-right-large:0px;--awb-margin-bottom-large:20px;--awb-spacing-left-large:0px;--awb-width-medium:100%;--awb-spacing-right-medium:0px;--awb-spacing-left-medium:0px;--awb-width-small:100%;--awb-spacing-right-small:0px;--awb-spacing-left-small:0px;\"><div class=\"fusion-column-wrapper fusion-flex-justify-content-flex-start fusion-content-layout-column\"><div class=\"fusion-text fusion-text-1\"><h3><span style=\"font-weight: 400;\">Communio Internationalis Benedictinarum<\/span><\/h3>\n<p><span style=\"font-weight: 400;\">La Communion Internationale des B\u00e9n\u00e9dictines r\u00e9unit dans un lien fraternel toutes les communaut\u00e9s f\u00e9minines consoci\u00e9es \u00e0 la Conf\u00e9d\u00e9ration B\u00e9n\u00e9dictine.<\/span><\/p>\n<p><span style=\"font-weight: 400;\">Lors du dernier recensement en 2014, ces communaut\u00e9s comptaient 13 725 membres.<\/span><\/p>\n<p><span style=\"font-weight: 400;\">La CIB maintient son propre site web \u00e0 <a href=\"http:\/\/www.benedictines-cib.org\">www.benedictines-cib.org<\/a>.<\/span><\/p>\n<\/div><\/div><\/div><\/div><\/div>\n","protected":false},"excerpt":{"rendered":"","protected":false},"author":1,"featured_media":0,"parent":13172,"menu_order":3,"comment_status":"closed","ping_status":"closed","template":"","meta":{"footnotes":""},"class_list":["post-13110","page","type-page","status-publish","hentry"],"_links":{"self":[{"href":"https:\/\/osb.org\/fr\/wp-json\/wp\/v2\/pages\/13110","targetHints":{"allow":["GET"]}}],"collection":[{"href":"https:\/\/osb.org\/fr\/wp-json\/wp\/v2\/pages"}],"about":[{"href":"https:\/\/osb.org\/fr\/wp-json\/wp\/v2\/types\/page"}],"author":[{"embeddable":true,"href":"https:\/\/osb.org\/fr\/wp-json\/wp\/v2\/users\/1"}],"replies":[{"embeddable":true,"href":"https:\/\/osb.org\/fr\/wp-json\/wp\/v2\/comments?post=13110"}],"version-history":[{"count":0,"href":"https:\/\/osb.org\/fr\/wp-json\/wp\/v2\/pages\/13110\/revisions"}],"up":[{"embeddable":true,"href":"https:\/\/osb.org\/fr\/wp-json\/wp\/v2\/pages\/13172"}],"wp:attachment":[{"href":"https:\/\/osb.org\/fr\/wp-json\/wp\/v2\/media?parent=13110"}],"curies":[{"name":"wp","href":"https:\/\/api.w.org\/{rel}","templated":true}]}}