{"id":13092,"date":"2025-01-13T10:03:42","date_gmt":"2025-01-13T09:03:42","guid":{"rendered":"https:\/\/osb.org\/inscrivez-vous-au-bulletin-nexus\/"},"modified":"2026-02-11T17:18:45","modified_gmt":"2026-02-11T16:18:45","slug":"inscrivez-vous-au-bulletin-nexus","status":"publish","type":"page","link":"https:\/\/osb.org\/fr\/accueil\/inscrivez-vous-au-bulletin-nexus\/","title":{"rendered":"Inscrivez-vous au bulletin NEXUS"},"content":{"rendered":"<div class=\"fusion-fullwidth fullwidth-box fusion-builder-row-1 fusion-flex-container nonhundred-percent-fullwidth non-hundred-percent-height-scrolling\" style=\"--awb-background-position:left center;--awb-border-sizes-top:1px;--awb-border-sizes-bottom:1px;--awb-border-sizes-left:1px;--awb-border-sizes-right:1px;--awb-border-color:var(--awb-color5);--awb-border-radius-top-left:0px;--awb-border-radius-top-right:0px;--awb-border-radius-bottom-right:0px;--awb-border-radius-bottom-left:0px;--awb-padding-top:3%;--awb-padding-right:30%;--awb-padding-bottom:3%;--awb-padding-left:10%;--awb-padding-right-medium:10%;--awb-padding-top-small:30px;--awb-padding-right-small:30px;--awb-padding-bottom-small:30px;--awb-padding-left-small:30px;--awb-background-color:var(--awb-color3);--awb-flex-wrap:wrap;\" ><div class=\"fusion-builder-row fusion-row fusion-flex-align-items-flex-start fusion-flex-content-wrap\" style=\"max-width:1144px;margin-left: calc(-4% \/ 2 );margin-right: calc(-4% \/ 2 );\"><div class=\"fusion-layout-column fusion_builder_column fusion-builder-column-0 fusion_builder_column_1_1 1_1 fusion-flex-column\" style=\"--awb-bg-blend:overlay;--awb-bg-size:cover;--awb-width-large:100%;--awb-margin-top-large:0px;--awb-spacing-right-large:1.92%;--awb-margin-bottom-large:0px;--awb-spacing-left-large:1.92%;--awb-width-medium:100%;--awb-order-medium:0;--awb-spacing-right-medium:1.92%;--awb-spacing-left-medium:1.92%;--awb-width-small:100%;--awb-order-small:0;--awb-spacing-right-small:1.92%;--awb-spacing-left-small:1.92%;\" data-scroll-devices=\"small-visibility,medium-visibility,large-visibility\"><div class=\"fusion-column-wrapper fusion-column-has-shadow fusion-flex-justify-content-flex-start fusion-content-layout-column\"><div class=\"fusion-title title fusion-title-1 sep-underline sep-solid fusion-title-text fusion-title-size-one\" style=\"--awb-text-color:var(--awb-custom12);--awb-margin-top-small:0px;--awb-margin-right-small:0px;--awb-margin-bottom-small:20px;--awb-margin-left-small:0px;--awb-sep-color:var(--awb-color5);--awb-font-size:var(--awb-typography1-font-size);\"><h1 class=\"fusion-title-heading title-heading-left fusion-responsive-typography-calculated\" style=\"font-family:var(--awb-typography1-font-family);font-weight:var(--awb-typography1-font-weight);font-style:var(--awb-typography1-font-style);margin:0;letter-spacing:var(--awb-typography1-letter-spacing);text-transform:var(--awb-typography1-text-transform);font-size:1em;--fontSize:34;line-height:var(--awb-typography1-line-height);\">Abonnez-vous et restez connect\u00e9<\/h1><\/div><div id=\"mc_embed_shell\">\n    <style type=\"text\/css\">\n        \/* Button Styles *\/\n        #mc-embedded-subscribe {\n            background-color: #505A43 !important;\n            color: #FFFFFF !important;\n            font-size: 18px;\n            padding: 15px 40px;\n            height: auto;\n            width: 100%;\n            font-weight: bold;\n            border: none;\n            border-radius: 4px;\n            cursor: pointer;\n            transition: background-color 0.3s ease;\n            text-transform: uppercase;\n            margin-top: 20px !important;\n        }\n\n        #mc-embedded-subscribe:hover {\n            background-color: #CA9C46 !important;\n            color: #FFFFFF !important;\n        }\n\n        \/* Row Spacing for Text Fields *\/\n        .mc-field-group {\n            padding-top: 3px !important;\n            padding-bottom: 12px;\n            clear: both;\n            display: block;\n            width: 100%;\n        }\n\n        .mc-field-group.input-group {\n            padding-top: 6px !important;\n            margin-top: 6px !important;\n            display: block;\n            clear: both;\n        }\n\n        \/* Radio Button Alignment and Spacing *\/\n        .mc-field-group.input-group ul {\n            list-style: none !important;\n            padding: 0 !important;\n            margin: 10px 0 0 0 !important;\n        }\n        \n        .mc-field-group.input-group li {\n            margin-bottom: 8px;\n            display: flex;\n            align-items: baseline;\n        }\n\n        .mc-field-group.input-group input[type=\"radio\"] {\n            margin-right: 0.8em !important;\n            position: relative;\n            top: -1px;\n            cursor: pointer;\n            -webkit-appearance: radio;\n        }\n\n        .mc-field-group.input-group label {\n            display: inline !important;\n            cursor: pointer;\n            margin: 0 !important;\n        }\n\n        #mc_embed_signup input[type=\"email\"],\n        #mc_embed_signup input[type=\"text\"] {\n            width: 100%;\n            padding: 10px;\n            margin-top: 5px;\n            box-sizing: border-box;\n            border: 1px solid #ccc;\n            border-radius: 4px;\n        }\n    <\/style>\n\n    <div id=\"mc_embed_signup\">\n        <form action=\"https:\/\/osb.us3.list-manage.com\/subscribe\/post?u=b1aadd447f016d3b3786ace9e&id=31b55cdbfa&f_id=00232be2f0\" method=\"post\" id=\"mc-embedded-subscribe-form\" name=\"mc-embedded-subscribe-form\" class=\"validate\" target=\"_self\" novalidate=\"\">\n            <div id=\"mc_embed_signup_scroll\">\n                <div class=\"indicates-required\"><span class=\"asterisk\">*<\/span> indique un champ obligatoire<\/div>\n                \n                <div class=\"mc-field-group\">\n                    <label for=\"mce-EMAIL\">Adresse e-mail <span class=\"asterisk\">*<\/span><\/label>\n                    <input type=\"email\" name=\"EMAIL\" class=\"required email\" id=\"mce-EMAIL\" required=\"\" value=\"\">\n                <\/div>\n                \n                <div class=\"mc-field-group\">\n                    <label for=\"mce-FNAME\">Pr\u00e9nom <span class=\"asterisk\">*<\/span><\/label>\n                    <input type=\"text\" name=\"FNAME\" class=\"required text\" id=\"mce-FNAME\" required=\"\" value=\"\">\n                <\/div>\n                \n                <div class=\"mc-field-group\">\n                    <label for=\"mce-LNAME\">Nom <span class=\"asterisk\">*<\/span><\/label>\n                    <input type=\"text\" name=\"LNAME\" class=\"required text\" id=\"mce-LNAME\" required=\"\" value=\"\">\n                <\/div>\n\n                <div class=\"mc-field-group\">\n                    <label for=\"mce-MMERGE5\">Nom du monast\u00e8re (le cas \u00e9ch\u00e9ant)<\/label>\n                    <input type=\"text\" name=\"MMERGE5\" class=\"text\" id=\"mce-MMERGE5\" value=\"\">\n                <\/div>\n                \n                <div class=\"mc-field-group input-group\">\n                    <strong>Pr\u00e9f\u00e9rence linguistique <span class=\"asterisk\">*<\/span><\/strong>\n                    <ul>\n                        <li><input type=\"radio\" name=\"MMERGE6\" id=\"mce-MMERGE60\" value=\"English\"><label for=\"mce-MMERGE60\">Anglais<\/label><\/li>\n                        <li><input type=\"radio\" name=\"MMERGE6\" id=\"mce-MMERGE61\" value=\"Italiano\"><label for=\"mce-MMERGE61\">Italien<\/label><\/li>\n                        <li><input type=\"radio\" name=\"MMERGE6\" id=\"mce-MMERGE62\" value=\"Fran\u00e7ais\"><label for=\"mce-MMERGE62\">Fran\u00e7ais<\/label><\/li>\n                        <li><input type=\"radio\" name=\"MMERGE6\" id=\"mce-MMERGE63\" value=\"Deutsch\"><label for=\"mce-MMERGE63\">Allemand<\/label><\/li>\n                        <li><input type=\"radio\" name=\"MMERGE6\" id=\"mce-MMERGE64\" value=\"Espa\u00f1ol\"><label for=\"mce-MMERGE64\">Espagnol<\/label><\/li>\n                        <li><input type=\"radio\" name=\"MMERGE6\" id=\"mce-MMERGE65\" value=\"Portugu\u00eas\"><label for=\"mce-MMERGE65\">Portugais<\/label><\/li>\n                    <\/ul>\n                <\/div>\n\n                <div id=\"mce-responses\" class=\"clear\">\n                    <div class=\"response\" id=\"mce-error-response\" style=\"display: none;\"><\/div>\n                    <div class=\"response\" id=\"mce-success-response\" style=\"display: none;\"><\/div>\n                <\/div>\n\n                <div aria-hidden=\"true\" style=\"position: absolute; left: -5000px;\">\n                    <input type=\"text\" name=\"b_b1aadd447f016d3b3786ace9e_31b55cdbfa\" tabindex=\"-1\" value=\"\">\n                <\/div>\n\n                <div class=\"clear\">\n                    <input type=\"submit\" name=\"subscribe\" id=\"mc-embedded-subscribe\" class=\"button\" value=\"S'abonner\">\n                <\/div>\n            <\/div>\n        <\/form>\n    <\/div>\n<\/div><\/div><\/div><div class=\"fusion-layout-column fusion_builder_column fusion-builder-column-1 fusion_builder_column_1_2 1_2 fusion-flex-column\" style=\"--awb-bg-blend:overlay;--awb-bg-size:cover;--awb-width-large:50%;--awb-margin-top-large:30px;--awb-spacing-right-large:3.84%;--awb-margin-bottom-large:20px;--awb-spacing-left-large:3.84%;--awb-width-medium:100%;--awb-order-medium:0;--awb-spacing-right-medium:1.92%;--awb-spacing-left-medium:1.92%;--awb-width-small:100%;--awb-order-small:0;--awb-spacing-right-small:1.92%;--awb-spacing-left-small:1.92%;\" data-scroll-devices=\"small-visibility,medium-visibility,large-visibility\"><div class=\"fusion-column-wrapper fusion-column-has-shadow fusion-flex-justify-content-flex-start fusion-content-layout-column\"><div style=\"text-align:left;\"><a class=\"fusion-button button-flat fusion-button-default-size button-custom fusion-button-default button-1 fusion-button-span-no \" style=\"--awb-padding-top:10px;--awb-padding-right:15px;--awb-padding-bottom:10px;--awb-padding-left:15px;--button_accent_color:#ffffff;--button_accent_hover_color:#ffffff;--button_border_hover_color:#ffffff;--button_gradient_top_color:var(--awb-color6);--button_gradient_bottom_color:var(--awb-color6);--button_gradient_top_color_hover:#1abdf1;--button_gradient_bottom_color_hover:#1abdf1;--button_text_transform:var(--awb-typography4-text-transform);--button_font_size:16px;--button_line_height:var(--awb-typography4-line-height);--button_typography-letter-spacing:var(--awb-typography4-letter-spacing);--button_typography-font-family:var(--awb-typography4-font-family);--button_typography-font-weight:var(--awb-typography4-font-weight);--button_typography-font-style:var(--awb-typography4-font-style);\" target=\"_blank\" rel=\"noopener noreferrer\" href=\"https:\/\/osb.org\/fr\/politique-de-confidentialite\/\"><span class=\"fusion-button-text awb-button__text awb-button__text--default\">Politique de confidentialit\u00e9<\/span><\/a><\/div><\/div><\/div><\/div><\/div>\n","protected":false},"excerpt":{"rendered":"","protected":false},"author":1,"featured_media":0,"parent":13139,"menu_order":0,"comment_status":"closed","ping_status":"closed","template":"","meta":{"footnotes":""},"class_list":["post-13092","page","type-page","status-publish","hentry"],"_links":{"self":[{"href":"https:\/\/osb.org\/fr\/wp-json\/wp\/v2\/pages\/13092","targetHints":{"allow":["GET"]}}],"collection":[{"href":"https:\/\/osb.org\/fr\/wp-json\/wp\/v2\/pages"}],"about":[{"href":"https:\/\/osb.org\/fr\/wp-json\/wp\/v2\/types\/page"}],"author":[{"embeddable":true,"href":"https:\/\/osb.org\/fr\/wp-json\/wp\/v2\/users\/1"}],"replies":[{"embeddable":true,"href":"https:\/\/osb.org\/fr\/wp-json\/wp\/v2\/comments?post=13092"}],"version-history":[{"count":0,"href":"https:\/\/osb.org\/fr\/wp-json\/wp\/v2\/pages\/13092\/revisions"}],"up":[{"embeddable":true,"href":"https:\/\/osb.org\/fr\/wp-json\/wp\/v2\/pages\/13139"}],"wp:attachment":[{"href":"https:\/\/osb.org\/fr\/wp-json\/wp\/v2\/media?parent=13092"}],"curies":[{"name":"wp","href":"https:\/\/api.w.org\/{rel}","templated":true}]}}