{"id":13199,"date":"2018-08-01T11:16:25","date_gmt":"2018-08-01T09:16:25","guid":{"rendered":"https:\/\/osb.org\/nuestras-raices\/la-regla\/textos-y-traducciones-de-la-regla-de-san-benito\/"},"modified":"2025-09-11T17:33:43","modified_gmt":"2025-09-11T15:33:43","slug":"textos-y-traducciones-de-la-regla-de-san-benito","status":"publish","type":"page","link":"https:\/\/osb.org\/es\/nuestras-raices\/la-regla\/textos-y-traducciones-de-la-regla-de-san-benito\/","title":{"rendered":"Textos y traducciones de la regla de San Benito"},"content":{"rendered":"<div class=\"fusion-fullwidth fullwidth-box fusion-builder-row-1 fusion-flex-container nonhundred-percent-fullwidth non-hundred-percent-height-scrolling\" style=\"--awb-border-radius-top-left:0px;--awb-border-radius-top-right:0px;--awb-border-radius-bottom-right:0px;--awb-border-radius-bottom-left:0px;--awb-flex-wrap:wrap;\" ><div class=\"fusion-builder-row fusion-row fusion-flex-align-items-flex-start fusion-flex-content-wrap\" style=\"max-width:calc( 1100px + 0px );margin-left: calc(-0px \/ 2 );margin-right: calc(-0px \/ 2 );\"><div class=\"fusion-layout-column fusion_builder_column fusion-builder-column-0 fusion_builder_column_1_1 1_1 fusion-flex-column\" style=\"--awb-bg-size:cover;--awb-width-large:100%;--awb-margin-top-large:0px;--awb-spacing-right-large:0px;--awb-margin-bottom-large:20px;--awb-spacing-left-large:0px;--awb-width-medium:100%;--awb-spacing-right-medium:0px;--awb-spacing-left-medium:0px;--awb-width-small:100%;--awb-spacing-right-small:0px;--awb-spacing-left-small:0px;\"><div class=\"fusion-column-wrapper fusion-flex-justify-content-flex-start fusion-content-layout-column\"><div class=\"fusion-text fusion-text-1\"><p><b>Catal\u00e1n <\/b><\/p>\n<p><a href=\"http:\/\/www.lluisvives.com\/servlet\/SirveObras\/jlv\/02580516454693584321157\/index.htm\"><i><span style=\"font-weight: 400;\">Regula monachorum<\/span><\/i><\/a><span style=\"font-weight: 400;\">. Texto latino seg\u00fan el manuscrito de Sankt-Gall Sant Benet de N\u00farsia. Montserrat, Johannes Luschner, 1499. Versi\u00f3n digitalizada de una impresi\u00f3n incunable del texto de la Regla de San Benito seg\u00fan el importante manuscrito de la Biblioteca de St. Gall, Suiza. Ignasi M. Fossas [et al.], Regla per als monjos: text llat\u00ed\/catal\u00e0, Barcelona, Publicacions de l&#8217;Abadia de Montserrat, 1997 (Subsidia Monastica, 21).    <\/span><\/p>\n<p><b>Neerland\u00e9s <\/b><\/p>\n<p><a href=\"http:\/\/www.intratext.com\/X\/DUT0023.htm\"><i><span style=\"font-weight: 400;\">Regel voor Monniken<\/span><\/i><\/a><span style=\"font-weight: 400;\"> (Intratext, 2001; \u00a9 Sint-Willibrordabdij) <\/span> <\/p>\n<p><b>Ingl\u00e9s <\/b><\/p>\n<ul>\n<li style=\"font-weight: 400;\"><a href=\"http:\/\/www.litpress.org\/Detail.aspx?ISBN=0814623255\"><i><span style=\"font-weight: 400;\">Benedict&#8217;s Rule: A Translation and Commentary<\/span><\/i><\/a><span style=\"font-weight: 400;\"> by Terrence G. Kardong, O.S.B. is the first line-by-line exegesis of the entire Rule of Benedict written originally in English. This full commentary &#8212; predominately a literary and historical criticism &#8212; is based on and includes a Latin text of Regula Benedicti. Liturgical Press. Hardcover, 664 pp., 6 x 9, ISBN 0-8146-2325-5, $64.95. <\/span> <\/li>\n<li style=\"font-weight: 400;\"><a href=\"https:\/\/litpress.org\/Detail.aspx?ISBN=0814612202\"><i><span style=\"font-weight: 400;\">RB 1980 in Latin and English with Notes<\/span><\/i><\/a><span style=\"font-weight: 400;\"> is a modern, scholarly translation ed. by Timothy Fry, OSB (Liturgical Press, 1981), 672 p., $39.95. The translation by itself is also available in <\/span><a href=\"https:\/\/litpress.org\/Detail.aspx?ISBN=0814612725\"><span style=\"font-weight: 400;\">paperback<\/span><\/a><span style=\"font-weight: 400;\">, $2.95, and e-formats. <\/span> <\/li>\n<li style=\"font-weight: 400;\"><a href=\"https:\/\/litpress.org\/Products\/CS256H\/The-Rule-of-Benedict\"><i><span style=\"font-weight: 400;\">La regla de Benito: Una invitaci\u00f3n a la vida cristiana<\/span><\/i><\/a><span style=\"font-weight: 400;\"> por Georg Holzherr, OSB; traducido por Mark Thamert, OSB. En esta nueva traducci\u00f3n, basada en la s\u00e9ptima edici\u00f3n completamente revisada de  <\/span><i><span style=\"font-weight: 400;\">Die benediktsregel<\/span><\/i><span style=\"font-weight: 400;\">, Holzherr ha creado un comentario profundamente rico utilizando m\u00e9todos de investigaci\u00f3n actualizados y las \u00faltimas traducciones de textos mon\u00e1sticos antiguos. Esta edici\u00f3n tambi\u00e9n presenta una introducci\u00f3n y un comentario completamente revisados y ampliados. Se ofrece nueva investigaci\u00f3n en el campo del monacato primitivo, incluyendo nuevas perspectivas sobre la vida mon\u00e1stica de las mujeres. Finalmente, la bibliograf\u00eda actualizada y un \u00edndice detallado son herramientas valiosas para cualquiera que desee explorar el extraordinario mundo de San Benito. Liturgical Press, 2016, 658 p. Tapa dura\/e-Book.      <\/span><\/li>\n<li style=\"font-weight: 400;\"><i><span style=\"font-weight: 400;\">La regla de nuestro Sant\u00edsimo Padre San Benito, patriarca de los monjes<\/span><\/i><span style=\"font-weight: 400;\">, de la edici\u00f3n en ingl\u00e9s antiguo de 1638. Editado en lat\u00edn e ingl\u00e9s. (Londres: Washbourne, 1875).   <\/span><a href=\"http:\/\/www.saintsbooks.net\/books\/St.%20Benedict%20-%20The%20Rule%20of%20-%20Latin%20and%20English%20Edition.pdf\"><span style=\"font-weight: 400;\">Versi\u00f3n en PDF<\/span><\/a><span style=\"font-weight: 400;\">. <\/span> <\/li>\n<li style=\"font-weight: 400;\"><a href=\"http:\/\/www.ccel.org\/ccel\/gregory\/life_rule.iv.i.html\"><i><span style=\"font-weight: 400;\">The Rule of St. Benedict<\/span><\/i><\/a><span style=\"font-weight: 400;\"> (CCEL; London, 1898).<\/span><\/li>\n<li style=\"font-weight: 400;\"><a href=\"https:\/\/litpress.org\/Detail.aspx?ISBN=0814627358\"><i><span style=\"font-weight: 400;\">La Regla de San Benito<\/span><\/i><\/a><span style=\"font-weight: 400;\">, traducido del lat\u00edn por Leonard J. Doyle OblSB con introducci\u00f3n del Rev. David W. Cotter, utilizando la divisi\u00f3n en l\u00edneas de sentido para la lectura p\u00fablica de la primera edici\u00f3n que fue re-publicada en 2001 para conmemorar el 75 aniversario de Liturgical Press. Las ediciones de tapa dura y r\u00fastica de la traducci\u00f3n de Doyle est\u00e1n disponibles.  <\/span><\/li>\n<li style=\"font-weight: 400;\"><a href=\"https:\/\/litpress.org\/Products\/B4618\/Benedict-Backwards\"><i><span style=\"font-weight: 400;\">Benedict Backwards: Reading the Rule in the Twenty-first Century<\/span><\/i><\/a><span style=\"font-weight: 400;\"> por Terrence G. Kardong, O.S.B. Kardong muestra que los cap\u00edtulos finales de la Regla tratan principalmente sobre la comunidad, y proporcionan una visi\u00f3n de la visi\u00f3n de Benito para sus monjes. Liturgical Press, 2017, 142p. Formatos de bolsillo y e-Book.   <\/span><\/li>\n<\/ul>\n<p><b>Franc\u00e9s <\/b><\/p>\n<ul>\n<li style=\"font-weight: 400;\"><a href=\"http:\/\/belloc.pagesperso-orange.fr\/regle.htm\"><span style=\"font-weight: 400;\">La R\u00e8gle de saint Beno\u00eet<\/span><\/a><span style=\"font-weight: 400;\"> (La vie monastique) <\/span> <\/li>\n<li style=\"font-weight: 400;\"><a href=\"http:\/\/www.intratext.com\/X\/FRA0014.HTM\"><span style=\"font-weight: 400;\">Saint ben\u00f4it. R\u00e8gle <\/span><\/a><span style=\"font-weight: 400;\"> (Versi\u00f3n Intratext; algunos derechos reservados por \u00c8ulogos SpA &#8211; 1996-2007). <\/span><\/li>\n<li style=\"font-weight: 400;\"><span style=\"font-weight: 400;\">Veillieux, Armand OCSO. <\/span><a href=\"http:\/\/users.skynet.be\/bs775533\/Armand\/chap\/commentaires-5.htm\"><span style=\"font-weight: 400;\">Commentaire de la R\u00e8gle de saint Beno\u00eet<\/span><\/a><span style=\"font-weight: 400;\">. En franc\u00e9s e italiano para la comunidad de Scourmont. <\/span><\/li>\n<\/ul>\n<p><b>Alem\u00e1n <\/b><\/p>\n<ul>\n<li style=\"font-weight: 400;\"><a href=\"http:\/\/www.benediktiner.de\/index.php\/die-ordensregel-des-hl-benedikt\/regula-prolog.html\"><span style=\"font-weight: 400;\">Regel des Hl. Benedikt <\/span><\/a><span style=\"font-weight: 400;\">. \u00a9 2013 salzburger \u00e4btekonferenz. Tambi\u00e9n en  <\/span><a href=\"http:\/\/www.benediktiner.de\/index.php\/regula-prolog.html\"><span style=\"font-weight: 400;\">Alem\u00e1n y lat\u00edn<\/span><\/a><span style=\"font-weight: 400;\">. <\/span> <\/li>\n<li style=\"font-weight: 400;\"><a href=\"http:\/\/www.intratext.com\/X\/DEU0017.HTM\"><span style=\"font-weight: 400;\">Heiliger Benedikt. Regel <\/span><\/a><span style=\"font-weight: 400;\"> (Versi\u00f3n Intratext de la traducci\u00f3n anterior). <\/span><\/li>\n<\/ul>\n<p><b>H\u00fangaro <\/b><\/p>\n<p><a href=\"https:\/\/bences.hu\/cikk\/regula.html\"><span style=\"font-weight: 400;\">Szent Benedek Regul\u00e1ja<\/span><\/a><span style=\"font-weight: 400;\"> from <\/span><a href=\"https:\/\/bences.hu\/\"><span style=\"font-weight: 400;\">Pannonholma Archabbey<\/span><\/a><span style=\"font-weight: 400;\">, Hungary, as a PDF document. <\/span> <\/p>\n<p><b>Italiano <\/b><\/p>\n<ul>\n<li style=\"font-weight: 400;\"><a href=\"http:\/\/www.ora-et-labora.net\/RSB_it.html\"><span style=\"font-weight: 400;\">La Santa Regola di S. Benedetto in Italiano<\/span><\/a><span style=\"font-weight: 400;\"> (USA. Ora, lege et labora) La traducci\u00f3n italiana con un texto latino paralelo y las referencias b\u00edblicas utilizadas en la Regla est\u00e1 disponible gracias a Alberto da Cormano.  <\/span><\/li>\n<li style=\"font-weight: 400;\"><a href=\"http:\/\/www.intratext.com\/X\/ITA0023.HTM\"><span style=\"font-weight: 400;\">San benedetto. Regola <\/span><\/a><span style=\"font-weight: 400;\"> (Versi\u00f3n Intratext de la traducci\u00f3n anterior). <\/span><\/li>\n<\/ul>\n<p><b>Lat\u00edn <\/b><\/p>\n<ul>\n<li style=\"font-weight: 400;\"><a href=\"http:\/\/www.benediktiner.de\/index.php\/regula-prolog.html\"><span style=\"font-weight: 400;\">Regula benedicti in Latin and German<\/span><\/a><span style=\"font-weight: 400;\">. \u00a9 2013 salzburger \u00e4btekonferenz. <\/span><\/li>\n<li style=\"font-weight: 400;\"><a href=\"http:\/\/www.lluisvives.com\/servlet\/SirveObras\/jlv\/02580516454693584321157\/index.htm\"><span style=\"font-weight: 400;\">Regula monachorum<\/span><\/a><span style=\"font-weight: 400;\">. Texto latino seg\u00fan el manuscrito de Sankt-Gall Sant Benet de N\u00farsia. Montserrat, Johannes Luschner, 1499. Versi\u00f3n digitalizada de una impresi\u00f3n incunable del texto de la Regla de San Benito seg\u00fan el importante manuscrito de la Biblioteca de St. Gall, Suiza. Ignasi M. Fossas [et al.], Regla per als monjos: text llat\u00ed\/catal\u00e0, Barcelona, Publicacions de l&#8217;Abadia de Montserrat, 1997 (Subsidia Monastica, 21).    <\/span><\/li>\n<li style=\"font-weight: 400;\"><a href=\"http:\/\/www.intratext.com\/X\/LAT0011.HTM\"><span style=\"font-weight: 400;\">Regula Sancti Benedicti<\/span><\/a><span style=\"font-weight: 400;\"> (Latin text, translations and indices in Biblioteca Benedictina Intratext) <\/span> <\/li>\n<\/ul>\n<p><b>Polaco<\/b><\/p>\n<ul>\n<li style=\"font-weight: 400;\"><a href=\"https:\/\/opoka.org.pl\/biblioteka\/T\/TS\/regula_osb_00.html\">Regu\u0142a \u015bw. Benedykta <\/a><\/li>\n<\/ul>\n<p><b>Portugu\u00e9s<\/b><\/p>\n<ul>\n<li style=\"font-weight: 400;\"><a href=\"http:\/\/www.intratext.com\/X\/POR0014.HTM\"><span style=\"font-weight: 400;\">S\u00e3o Bento. Regra <\/span><\/a><span style=\"font-weight: 400;\"> (Versi\u00f3n Intratext de Edi\u00e7\u00f5es \u00abLumen Christi\u00bb, 1980). <\/span><\/li>\n<\/ul>\n<p><b>Rumano <\/b><\/p>\n<p><span style=\"font-weight: 400;\">Aunque hay pocas mujeres benedictinas en Rumania, existe un gran inter\u00e9s all\u00ed por el monacato. Marius Ivascu ha creado para el sitio web de la OSB la primera traducci\u00f3n directamente del texto latino de la Regla de San Benito al rumano. Est\u00e1 disponible aqu\u00ed como un archivo PDF:   <a href=\"http:\/\/osborg.anselmianum.com\/wp-content\/uploads\/2018\/07\/REGULA_SF_BENEDICT.pdf\">Regula Sf. Benedict (.pdf; 351 KB)  <\/a><\/span><\/p>\n<p><b>Espa\u00f1ol <\/b><\/p>\n<ul>\n<li style=\"font-weight: 400;\"><a href=\"http:\/\/www.sbenito.org\/regla\/rb.htm\"><span style=\"font-weight: 400;\">La Regla de San Benito<\/span><\/a><span style=\"font-weight: 400;\"> from <\/span><a href=\"http:\/\/www.sbenito.org\/abadia\/abadia.htm\"><span style=\"font-weight: 400;\">Abad\u00eda de San Benito de Luj\u00e1n<\/span><\/a><span style=\"font-weight: 400;\">, Argentina, with separate indices by chapter, structure and topics. <\/span> <\/li>\n<li style=\"font-weight: 400;\"><a href=\"http:\/\/www.scourmont.be\/scriptorium\/rb\/spa\/capitulos.htm\"><span style=\"font-weight: 400;\">La Regla de los monjes<\/span><\/a><span style=\"font-weight: 400;\"> (frames) from <\/span><a href=\"http:\/\/www.scourmont.be\/\"><span style=\"font-weight: 400;\">L&#8217;abbaye Notre-Dame de Scourmont<\/span><\/a><span style=\"font-weight: 400;\">, Belgium. <\/span> <\/li>\n<li style=\"font-weight: 400;\"><a href=\"http:\/\/www.intratext.com\/X\/ESL0023.HTM\"><span style=\"font-weight: 400;\">San Benito. La Regla de los monjes <\/span><\/a><span style=\"font-weight: 400;\"> (Versi\u00f3n Intratext; \u00c9dicones ECUAM, Argentina, 1996). <\/span><\/li>\n<\/ul>\n<p><b>Tailand\u00e9s <\/b><\/p>\n<p><span style=\"font-weight: 400;\">La <a href=\"http:\/\/osborg.anselmianum.com\/wp-content\/uploads\/2018\/07\/RB_Thai_2017.pdf\">Regla de San Benito en tailand\u00e9s (.pdf; 727 KB)<\/a>. Traducido por Mons. Andrew Vissanu Thanya-Anan, Secretario General Adjunto de la Conferencia de Obispos Cat\u00f3licos de Tailandia, 2017, 105p.   <\/span><\/p>\n<p><b>Vietnamita <\/b><\/p>\n<p><span style=\"font-weight: 400;\">La <a href=\"http:\/\/osborg.anselmianum.com\/wp-content\/uploads\/2018\/07\/RB_Vietnamese.pdf\">Regla de San Benito en vietnamita (.pdf; 559 KB)<\/a>, 40p. <\/span><\/p>\n<\/div><\/div><\/div><\/div><\/div>\n","protected":false},"excerpt":{"rendered":"","protected":false},"author":1,"featured_media":0,"parent":13127,"menu_order":0,"comment_status":"closed","ping_status":"closed","template":"","meta":{"footnotes":""},"class_list":["post-13199","page","type-page","status-publish","hentry"],"_links":{"self":[{"href":"https:\/\/osb.org\/es\/wp-json\/wp\/v2\/pages\/13199","targetHints":{"allow":["GET"]}}],"collection":[{"href":"https:\/\/osb.org\/es\/wp-json\/wp\/v2\/pages"}],"about":[{"href":"https:\/\/osb.org\/es\/wp-json\/wp\/v2\/types\/page"}],"author":[{"embeddable":true,"href":"https:\/\/osb.org\/es\/wp-json\/wp\/v2\/users\/1"}],"replies":[{"embeddable":true,"href":"https:\/\/osb.org\/es\/wp-json\/wp\/v2\/comments?post=13199"}],"version-history":[{"count":0,"href":"https:\/\/osb.org\/es\/wp-json\/wp\/v2\/pages\/13199\/revisions"}],"up":[{"embeddable":true,"href":"https:\/\/osb.org\/es\/wp-json\/wp\/v2\/pages\/13127"}],"wp:attachment":[{"href":"https:\/\/osb.org\/es\/wp-json\/wp\/v2\/media?parent=13199"}],"curies":[{"name":"wp","href":"https:\/\/api.w.org\/{rel}","templated":true}]}}