{"id":13163,"date":"2018-05-16T14:41:25","date_gmt":"2018-05-16T12:41:25","guid":{"rendered":"https:\/\/osb.org\/como-hacerse-monje-o-monja\/"},"modified":"2025-09-11T17:30:05","modified_gmt":"2025-09-11T15:30:05","slug":"como-hacerse-monje-o-monja","status":"publish","type":"page","link":"https:\/\/osb.org\/es\/como-hacerse-monje-o-monja\/","title":{"rendered":"C\u00f3mo hacerse monje o monja"},"content":{"rendered":"<div class=\"fusion-fullwidth fullwidth-box fusion-builder-row-1 fusion-flex-container nonhundred-percent-fullwidth non-hundred-percent-height-scrolling\" style=\"--awb-border-radius-top-left:0px;--awb-border-radius-top-right:0px;--awb-border-radius-bottom-right:0px;--awb-border-radius-bottom-left:0px;--awb-flex-wrap:wrap;\" ><div class=\"fusion-builder-row fusion-row fusion-flex-align-items-flex-start fusion-flex-content-wrap\" style=\"max-width:calc( 1100px + 0px );margin-left: calc(-0px \/ 2 );margin-right: calc(-0px \/ 2 );\"><div class=\"fusion-layout-column fusion_builder_column fusion-builder-column-0 fusion_builder_column_1_1 1_1 fusion-flex-column\" style=\"--awb-bg-size:cover;--awb-width-large:100%;--awb-margin-top-large:0px;--awb-spacing-right-large:0px;--awb-margin-bottom-large:20px;--awb-spacing-left-large:0px;--awb-width-medium:100%;--awb-spacing-right-medium:0px;--awb-spacing-left-medium:0px;--awb-width-small:100%;--awb-spacing-right-small:0px;--awb-spacing-left-small:0px;\"><div class=\"fusion-column-wrapper fusion-flex-justify-content-flex-start fusion-content-layout-column\"><div class=\"fusion-text fusion-text-1\"><div id=\"lipsum\">\n<h3>C\u00f3mo hacerse monje o monja<\/h3>\n<p>Cuando Jes\u00fas nos llama a seguirlo, el camino no siempre est\u00e1 inmediatamente claro. Cada historia de vocaci\u00f3n es \u00fanica y, a menudo, est\u00e1 llena de sorpresas. <\/p>\n<p>Dado que nuestros monasterios son aut\u00f3nomos, la llamada a la vida benedictina es una llamada a vivir en una comunidad particular y a seguir sus costumbres. Por esta raz\u00f3n, las consultas vocacionales son gestionadas por los monasterios individuales, no por ninguna organizaci\u00f3n central. Y el proceso de ingreso en el monasterio difiere de una comunidad a otra.  <\/p>\n<p>Sin embargo, las etapas de nuestra vida previas al compromiso final son, en su mayor parte, las mismas:<\/p>\n<p><strong>Candidato<\/strong>. Un joven o una joven visita el monasterio durante un per\u00edodo de tiempo y habla con el director vocacional y\/o el superior, quienes ayudan a la persona a discernir su llamada. <\/p>\n<p><strong>Postulantado<\/strong>. El candidato ingresa en el monasterio y comienza a vivir como miembro de la comunidad, recibiendo instrucci\u00f3n del director de novicios. <\/p>\n<p><strong>Noviciado<\/strong>. Despu\u00e9s de algunos meses como postulante, el hombre o la mujer es revestido con el h\u00e1bito mon\u00e1stico y se convierte en miembro de nuestra Orden, continuando recibiendo orientaci\u00f3n e instrucci\u00f3n del director de novicios. El noviciado dura uno o dos a\u00f1os.  <\/p>\n<p><strong>Votos temporales<\/strong>. Despu\u00e9s del noviciado, el novicio puede ser admitido a los votos temporales. Los a\u00f1os de profesi\u00f3n temporal son un tiempo para un mayor estudio y absorci\u00f3n de la forma mon\u00e1stica de vivir el Evangelio, y una integraci\u00f3n m\u00e1s profunda en la comunidad.  <\/p>\n<p><strong>Votos perpetuos<\/strong>. Despu\u00e9s de al menos 3, y no m\u00e1s de 9 a\u00f1os de votos temporales, la joven hermana o hermano profeso puede ser admitido a los votos perpetuos, que se hacen de por vida. <\/p>\n<p>Cuando sea posible, generalmente es mejor buscar monasterios en el propio pa\u00eds o, donde estos no existan, en una cultura similar o al menos en un idioma familiar. Puede utilizar el <a href=\"http:\/\/www.osbatlas.com\/\">atlas.osb<\/a> para ayudarle a encontrar los monasterios m\u00e1s cercanos. A continuaci\u00f3n, puede visitar o escribir directamente a los monasterios.  <\/p>\n<p>Si siente que Dios puede estar llam\u00e1ndole a unirse a nosotros en nuestra forma de vida, le animamos a explorar nuestros monasterios a trav\u00e9s de este sitio y los enlaces a los sitios de las comunidades individuales haciendo clic en el enlace al Atlas OSB que aparece a continuaci\u00f3n.<\/p>\n<p>\u00a1Dios le bendiga!<\/p>\n<\/div>\n<\/div><div ><a class=\"fusion-button button-flat fusion-button-default-size button-custom fusion-button-default button-1 fusion-button-span-yes fusion-button-default-type\" style=\"--button_accent_color:#ffffff;--button_accent_hover_color:#ffffff;--button_border_hover_color:#ffffff;--button_gradient_top_color:#1495be;--button_gradient_bottom_color:#1495be;--button_gradient_top_color_hover:#72cee0;--button_gradient_bottom_color_hover:#72cee0;\" target=\"_self\" href=\"http:\/\/www.osbatlas.com\/default.asp?id=352\"><span class=\"fusion-button-text awb-button__text awb-button__text--default\">Monasterios en todo el mundo<\/span><\/a><\/div><\/div><\/div><\/div><\/div>\n","protected":false},"excerpt":{"rendered":"","protected":false},"author":7,"featured_media":0,"parent":0,"menu_order":4,"comment_status":"closed","ping_status":"closed","template":"","meta":{"footnotes":""},"class_list":["post-13163","page","type-page","status-publish","hentry"],"_links":{"self":[{"href":"https:\/\/osb.org\/es\/wp-json\/wp\/v2\/pages\/13163","targetHints":{"allow":["GET"]}}],"collection":[{"href":"https:\/\/osb.org\/es\/wp-json\/wp\/v2\/pages"}],"about":[{"href":"https:\/\/osb.org\/es\/wp-json\/wp\/v2\/types\/page"}],"author":[{"embeddable":true,"href":"https:\/\/osb.org\/es\/wp-json\/wp\/v2\/users\/7"}],"replies":[{"embeddable":true,"href":"https:\/\/osb.org\/es\/wp-json\/wp\/v2\/comments?post=13163"}],"version-history":[{"count":0,"href":"https:\/\/osb.org\/es\/wp-json\/wp\/v2\/pages\/13163\/revisions"}],"wp:attachment":[{"href":"https:\/\/osb.org\/es\/wp-json\/wp\/v2\/media?parent=13163"}],"curies":[{"name":"wp","href":"https:\/\/api.w.org\/{rel}","templated":true}]}}