{"id":13152,"date":"2018-07-04T17:43:06","date_gmt":"2018-07-04T15:43:06","guid":{"rendered":"https:\/\/osb.org\/la-confederacion-benedictina\/"},"modified":"2025-11-17T11:34:20","modified_gmt":"2025-11-17T10:34:20","slug":"la-confederacion-benedictina","status":"publish","type":"page","link":"https:\/\/osb.org\/es\/la-orden-benedictina\/la-confederacion-benedictina\/","title":{"rendered":"La confederaci\u00f3n benedictina"},"content":{"rendered":"<p><div class=\"fusion-fullwidth fullwidth-box fusion-builder-row-1 fusion-flex-container nonhundred-percent-fullwidth non-hundred-percent-height-scrolling\" style=\"--awb-border-radius-top-left:0px;--awb-border-radius-top-right:0px;--awb-border-radius-bottom-right:0px;--awb-border-radius-bottom-left:0px;--awb-flex-wrap:wrap;\" ><div class=\"fusion-builder-row fusion-row fusion-flex-align-items-flex-start fusion-flex-content-wrap\" style=\"max-width:1144px;margin-left: calc(-4% \/ 2 );margin-right: calc(-4% \/ 2 );\"><div class=\"fusion-layout-column fusion_builder_column fusion-builder-column-0 fusion_builder_column_1_1 1_1 fusion-flex-column\" style=\"--awb-bg-size:cover;--awb-width-large:100%;--awb-margin-top-large:0px;--awb-spacing-right-large:1.92%;--awb-margin-bottom-large:20px;--awb-spacing-left-large:1.92%;--awb-width-medium:100%;--awb-spacing-right-medium:1.92%;--awb-spacing-left-medium:1.92%;--awb-width-small:100%;--awb-spacing-right-small:1.92%;--awb-spacing-left-small:1.92%;\"><div class=\"fusion-column-wrapper fusion-flex-justify-content-flex-start fusion-content-layout-column\"><div class=\"fusion-text fusion-text-1\"><h2><span style=\"font-weight: 400;\">La confederaci\u00f3n benedictina<\/span><\/h2>\n<p><span style=\"font-weight: 400;\">La Confederaci\u00f3n Benedictina es el organismo en el que se re\u00fanen las Congregaciones y monasterios benedictinos de la Iglesia Cat\u00f3lica. Fue establecida en 1893 por el Papa Le\u00f3n XIII con su breve  <\/span><i><span style=\"font-weight: 400;\">Summum semper<\/span><\/i><span style=\"font-weight: 400;\">.<\/span><\/p>\n<\/div><\/div><\/div><\/div><\/div><div class=\"fusion-fullwidth fullwidth-box fusion-builder-row-2 fusion-flex-container nonhundred-percent-fullwidth non-hundred-percent-height-scrolling\" style=\"--awb-border-radius-top-left:0px;--awb-border-radius-top-right:0px;--awb-border-radius-bottom-right:0px;--awb-border-radius-bottom-left:0px;--awb-flex-wrap:wrap;\" ><div class=\"fusion-builder-row fusion-row fusion-flex-align-items-flex-start fusion-flex-content-wrap\" style=\"max-width:1144px;margin-left: calc(-4% \/ 2 );margin-right: calc(-4% \/ 2 );\"><div class=\"fusion-layout-column fusion_builder_column fusion-builder-column-1 fusion_builder_column_1_1 1_1 fusion-flex-column\" style=\"--awb-bg-size:cover;--awb-width-large:100%;--awb-margin-top-large:0px;--awb-spacing-right-large:1.92%;--awb-margin-bottom-large:20px;--awb-spacing-left-large:1.92%;--awb-width-medium:100%;--awb-spacing-right-medium:1.92%;--awb-spacing-left-medium:1.92%;--awb-width-small:100%;--awb-spacing-right-small:1.92%;--awb-spacing-left-small:1.92%;\"><div class=\"fusion-column-wrapper fusion-flex-justify-content-flex-start fusion-content-layout-column\"><div class=\"fusion-text fusion-text-2\"><h3>Miembros<\/h3>\n<p><span style=\"font-weight: 400;\">Las <a href=\"http:\/\/osborg.anselmianum.com\/introduction-to-the-benedictine-order\/directory-of-osb-congregations\/\">Congregaciones de monjes<\/a> son los miembros ordinarios de la Confederaci\u00f3n Benedictina. Algunos monasterios individuales que, por razones particulares, han permanecido fuera de una Congregaci\u00f3n han sido admitidos como miembros extraordinarios. <\/span><\/p>\n<p><span style=\"font-weight: 400;\">Los monasterios e institutos de mujeres benedictinas est\u00e1n asociados a la Confederaci\u00f3n Benedictina y constituyen la <\/span><a href=\"http:\/\/www.benedictines-cib.org\/\"><i><span style=\"font-weight: 400;\">Communio Internationalis Benedictinarum<\/span><\/i><\/a><span style=\"font-weight: 400;\"> (CIB).<\/span><\/p>\n<\/div><\/div><\/div><\/div><\/div><div class=\"fusion-fullwidth fullwidth-box fusion-builder-row-3 fusion-flex-container nonhundred-percent-fullwidth non-hundred-percent-height-scrolling\" style=\"--awb-border-radius-top-left:0px;--awb-border-radius-top-right:0px;--awb-border-radius-bottom-right:0px;--awb-border-radius-bottom-left:0px;--awb-flex-wrap:wrap;\" ><div class=\"fusion-builder-row fusion-row fusion-flex-align-items-flex-start fusion-flex-content-wrap\" style=\"max-width:1144px;margin-left: calc(-4% \/ 2 );margin-right: calc(-4% \/ 2 );\"><div class=\"fusion-layout-column fusion_builder_column fusion-builder-column-2 fusion_builder_column_1_2 1_2 fusion-flex-column\" style=\"--awb-bg-size:cover;--awb-width-large:50%;--awb-margin-top-large:0px;--awb-spacing-right-large:3.84%;--awb-margin-bottom-large:20px;--awb-spacing-left-large:3.84%;--awb-width-medium:100%;--awb-spacing-right-medium:1.92%;--awb-spacing-left-medium:1.92%;--awb-width-small:100%;--awb-spacing-right-small:1.92%;--awb-spacing-left-small:1.92%;\"><div class=\"fusion-column-wrapper fusion-flex-justify-content-flex-start fusion-content-layout-column\"><div class=\"fusion-text fusion-text-3\"><h3>Abad Primado<\/h3>\n<p><span style=\"font-weight: 400;\">El Abad Primado es el jefe de la Confederaci\u00f3n Benedictina. Es elegido por el Congreso de Abades. <\/span><\/p>\n<p><strong>El Abad Primado Jeremias Schr\u00f6der OSB<br \/><\/strong>nacido en diciembre de 1964;<br \/>profes\u00f3 en la Erzabtei Sankt Ottilien el 14 de septiembre de 1985;<br \/>ordenado el 7 de junio de 1992;<br \/>elegido sexto archabate de la Erzabtei Sankt Ottilien el 5 de octubre de 2000 y bendecido el 28 de octubre de 2000;<br \/>elegido y confirmado abad presidente de la Congregaci\u00f3n de Ottilien el 13 de octubre de 2012;<br \/>nombrado administrador de Sankt Georgenberg 2021-2025;<br \/>reelegido abad presidente de la Congregaci\u00f3n de Ottilien 2022-2024;<br \/>elegido abad primado y abad de Sant\u2019Anselmo el 14 de septiembre de 2024<\/p>\n<p><strong>Curia Abbatis Primatis<\/strong> (Secretar\u00eda General)<br \/><span style=\"font-weight: 400;\">curiaosb@anselmianum.com<\/span><br \/>Tel: +39 06 5791.267;<br \/>Fax: +39 06 5791.374<\/p>\n<\/div><\/div><\/div><div class=\"fusion-layout-column fusion_builder_column fusion-builder-column-3 fusion_builder_column_1_2 1_2 fusion-flex-column\" style=\"--awb-bg-size:cover;--awb-width-large:50%;--awb-margin-top-large:0px;--awb-spacing-right-large:3.84%;--awb-margin-bottom-large:20px;--awb-spacing-left-large:3.84%;--awb-width-medium:100%;--awb-spacing-right-medium:1.92%;--awb-spacing-left-medium:1.92%;--awb-width-small:100%;--awb-spacing-right-small:1.92%;--awb-spacing-left-small:1.92%;\"><div class=\"fusion-column-wrapper fusion-flex-justify-content-flex-start fusion-content-layout-column\"><div class=\"fusion-image-element \" style=\"--awb-caption-title-font-family:var(--h2_typography-font-family);--awb-caption-title-font-weight:var(--h2_typography-font-weight);--awb-caption-title-font-style:var(--h2_typography-font-style);--awb-caption-title-size:var(--h2_typography-font-size);--awb-caption-title-transform:var(--h2_typography-text-transform);--awb-caption-title-line-height:var(--h2_typography-line-height);--awb-caption-title-letter-spacing:var(--h2_typography-letter-spacing);\"><span class=\" fusion-imageframe imageframe-none imageframe-1 hover-type-none\" style=\"border:1px solid #b14821;\"><img decoding=\"async\" width=\"1653\" height=\"1920\" alt=\"Abad Primado Gregory Polan OSB\" title=\"DSC_6989\" src=\"https:\/\/osb.org\/wp-content\/uploads\/2024\/11\/DSC_6989.jpeg\" data-orig-src=\"https:\/\/osb.org\/wp-content\/uploads\/2024\/11\/DSC_6989.jpeg\" class=\"lazyload img-responsive wp-image-15748\" srcset=\"data:image\/svg+xml,%3Csvg%20xmlns%3D%27http%3A%2F%2Fwww.w3.org%2F2000%2Fsvg%27%20width%3D%271653%27%20height%3D%271920%27%20viewBox%3D%270%200%201653%201920%27%3E%3Crect%20width%3D%271653%27%20height%3D%271920%27%20fill-opacity%3D%220%22%2F%3E%3C%2Fsvg%3E\" data-srcset=\"https:\/\/osb.org\/wp-content\/uploads\/2024\/11\/DSC_6989-200x232.jpeg 200w, https:\/\/osb.org\/wp-content\/uploads\/2024\/11\/DSC_6989-400x465.jpeg 400w, https:\/\/osb.org\/wp-content\/uploads\/2024\/11\/DSC_6989-600x697.jpeg 600w, https:\/\/osb.org\/wp-content\/uploads\/2024\/11\/DSC_6989-800x929.jpeg 800w, https:\/\/osb.org\/wp-content\/uploads\/2024\/11\/DSC_6989-1200x1394.jpeg 1200w, https:\/\/osb.org\/wp-content\/uploads\/2024\/11\/DSC_6989.jpeg 1653w\" data-sizes=\"auto\" data-orig-sizes=\"(max-width: 1024px) 100vw, (max-width: 640px) 100vw, 600px\" \/><\/span><\/div><\/div><\/div><\/div><\/div><div class=\"fusion-fullwidth fullwidth-box fusion-builder-row-4 fusion-flex-container nonhundred-percent-fullwidth non-hundred-percent-height-scrolling\" style=\"--awb-border-radius-top-left:0px;--awb-border-radius-top-right:0px;--awb-border-radius-bottom-right:0px;--awb-border-radius-bottom-left:0px;--awb-margin-top:30px;--awb-margin-bottom:30px;--awb-flex-wrap:wrap;\" ><div class=\"fusion-builder-row fusion-row fusion-flex-align-items-flex-start fusion-flex-content-wrap\" style=\"max-width:1144px;margin-left: calc(-4% \/ 2 );margin-right: calc(-4% \/ 2 );\"><div class=\"fusion-layout-column fusion_builder_column fusion-builder-column-4 fusion_builder_column_1_1 1_1 fusion-flex-column\" style=\"--awb-bg-size:cover;--awb-width-large:100%;--awb-margin-top-large:0px;--awb-spacing-right-large:1.92%;--awb-margin-bottom-large:20px;--awb-spacing-left-large:1.92%;--awb-width-medium:100%;--awb-spacing-right-medium:1.92%;--awb-spacing-left-medium:1.92%;--awb-width-small:100%;--awb-spacing-right-small:1.92%;--awb-spacing-left-small:1.92%;\"><div class=\"fusion-column-wrapper fusion-flex-justify-content-flex-start fusion-content-layout-column\"><div ><a class=\"fusion-button button-flat fusion-button-default-size button-custom fusion-button-default button-1 fusion-button-span-yes fusion-button-default-type\" style=\"--button_accent_color:#ffffff;--button_accent_hover_color:#ffffff;--button_border_hover_color:#ffffff;--button_gradient_top_color:#1495be;--button_gradient_bottom_color:#1495be;--button_gradient_top_color_hover:#72cee0;--button_gradient_bottom_color_hover:#72cee0;\" target=\"_self\" href=\"https:\/\/osb.org\/es\/nuestras-raices\/breve-historia-de-la-orden-benedictina\/una-lista-historica-de-abades-primados\/\"><span class=\"fusion-button-text awb-button__text awb-button__text--default\">Una lista hist\u00f3rica de abades primados<\/span><\/a><\/div><\/div><\/div><\/div><\/div><div class=\"fusion-fullwidth fullwidth-box fusion-builder-row-5 fusion-flex-container nonhundred-percent-fullwidth non-hundred-percent-height-scrolling\" style=\"--awb-border-radius-top-left:0px;--awb-border-radius-top-right:0px;--awb-border-radius-bottom-right:0px;--awb-border-radius-bottom-left:0px;--awb-flex-wrap:wrap;\" ><div class=\"fusion-builder-row fusion-row fusion-flex-align-items-flex-start fusion-flex-content-wrap\" style=\"max-width:1144px;margin-left: calc(-4% \/ 2 );margin-right: calc(-4% \/ 2 );\"><div class=\"fusion-layout-column fusion_builder_column fusion-builder-column-5 fusion_builder_column_1_1 1_1 fusion-flex-column\" style=\"--awb-bg-size:cover;--awb-width-large:100%;--awb-margin-top-large:0px;--awb-spacing-right-large:1.92%;--awb-margin-bottom-large:20px;--awb-spacing-left-large:1.92%;--awb-width-medium:100%;--awb-spacing-right-medium:1.92%;--awb-spacing-left-medium:1.92%;--awb-width-small:100%;--awb-spacing-right-small:1.92%;--awb-spacing-left-small:1.92%;\"><div class=\"fusion-column-wrapper fusion-flex-justify-content-flex-start fusion-content-layout-column\"><div class=\"fusion-text fusion-text-4\"><h3>Gobierno<\/h3>\n<p><span style=\"font-weight: 400;\">La Confederaci\u00f3n Benedictina se rige por una <a href=\"https:\/\/osb.org\/wp-content\/uploads\/2018\/09\/LexPropria2008.pdf\">Ley Propia (<i>Lex Propria<\/i>, versi\u00f3n latina)<\/a> y otros reglamentos. Cada cuatro a\u00f1os se celebra un Congreso de Abades, que re\u00fane a todos los superiores mayores de los monasterios de monjes y a representantes de otras organizaciones. El Congreso elige al abad primado. Cada a\u00f1o, los Abades Presidentes de las 19 Congregaciones de hombres se re\u00fanen en un S\u00ednodo donde discuten asuntos actuales que afectan a la Confederaci\u00f3n.   <\/span><\/p>\n<\/div><\/div><\/div><\/div><\/div><div id=\"contactos\" class=\"fusion-container-anchor\"><div class=\"fusion-fullwidth fullwidth-box fusion-builder-row-6 fusion-flex-container nonhundred-percent-fullwidth non-hundred-percent-height-scrolling\" style=\"--awb-border-radius-top-left:0px;--awb-border-radius-top-right:0px;--awb-border-radius-bottom-right:0px;--awb-border-radius-bottom-left:0px;--awb-flex-wrap:wrap;\" ><div class=\"fusion-builder-row fusion-row fusion-flex-align-items-flex-start fusion-flex-content-wrap\" style=\"max-width:1144px;margin-left: calc(-4% \/ 2 );margin-right: calc(-4% \/ 2 );\"><div class=\"fusion-layout-column fusion_builder_column fusion-builder-column-6 fusion_builder_column_1_1 1_1 fusion-flex-column\" style=\"--awb-bg-size:cover;--awb-width-large:100%;--awb-margin-top-large:0px;--awb-spacing-right-large:1.92%;--awb-margin-bottom-large:20px;--awb-spacing-left-large:1.92%;--awb-width-medium:100%;--awb-spacing-right-medium:1.92%;--awb-spacing-left-medium:1.92%;--awb-width-small:100%;--awb-spacing-right-small:1.92%;--awb-spacing-left-small:1.92%;\"><div class=\"fusion-column-wrapper fusion-flex-justify-content-flex-start fusion-content-layout-column\"><div class=\"fusion-text fusion-text-5\"><h3>Sant\u2019Anselmo<\/h3>\n<p><span style=\"font-weight: 400;\">El abad primado reside en Sant\u2019Anselmo en Roma. Sant\u2019Anselmo alberga la Curia del abad primado, un <a href=\"http:\/\/www.anselmianum.com\">Ateneo Pontificio<\/a> y el <a href=\"https:\/\/www.collegiosantanselmo.com\">Collegio<\/a>, una comunidad residencial de monjes que ense\u00f1an, estudian o trabajan en las instituciones de la Confederaci\u00f3n o en otros lugares de Roma. <\/span><\/p>\n<\/div><\/div><\/div><\/div><\/div><\/div><div class=\"fusion-fullwidth fullwidth-box fusion-builder-row-7 fusion-flex-container nonhundred-percent-fullwidth non-hundred-percent-height-scrolling\" style=\"--awb-border-radius-top-left:0px;--awb-border-radius-top-right:0px;--awb-border-radius-bottom-right:0px;--awb-border-radius-bottom-left:0px;--awb-flex-wrap:wrap;\" ><div class=\"fusion-builder-row fusion-row fusion-flex-align-items-flex-start fusion-flex-content-wrap\" style=\"max-width:1144px;margin-left: calc(-4% \/ 2 );margin-right: calc(-4% \/ 2 );\"><div class=\"fusion-layout-column fusion_builder_column fusion-builder-column-7 fusion_builder_column_1_1 1_1 fusion-flex-column\" style=\"--awb-bg-size:cover;--awb-width-large:100%;--awb-margin-top-large:0px;--awb-spacing-right-large:1.92%;--awb-margin-bottom-large:20px;--awb-spacing-left-large:1.92%;--awb-width-medium:100%;--awb-spacing-right-medium:1.92%;--awb-spacing-left-medium:1.92%;--awb-width-small:100%;--awb-spacing-right-small:1.92%;--awb-spacing-left-small:1.92%;\"><div class=\"fusion-column-wrapper fusion-flex-justify-content-flex-start fusion-content-layout-column\"><div class=\"fusion-title title fusion-title-1 sep-underline sep-solid fusion-title-text fusion-title-size-four\" style=\"--awb-margin-top-small:0px;--awb-margin-right-small:0px;--awb-margin-bottom-small:20px;--awb-margin-left-small:0px;\"><h4 class=\"fusion-title-heading title-heading-left fusion-responsive-typography-calculated\" style=\"margin:0;--fontSize:20;--minFontSize:20;line-height:1.5;\">Contactos de Sant&#8217;Anselmo<\/h4><\/div>\n<div class=\"table-1\">\n<table width=\"100%\">\n<thead>\n<tr>\n<th align=\"left\"><\/th>\n<th align=\"left\"><\/th>\n<th align=\"left\"><\/th>\n<\/tr>\n<\/thead>\n<tbody>\n<tr>\n<td align=\"left\">Informaci\u00f3n general de Sant&#8217;Anselmo<\/td>\n<td align=\"left\">Piazza dei Cavalieri di Malta 5<br \/>00153 Roma, Italia<br \/>Tel +39 06 5791 1<br \/>Fax +39 06 5746 863<\/td>\n<td align=\"left\">info@anselmianum.com<\/td>\n<\/tr>\n<tr>\n<td align=\"left\">Curia del abad primado<\/td>\n<td align=\"left\">curiaosb@anselmianum.com<br \/>+39 06 5791 267<\/td>\n<td align=\"left\"><\/td>\n<\/tr>\n<tr>\n<td align=\"left\">Ateneo Pontificio Sant&#8217;Anselmo<\/td>\n<td align=\"left\"><a href=\"http:\/\/www.anselmianum.com\">www.anselmianum.com<\/a><br \/>ufficiorettore@anselmianum.com<br \/>+39 06 5791 1<\/td>\n<td align=\"left\"><a href=\"https:\/\/ateneo.anselmianum.com\/mod\/page\/view.php?id=27&amp;lang=en\">m\u00e1s contactos del Ateneo aqu\u00ed<\/a><\/td>\n<\/tr>\n<tr>\n<td align=\"left\">Collegio Sant&#8217;Anselmo<\/td>\n<td align=\"left\"><a href=\"https:\/\/www.collegiosantanselmo.com\/en\/\">www.collegiosantanselmo.com<\/a><br \/>info@anselmianum.com<br \/>+39 06 5791 1<\/td>\n<td align=\"left\"><a href=\"https:\/\/www.collegiosantanselmo.com\/en\/\">m\u00e1s contactos del Collegio aqu\u00ed<\/a><\/td>\n<\/tr>\n<\/tbody>\n<\/table>\n<\/div>\n<\/div><\/div><\/div><\/div><div class=\"fusion-fullwidth fullwidth-box fusion-builder-row-8 fusion-flex-container nonhundred-percent-fullwidth non-hundred-percent-height-scrolling\" style=\"--awb-border-radius-top-left:0px;--awb-border-radius-top-right:0px;--awb-border-radius-bottom-right:0px;--awb-border-radius-bottom-left:0px;--awb-margin-top:30px;--awb-flex-wrap:wrap;\" ><div class=\"fusion-builder-row fusion-row fusion-flex-align-items-flex-start fusion-flex-content-wrap\" style=\"max-width:1144px;margin-left: calc(-4% \/ 2 );margin-right: calc(-4% \/ 2 );\"><div class=\"fusion-layout-column fusion_builder_column fusion-builder-column-8 fusion_builder_column_1_1 1_1 fusion-flex-column\" style=\"--awb-bg-size:cover;--awb-width-large:100%;--awb-margin-top-large:0px;--awb-spacing-right-large:1.92%;--awb-margin-bottom-large:20px;--awb-spacing-left-large:1.92%;--awb-width-medium:100%;--awb-spacing-right-medium:1.92%;--awb-spacing-left-medium:1.92%;--awb-width-small:100%;--awb-spacing-right-small:1.92%;--awb-spacing-left-small:1.92%;\"><div class=\"fusion-column-wrapper fusion-flex-justify-content-flex-start fusion-content-layout-column\"><div class=\"fusion-title title fusion-title-2 sep-underline sep-solid fusion-title-text fusion-title-size-four\" style=\"--awb-margin-top-small:0px;--awb-margin-right-small:0px;--awb-margin-bottom-small:20px;--awb-margin-left-small:0px;\"><h4 class=\"fusion-title-heading title-heading-left fusion-responsive-typography-calculated\" style=\"margin:0;--fontSize:20;--minFontSize:20;line-height:1.5;\">Contactos de la Curia<\/h4><\/div>\n<div class=\"table-1\">\n<table width=\"100%\">\n<thead>\n<tr>\n<th align=\"left\"><strong>T\u00cdTULO<\/strong><\/th>\n<th align=\"left\"><strong>NOMBRE<\/strong><\/th>\n<th align=\"left\"><strong>CONTACTO<\/strong><\/th>\n<\/tr>\n<\/thead>\n<tbody>\n<tr>\n<td align=\"left\">Abad Primado<\/td>\n<td align=\"left\">Rmus P. Jeremias Schr\u00f6der OSB<\/td>\n<td align=\"left\">curiaosb@anselmianum.com<br \/>+39 06 5791 267<\/td>\n<\/tr>\n<tr>\n<td align=\"left\">Procurador General<\/td>\n<td align=\"left\">P. Patrick Carter OSB<\/td>\n<td align=\"left\">procuratore@anselmianum.com<br \/>+39 06 5791 319<\/td>\n<\/tr>\n<tr>\n<td align=\"left\">Secretario del abad primado<\/td>\n<td align=\"left\">Sig. Walter del Gaiso <\/td>\n<td align=\"left\">curiaosb@anselmianum.com<br \/>+39 06 5791 319<\/td>\n<\/tr>\n<tr>\n<td align=\"left\">Tesorero<\/td>\n<td align=\"left\">P. Geraldo Gonzalez y Lima OSB<\/td>\n<td align=\"left\">tesoriere@anselmianum.com<br \/>+39 06 5791 336<\/td>\n<\/tr>\n<tr>\n<td align=\"left\">Archivero<\/td>\n<td align=\"left\">P. Edmund Power OSB<\/td>\n<td align=\"left\">+39 06 5791 266<\/td>\n<\/tr>\n<\/tbody>\n<\/table>\n<\/div>\n<\/div><\/div><\/div><\/div><div id=\"internacional\" class=\"fusion-container-anchor\"><div class=\"fusion-fullwidth fullwidth-box fusion-builder-row-9 fusion-flex-container nonhundred-percent-fullwidth non-hundred-percent-height-scrolling\" style=\"--awb-border-radius-top-left:0px;--awb-border-radius-top-right:0px;--awb-border-radius-bottom-right:0px;--awb-border-radius-bottom-left:0px;--awb-margin-top:30px;--awb-flex-wrap:wrap;\" ><div class=\"fusion-builder-row fusion-row fusion-flex-align-items-flex-start fusion-flex-content-wrap\" style=\"max-width:1144px;margin-left: calc(-4% \/ 2 );margin-right: calc(-4% \/ 2 );\"><div class=\"fusion-layout-column fusion_builder_column fusion-builder-column-9 fusion_builder_column_1_1 1_1 fusion-flex-column\" style=\"--awb-bg-size:cover;--awb-width-large:100%;--awb-margin-top-large:0px;--awb-spacing-right-large:1.92%;--awb-margin-bottom-large:20px;--awb-spacing-left-large:1.92%;--awb-width-medium:100%;--awb-spacing-right-medium:1.92%;--awb-spacing-left-medium:1.92%;--awb-width-small:100%;--awb-spacing-right-small:1.92%;--awb-spacing-left-small:1.92%;\"><div class=\"fusion-column-wrapper fusion-flex-justify-content-flex-start fusion-content-layout-column\"><div class=\"fusion-text fusion-text-6\"><h3>Organizaciones internacionales<\/h3>\n<p><span style=\"font-weight: 400;\">La Confederaci\u00f3n Benedictina mantiene organizaciones mon\u00e1sticas internacionales para fomentar ciertos objetivos. Estas organizaciones tambi\u00e9n involucran a la Orden Cisterciense y a la Orden de Cistercienses de la Estricta Observancia, cuyo modo de vida tambi\u00e9n se basa en la Regla de San Benito. <\/span><\/p>\n<p><span style=\"font-weight: 400;\"><a href=\"http:\/\/www.aimintl.org\" target=\"_blank\" rel=\"noopener\">La Alianza para el Monasticismo Internacional<\/a> (AIM) promueve el desarrollo humano, cultural y religioso de los monasterios en todo el mundo, y de sus poblaciones circundantes. Facilita la reflexi\u00f3n entre las comunidades que viven bajo la Regla de San Benito. <\/span><\/p>\n<p><a href=\"https:\/\/dimmid.org\/\" target=\"_blank\" rel=\"noopener\"><span style=\"font-weight: 400;\">Dialogue Interreligieux Monastique \/ Monastic Interreligious Dialogue<\/span> <\/a><span style=\"font-weight: 400;\">(DIMMID) promueve y apoya el di\u00e1logo entre hombres y mujeres mon\u00e1sticos cristianos y seguidores de otras religiones, especialmente el di\u00e1logo a nivel de experiencia y pr\u00e1ctica religiosa.<\/span><\/p>\n<p><span style=\"font-weight: 400;\"><a href=\"https:\/\/benedictineeducation.org\/\" target=\"_blank\" rel=\"noopener\">La Comisi\u00f3n Internacional de Educaci\u00f3n Benedictina<\/a> (ICBE) promueve las escuelas en la tradici\u00f3n benedictina en todo el mundo.<\/span><\/p>\n<\/div><\/div><\/div><\/div><\/div><\/div><div class=\"fusion-fullwidth fullwidth-box fusion-builder-row-10 fusion-flex-container nonhundred-percent-fullwidth non-hundred-percent-height-scrolling\" style=\"--awb-border-radius-top-left:0px;--awb-border-radius-top-right:0px;--awb-border-radius-bottom-right:0px;--awb-border-radius-bottom-left:0px;--awb-flex-wrap:wrap;\" ><div class=\"fusion-builder-row fusion-row fusion-flex-align-items-flex-start fusion-flex-content-wrap\" style=\"max-width:1144px;margin-left: calc(-4% \/ 2 );margin-right: calc(-4% \/ 2 );\"><div class=\"fusion-layout-column fusion_builder_column fusion-builder-column-10 fusion_builder_column_1_1 1_1 fusion-flex-column\" style=\"--awb-bg-size:cover;--awb-width-large:100%;--awb-margin-top-large:0px;--awb-spacing-right-large:1.92%;--awb-margin-bottom-large:20px;--awb-spacing-left-large:1.92%;--awb-width-medium:100%;--awb-spacing-right-medium:1.92%;--awb-spacing-left-medium:1.92%;--awb-width-small:100%;--awb-spacing-right-small:1.92%;--awb-spacing-left-small:1.92%;\"><div class=\"fusion-column-wrapper fusion-flex-justify-content-flex-start fusion-content-layout-column\"><div class=\"fusion-text fusion-text-7\"><h3>Cooperaci\u00f3n regional<\/h3>\n<p><span style=\"font-weight: 400;\">Con el fin de fomentar la cooperaci\u00f3n a nivel regional, las comunidades mon\u00e1sticas han formado numerosas asociaciones, que difieren ampliamente en alcance y profundidad institucional.<\/span><\/p>\n<p><span style=\"font-weight: 400;\">ABECCA &#8211; Asociaci\u00f3n Benedictino-Cisterciense del Caribe y de los Andes<\/span><\/p>\n<p><span style=\"font-weight: 400;\">BEAOA \u2013 benedictinos del este de Asia, Ocean\u00eda y Australia<\/span><\/p>\n<p><span style=\"font-weight: 400;\">BECAN \u2013 asociaci\u00f3n benedictina y cisterciense de Nigeria<\/span><\/p>\n<p><span style=\"font-weight: 400;\">BECOSA \u2013 comunidades benedictinas de Sud\u00e1frica<\/span><\/p>\n<p>BUANZ &#8211; la Uni\u00f3n Benedictina de Australia y Nueva Zelanda<\/p>\n<p><span style=\"font-weight: 400;\">BUT \u2013 Uni\u00f3n Benedictina de Tanzania<\/span><\/p>\n<p><span style=\"font-weight: 400;\"><a href=\"http:\/\/www.cimbramonastica.org.br\">CIMBRA<\/a> \u2013 Conferencia de Intercambio Monastico do Brasil (Brasil \u2013 hombres y mujeres benedictinos y cistercienses)<\/span><\/p>\n<p><span style=\"font-weight: 400;\">CMF \u2013 Conf\u00e9rence Monastique de France<\/span><\/p>\n<p><span style=\"font-weight: 400;\">ISBF \u2013 federaci\u00f3n benedictina india y de Sri Lanka<\/span><\/p>\n<p><span style=\"font-weight: 400;\">S\u00c4K &#8211; Salzburger \u00c4btekonferenz (Alemania, Suiza, Austria \u2013 hombres benedictinos)<\/span><\/p>\n<p><span style=\"font-weight: 400;\"><a href=\"http:\/\/www.surco.org\">SURCO<\/a> \u2013 Conferencia de Comunidades Mon\u00e1sticas del Cono Sur (Argentina, Chile, Paraguay, Uruguay &#8211; hombres y mujeres benedictinos y cistercienses)  <\/span><\/p>\n<p><span style=\"font-weight: 400;\"><a href=\"http:\/\/www.benediktinerinnen.de\">VBD<\/a> &#8211; Vereinigung Benediktinischer Frauenkl\u00f6ster im deutschen Sprachgebiet. (Alemania, Suiza, Austria \u2013 mujeres benedictinas) <\/span><\/p>\n<\/div><\/div><\/div><\/div><\/div><\/p>\n","protected":false},"excerpt":{"rendered":"","protected":false},"author":1,"featured_media":0,"parent":13175,"menu_order":1,"comment_status":"closed","ping_status":"closed","template":"","meta":{"footnotes":""},"class_list":["post-13152","page","type-page","status-publish","hentry"],"_links":{"self":[{"href":"https:\/\/osb.org\/es\/wp-json\/wp\/v2\/pages\/13152","targetHints":{"allow":["GET"]}}],"collection":[{"href":"https:\/\/osb.org\/es\/wp-json\/wp\/v2\/pages"}],"about":[{"href":"https:\/\/osb.org\/es\/wp-json\/wp\/v2\/types\/page"}],"author":[{"embeddable":true,"href":"https:\/\/osb.org\/es\/wp-json\/wp\/v2\/users\/1"}],"replies":[{"embeddable":true,"href":"https:\/\/osb.org\/es\/wp-json\/wp\/v2\/comments?post=13152"}],"version-history":[{"count":0,"href":"https:\/\/osb.org\/es\/wp-json\/wp\/v2\/pages\/13152\/revisions"}],"up":[{"embeddable":true,"href":"https:\/\/osb.org\/es\/wp-json\/wp\/v2\/pages\/13175"}],"wp:attachment":[{"href":"https:\/\/osb.org\/es\/wp-json\/wp\/v2\/media?parent=13152"}],"curies":[{"name":"wp","href":"https:\/\/api.w.org\/{rel}","templated":true}]}}