{"id":13141,"date":"2018-05-14T14:03:13","date_gmt":"2018-05-14T12:03:13","guid":{"rendered":"https:\/\/osb.org\/nuestras-raices\/"},"modified":"2025-09-11T17:27:53","modified_gmt":"2025-09-11T15:27:53","slug":"nuestras-raices","status":"publish","type":"page","link":"https:\/\/osb.org\/es\/nuestras-raices\/","title":{"rendered":"Nuestras ra\u00edces"},"content":{"rendered":"<p><div class=\"fusion-fullwidth fullwidth-box fusion-builder-row-1 fusion-flex-container nonhundred-percent-fullwidth non-hundred-percent-height-scrolling\" style=\"--awb-border-radius-top-left:0px;--awb-border-radius-top-right:0px;--awb-border-radius-bottom-right:0px;--awb-border-radius-bottom-left:0px;--awb-flex-wrap:wrap;\" ><div class=\"fusion-builder-row fusion-row fusion-flex-align-items-flex-start fusion-flex-content-wrap\" style=\"max-width:1144px;margin-left: calc(-4% \/ 2 );margin-right: calc(-4% \/ 2 );\"><div class=\"fusion-layout-column fusion_builder_column fusion-builder-column-0 fusion_builder_column_3_4 3_4 fusion-flex-column\" style=\"--awb-bg-size:cover;--awb-width-large:75%;--awb-margin-top-large:0px;--awb-spacing-right-large:3.84%;--awb-margin-bottom-large:20px;--awb-spacing-left-large:2.56%;--awb-width-medium:100%;--awb-spacing-right-medium:1.92%;--awb-spacing-left-medium:1.92%;--awb-width-small:100%;--awb-spacing-right-small:1.92%;--awb-spacing-left-small:1.92%;\"><div class=\"fusion-column-wrapper fusion-flex-justify-content-flex-start fusion-content-layout-column\"><div class=\"fusion-image-element \" style=\"--awb-caption-title-font-family:var(--h2_typography-font-family);--awb-caption-title-font-weight:var(--h2_typography-font-weight);--awb-caption-title-font-style:var(--h2_typography-font-style);--awb-caption-title-size:var(--h2_typography-font-size);--awb-caption-title-transform:var(--h2_typography-text-transform);--awb-caption-title-line-height:var(--h2_typography-line-height);--awb-caption-title-letter-spacing:var(--h2_typography-letter-spacing);\"><span class=\" fusion-imageframe imageframe-none imageframe-1 hover-type-none fusion-animated\" style=\"border:1px solid #b14821;\" data-animationType=\"fadeInDown\" data-animationDuration=\"1.0\" data-animationOffset=\"top-into-view\"><a href=\"https:\/\/osb.org\/wp-content\/uploads\/2018\/07\/our_roots_0456_1-c.jpg\" class=\"fusion-lightbox\" data-rel=\"iLightbox[63a16b6c94fd0d12bb0]\" data-title=\"our_roots_0456_1-c\" title=\"our_roots_0456_1-c\"><img decoding=\"async\" width=\"1920\" height=\"1080\" src=\"https:\/\/osb.org\/wp-content\/uploads\/2018\/07\/our_roots_0456_1-c.jpg\" data-orig-src=\"http:\/\/osborg.anselmianum.com\/wp-content\/uploads\/2018\/07\/our_roots_0456_1-c.jpg\" alt class=\"lazyload img-responsive wp-image-3164\" srcset=\"data:image\/svg+xml,%3Csvg%20xmlns%3D%27http%3A%2F%2Fwww.w3.org%2F2000%2Fsvg%27%20width%3D%271920%27%20height%3D%271080%27%20viewBox%3D%270%200%201920%201080%27%3E%3Crect%20width%3D%271920%27%20height%3D%271080%27%20fill-opacity%3D%220%22%2F%3E%3C%2Fsvg%3E\" data-srcset=\"https:\/\/osb.org\/wp-content\/uploads\/2018\/07\/our_roots_0456_1-c-200x113.jpg 200w, https:\/\/osb.org\/wp-content\/uploads\/2018\/07\/our_roots_0456_1-c-400x225.jpg 400w, https:\/\/osb.org\/wp-content\/uploads\/2018\/07\/our_roots_0456_1-c-600x338.jpg 600w, https:\/\/osb.org\/wp-content\/uploads\/2018\/07\/our_roots_0456_1-c-800x450.jpg 800w, https:\/\/osb.org\/wp-content\/uploads\/2018\/07\/our_roots_0456_1-c-1200x675.jpg 1200w, https:\/\/osb.org\/wp-content\/uploads\/2018\/07\/our_roots_0456_1-c.jpg 1920w\" data-sizes=\"auto\" data-orig-sizes=\"(max-width: 1024px) 100vw, (max-width: 640px) 100vw, 800px\" \/><\/a><\/span><\/div><\/div><\/div><div class=\"fusion-layout-column fusion_builder_column fusion-builder-column-1 fusion_builder_column_1_4 1_4 fusion-flex-column\" style=\"--awb-bg-size:cover;--awb-width-large:25%;--awb-margin-top-large:0px;--awb-spacing-right-large:7.68%;--awb-margin-bottom-large:20px;--awb-spacing-left-large:3.84%;--awb-width-medium:100%;--awb-spacing-right-medium:1.92%;--awb-spacing-left-medium:1.92%;--awb-width-small:100%;--awb-spacing-right-small:1.92%;--awb-spacing-left-small:1.92%;\"><div class=\"fusion-column-wrapper fusion-flex-justify-content-flex-start fusion-content-layout-column\"><div ><a class=\"fusion-button button-flat fusion-button-default-size button-custom fusion-button-default button-1 fusion-button-span-yes fusion-button-default-type\" style=\"--button_accent_color:#ffffff;--button_accent_hover_color:#ffffff;--button_border_hover_color:#ffffff;--button_gradient_top_color:#1495be;--button_gradient_bottom_color:#1495be;--button_gradient_top_color_hover:#1abdf1;--button_gradient_bottom_color_hover:#1abdf1;\" target=\"_self\" title=\"San Benito\" aria-label=\"San Benito\" href=\"https:\/\/osb.org\/es\/nuestras-raices\/san-benito\/\"><span class=\"fusion-button-text awb-button__text awb-button__text--default\">San Benito<\/span><\/a><\/div><div class=\"fusion-separator fusion-full-width-sep\" style=\"align-self: center;margin-left: auto;margin-right: auto;margin-bottom:10px;width:100%;\"><\/div><div ><a class=\"fusion-button button-flat fusion-button-default-size button-custom fusion-button-default button-2 fusion-button-span-yes fusion-button-default-type\" style=\"--button_accent_color:#ffffff;--button_accent_hover_color:#ffffff;--button_border_hover_color:#ffffff;--button_gradient_top_color:#1495be;--button_gradient_bottom_color:#1495be;--button_gradient_top_color_hover:#1abdf1;--button_gradient_bottom_color_hover:#1abdf1;\" target=\"_self\" title=\"La regla\" aria-label=\"La regla\" href=\"https:\/\/osb.org\/es\/nuestras-raices\/la-regla\/\"><span class=\"fusion-button-text awb-button__text awb-button__text--default\">La regla<\/span><\/a><\/div><div class=\"fusion-separator fusion-full-width-sep\" style=\"align-self: center;margin-left: auto;margin-right: auto;margin-bottom:10px;width:100%;\"><\/div><div ><a class=\"fusion-button button-flat fusion-button-default-size button-custom fusion-button-default button-3 fusion-button-span-yes fusion-button-default-type\" style=\"--button_accent_color:#ffffff;--button_accent_hover_color:#ffffff;--button_border_hover_color:#ffffff;--button_gradient_top_color:#1495be;--button_gradient_bottom_color:#1495be;--button_gradient_top_color_hover:#1abdf1;--button_gradient_bottom_color_hover:#1abdf1;\" target=\"_self\" title=\"Breve historia de la orden benedictina\" aria-label=\"Breve historia de la orden benedictina\" href=\"https:\/\/osb.org\/our-roots\/a-brief-history-of-the-benedictine-order\/\"><span class=\"fusion-button-text awb-button__text awb-button__text--default\">Breve historia de la orden benedictina<\/span><\/a><\/div><\/div><\/div><\/div><\/div><div class=\"fusion-fullwidth fullwidth-box fusion-builder-row-2 fusion-flex-container nonhundred-percent-fullwidth non-hundred-percent-height-scrolling\" style=\"--awb-border-radius-top-left:0px;--awb-border-radius-top-right:0px;--awb-border-radius-bottom-right:0px;--awb-border-radius-bottom-left:0px;--awb-flex-wrap:wrap;\" ><div class=\"fusion-builder-row fusion-row fusion-flex-align-items-flex-start fusion-flex-content-wrap\" style=\"max-width:calc( 1100px + 0px );margin-left: calc(-0px \/ 2 );margin-right: calc(-0px \/ 2 );\"><div class=\"fusion-layout-column fusion_builder_column fusion-builder-column-2 fusion_builder_column_1_1 1_1 fusion-flex-column\" style=\"--awb-bg-size:cover;--awb-width-large:100%;--awb-margin-top-large:0px;--awb-spacing-right-large:0px;--awb-margin-bottom-large:20px;--awb-spacing-left-large:0px;--awb-width-medium:100%;--awb-spacing-right-medium:0px;--awb-spacing-left-medium:0px;--awb-width-small:100%;--awb-spacing-right-small:0px;--awb-spacing-left-small:0px;\"><div class=\"fusion-column-wrapper fusion-flex-justify-content-flex-start fusion-content-layout-column\"><div class=\"fusion-text fusion-text-1\"><h3>San Benito<\/h3>\n<p>Benito de Nursia fue un monje y abad que vivi\u00f3 en los siglos V y VI d.C. Fund\u00f3 varios monasterios y escribi\u00f3 una regla para monasterios que se convirti\u00f3 en fundamental para el monacato occidental. La Iglesia cat\u00f3lica lo venera como patr\u00f3n de Europa.  <\/p>\n<p>La principal fuente para la vida de Benito son los Cuatro Libros de Di\u00e1logos que el Papa Gregorio Magno escribi\u00f3 en 593\/594 d.C. El Libro Segundo est\u00e1 dedicado por completo a Benito, mostrando su viaje espiritual personal y retrat\u00e1ndolo como un gran asceta, un l\u00edder prof\u00e9tico de monjes y fundador de monasterios, como autor de una regla y hacedor de milagros. El texto se sit\u00faa en una tradici\u00f3n de escritos hagiogr\u00e1ficos y est\u00e1 m\u00e1s interesado en hechos espirituales que en detalles biogr\u00e1ficos. Se hace especial hincapi\u00e9 en escenas que se hacen eco de las de grandes figuras b\u00edblicas, especialmente de los profetas El\u00edas y Eliseo.<\/p>\n<\/div><div style=\"text-align:center;\"><a class=\"fusion-button button-flat fusion-button-default-size button-default fusion-button-default button-4 fusion-button-default-span \" style=\"--button_text_transform:uppercase;width:calc(100%);\" target=\"_self\" href=\"https:\/\/osb.org\/es\/nuestras-raices\/san-benito\/\"><span class=\"fusion-button-text awb-button__text awb-button__text--default\">seguir leyendo<\/span><\/a><\/div><\/div><\/div><\/div><\/div><div class=\"fusion-fullwidth fullwidth-box fusion-builder-row-3 fusion-flex-container nonhundred-percent-fullwidth non-hundred-percent-height-scrolling\" style=\"--awb-border-radius-top-left:0px;--awb-border-radius-top-right:0px;--awb-border-radius-bottom-right:0px;--awb-border-radius-bottom-left:0px;--awb-flex-wrap:wrap;\" ><div class=\"fusion-builder-row fusion-row fusion-flex-align-items-flex-start fusion-flex-content-wrap\" style=\"max-width:calc( 1100px + 0px );margin-left: calc(-0px \/ 2 );margin-right: calc(-0px \/ 2 );\"><div class=\"fusion-layout-column fusion_builder_column fusion-builder-column-3 fusion_builder_column_1_1 1_1 fusion-flex-column\" style=\"--awb-bg-size:cover;--awb-width-large:100%;--awb-margin-top-large:0px;--awb-spacing-right-large:0px;--awb-margin-bottom-large:20px;--awb-spacing-left-large:0px;--awb-width-medium:100%;--awb-spacing-right-medium:0px;--awb-spacing-left-medium:0px;--awb-width-small:100%;--awb-spacing-right-small:0px;--awb-spacing-left-small:0px;\"><div class=\"fusion-column-wrapper fusion-flex-justify-content-flex-start fusion-content-layout-column\"><div class=\"fusion-text fusion-text-2\"><h3><span style=\"font-weight: 400;\">La Regla de San Benito<\/span><\/h3>\n<p><span style=\"font-weight: 400;\">El movimiento mon\u00e1stico que comenz\u00f3 en Egipto y Siria en el siglo III y pronto se extendi\u00f3 al Mediterr\u00e1neo occidental utiliz\u00f3 y produjo todo tipo de textos: vidas de santos, relatos de viajes mon\u00e1sticos, descripciones de instituciones mon\u00e1sticas y homil\u00edas o charlas sobre temas espirituales. En el siglo IV surgi\u00f3 un nuevo tipo de texto: las reglas mon\u00e1sticas. Estas establec\u00edan la organizaci\u00f3n b\u00e1sica de una comunidad mon\u00e1stica, proporcionaban directrices para el abad y otros cargos, y explicaban los principios espirituales para los monjes. Sus autores no pretend\u00edan producir textos originales: copiaban de otras reglas que hab\u00edan encontrado, enriqueciendo y desarrollando una tradici\u00f3n cuyo objetivo no era la distinci\u00f3n literaria, sino la provisi\u00f3n de un manual \u00fatil para abades y monjes.   <\/span><\/p>\n<\/div><div style=\"text-align:center;\"><a class=\"fusion-button button-flat fusion-button-default-size button-default fusion-button-default button-5 fusion-button-default-span \" style=\"--button_text_transform:uppercase;width:calc(100%);\" target=\"_self\" href=\"https:\/\/osb.org\/es\/nuestras-raices\/la-regla\/\"><span class=\"fusion-button-text awb-button__text awb-button__text--default\">seguir leyendo<\/span><\/a><\/div><\/div><\/div><\/div><\/div><div class=\"fusion-fullwidth fullwidth-box fusion-builder-row-4 fusion-flex-container nonhundred-percent-fullwidth non-hundred-percent-height-scrolling\" style=\"--awb-border-radius-top-left:0px;--awb-border-radius-top-right:0px;--awb-border-radius-bottom-right:0px;--awb-border-radius-bottom-left:0px;--awb-flex-wrap:wrap;\" ><div class=\"fusion-builder-row fusion-row fusion-flex-align-items-flex-start fusion-flex-content-wrap\" style=\"max-width:calc( 1100px + 0px );margin-left: calc(-0px \/ 2 );margin-right: calc(-0px \/ 2 );\"><div class=\"fusion-layout-column fusion_builder_column fusion-builder-column-4 fusion_builder_column_1_1 1_1 fusion-flex-column\" style=\"--awb-bg-size:cover;--awb-width-large:100%;--awb-margin-top-large:0px;--awb-spacing-right-large:0px;--awb-margin-bottom-large:20px;--awb-spacing-left-large:0px;--awb-width-medium:100%;--awb-spacing-right-medium:0px;--awb-spacing-left-medium:0px;--awb-width-small:100%;--awb-spacing-right-small:0px;--awb-spacing-left-small:0px;\"><div class=\"fusion-column-wrapper fusion-flex-justify-content-flex-start fusion-content-layout-column\"><div class=\"fusion-text fusion-text-3\"><h3>La orden benedictina a trav\u00e9s de los siglos<\/h3>\n<p><span style=\"font-weight: 400;\">Tradicionalmente, se considera que el a\u00f1o 529 d. C. es el a\u00f1o en que San Benito fund\u00f3 el monasterio de Montecassino. Muri\u00f3 y fue enterrado all\u00ed alrededor del 547. Algunas d\u00e9cadas despu\u00e9s, el monasterio fue destruido y no fue reconstruido durante mucho tiempo. La comunidad mon\u00e1stica y la tradici\u00f3n viva de Benito parec\u00edan haber desaparecido.   <\/span><\/p>\n<\/div><div style=\"text-align:center;\"><a class=\"fusion-button button-flat fusion-button-default-size button-default fusion-button-default button-6 fusion-button-default-span \" style=\"--button_text_transform:uppercase;width:calc(100%);\" target=\"_self\" href=\"https:\/\/osb.org\/our-roots\/a-brief-history-of-the-benedictine-order\/\"><span class=\"fusion-button-text awb-button__text awb-button__text--default\">seguir leyendo<\/span><\/a><\/div><\/div><\/div><\/div><\/div><\/p>\n","protected":false},"excerpt":{"rendered":"","protected":false},"author":1,"featured_media":0,"parent":0,"menu_order":2,"comment_status":"closed","ping_status":"closed","template":"","meta":{"footnotes":""},"class_list":["post-13141","page","type-page","status-publish","hentry"],"_links":{"self":[{"href":"https:\/\/osb.org\/es\/wp-json\/wp\/v2\/pages\/13141","targetHints":{"allow":["GET"]}}],"collection":[{"href":"https:\/\/osb.org\/es\/wp-json\/wp\/v2\/pages"}],"about":[{"href":"https:\/\/osb.org\/es\/wp-json\/wp\/v2\/types\/page"}],"author":[{"embeddable":true,"href":"https:\/\/osb.org\/es\/wp-json\/wp\/v2\/users\/1"}],"replies":[{"embeddable":true,"href":"https:\/\/osb.org\/es\/wp-json\/wp\/v2\/comments?post=13141"}],"version-history":[{"count":0,"href":"https:\/\/osb.org\/es\/wp-json\/wp\/v2\/pages\/13141\/revisions"}],"wp:attachment":[{"href":"https:\/\/osb.org\/es\/wp-json\/wp\/v2\/media?parent=13141"}],"curies":[{"name":"wp","href":"https:\/\/api.w.org\/{rel}","templated":true}]}}