{"id":13120,"date":"2018-05-14T14:28:18","date_gmt":"2018-05-14T12:28:18","guid":{"rendered":"https:\/\/osb.org\/san-benito\/"},"modified":"2025-09-11T17:27:46","modified_gmt":"2025-09-11T15:27:46","slug":"san-benito","status":"publish","type":"page","link":"https:\/\/osb.org\/es\/nuestras-raices\/san-benito\/","title":{"rendered":"San Benito"},"content":{"rendered":"<div class=\"fusion-fullwidth fullwidth-box fusion-builder-row-1 fusion-flex-container nonhundred-percent-fullwidth non-hundred-percent-height-scrolling\" style=\"--awb-border-radius-top-left:0px;--awb-border-radius-top-right:0px;--awb-border-radius-bottom-right:0px;--awb-border-radius-bottom-left:0px;--awb-flex-wrap:wrap;\" ><div class=\"fusion-builder-row fusion-row fusion-flex-align-items-flex-start fusion-flex-content-wrap\" style=\"max-width:calc( 1100px + 0px );margin-left: calc(-0px \/ 2 );margin-right: calc(-0px \/ 2 );\"><div class=\"fusion-layout-column fusion_builder_column fusion-builder-column-0 fusion_builder_column_1_1 1_1 fusion-flex-column\" style=\"--awb-bg-size:cover;--awb-width-large:100%;--awb-margin-top-large:0px;--awb-spacing-right-large:0px;--awb-margin-bottom-large:20px;--awb-spacing-left-large:0px;--awb-width-medium:100%;--awb-spacing-right-medium:0px;--awb-spacing-left-medium:0px;--awb-width-small:100%;--awb-spacing-right-small:0px;--awb-spacing-left-small:0px;\"><div class=\"fusion-column-wrapper fusion-flex-justify-content-flex-start fusion-content-layout-column\"><div class=\"fusion-title title fusion-title-1 sep-underline sep-solid fusion-title-text fusion-title-size-four\" style=\"--awb-margin-top-small:0px;--awb-margin-right-small:0px;--awb-margin-bottom-small:20px;--awb-margin-left-small:0px;\"><h4 class=\"fusion-title-heading title-heading-left fusion-responsive-typography-calculated\" style=\"margin:0;--fontSize:20;--minFontSize:20;line-height:1.5;\"><p>Benedikt von Nursia : Bas\u00edlica de San Pedro y San Pablo, en Petersberg, color ajustado y recortado<br \/>\nPor GFreihalter &#8211; Trabajo propio, CC BY-SA 3.0, | <a href=\"https:\/\/commons.wikimedia.org\/w\/index.php?curid=19368907\">enlace<\/a> |<\/p><\/h4><\/div><div class=\"fusion-text fusion-text-1\"><h2>San Benito<\/h2>\n<p>Benito de Nursia fue un monje y abad que vivi\u00f3 en los siglos V y VI d.C. Fund\u00f3 varios monasterios y escribi\u00f3 una regla para monasterios que se convirti\u00f3 en fundamental para el monacato occidental. La Iglesia cat\u00f3lica lo venera como patr\u00f3n de Europa.  <\/p>\n<p>La principal fuente para la vida de Benito son los Cuatro Libros de Di\u00e1logos que el Papa Gregorio Magno escribi\u00f3 en 593\/594 d.C. El Libro Segundo est\u00e1 dedicado por completo a Benito, mostrando su viaje espiritual personal y retrat\u00e1ndolo como un gran asceta, un l\u00edder prof\u00e9tico de monjes y fundador de monasterios, como autor de una regla y hacedor de milagros. El texto se sit\u00faa en una tradici\u00f3n de escritos hagiogr\u00e1ficos y est\u00e1 m\u00e1s interesado en hechos espirituales que en detalles biogr\u00e1ficos. Se hace especial hincapi\u00e9 en escenas que se hacen eco de las de grandes figuras b\u00edblicas, especialmente de los profetas El\u00edas y Eliseo.   <\/p>\n<p>El esquema general de la vida de Benito, tal como lo presenta el Papa Gregorio, se ha enriquecido posteriormente con detalles tomados de las tradiciones locales y con conjeturas fundamentadas sobre fechas que se han convertido en parte de una cronolog\u00eda tradicional aceptada: Benito y su hermana gemela Escol\u00e1stica nacieron en una familia noble cristiana en Nursia (la actual Norcia), en el a\u00f1o 480 d.C. Benito fue a Roma para sus estudios. Se cans\u00f3 de la vida en Roma, al haber encontrado la vida de sus compa\u00f1eros disoluta e inmoral, y a sus maestros no cristianos y corruptos. Esto le llev\u00f3 a abandonar sus estudios en Roma para seguir una vida espiritual. Dej\u00f3 la ciudad con su fiel nodriza familiar Cirila, que lo acompa\u00f1\u00f3 hasta Enfide (la actual Affile). Benito pas\u00f3 un tiempo viviendo como ermita\u00f1o, en aislamiento espiritual en una cueva identificada posteriormente como el Sacro Speco en Subiaco. Los monjes de un monasterio cercano pidieron a Benito, que por entonces era un hombre santo muy conocido, que se convirtiera en su nuevo abad. Sin embargo, su insistencia en una disciplina mon\u00e1stica adecuada le enfrent\u00f3 a la comunidad, que intent\u00f3 envenenarlo. Benito escap\u00f3 milagrosamente del da\u00f1o y regres\u00f3 a su cueva. M\u00e1s tarde estableci\u00f3 12 monasterios cerca de Subiaco y residi\u00f3 en el 13\u00ba como abad. Alrededor del a\u00f1o 529 d.C. dej\u00f3 Subiaco con sus disc\u00edpulos m\u00e1s devotos hacia Cassino y fund\u00f3 un monasterio en la antigua acr\u00f3polis pagana de la colina que domina la ciudad. Aqu\u00ed escribi\u00f3 la sumamente influyente <a href=\"http:\/\/osborg.anselmianum.com\/our-roots\/the-rule\/\">Regla de los Monasterios<\/a> y sirvi\u00f3 como primer abad del nuevo monasterio hasta su muerte el 21 de marzo, tradicionalmente considerado en 547. Le sigui\u00f3 poco despu\u00e9s su hermana Escol\u00e1stica, que, inusualmente, fue enterrada en la misma tumba.            <\/p>\n<p>Los Di\u00e1logos del Papa Gregorio hicieron de Benito uno de los santos m\u00e1s populares de la pen\u00ednsula italiana. Miles de monasterios que finalmente llegaron a seguir su Regla tambi\u00e9n difundieron la veneraci\u00f3n de este santo. <\/p>\n<p>Seg\u00fan una tradici\u00f3n bien atestiguada, las reliquias de San Benito fueron trasladadas al monasterio de Fleury (Francia) en el a\u00f1o 672. Este traslado se celebra lit\u00fargicamente el 11 de julio. El traslado de las reliquias se discute en Montecassino, sin embargo, donde, tras el bombardeo del monasterio durante la Segunda Guerra Mundial, se descubri\u00f3 la tumba conjunta de Benito y su hermana, confirmando aparentemente el relato de sus entierros por el Papa Gregorio.  <\/p>\n<p>En 1947, el Papa P\u00edo XII reconoci\u00f3 a San Benito como el \u00abPadre de Europa\u00bb. En 1964, el Papa Pablo VI lo declar\u00f3 \u00abPatr\u00f3n de Europa\u00bb. El Papa Juan Pablo II ampli\u00f3 el grupo de Patronos de Europa, a\u00f1adiendo a Cirilo y Metodio en 1980, y a Catalina de Siena, Br\u00edgida de Suecia y Edith Stein en 2000.  <\/p>\n<p>La fiesta de San Benito se celebra generalmente el 11 de julio, pero los monasterios benedictinos tambi\u00e9n mantienen una celebraci\u00f3n el 21 de marzo.<\/p>\n<\/div><\/div><\/div><\/div><\/div>\n","protected":false},"excerpt":{"rendered":"","protected":false},"author":1,"featured_media":0,"parent":13141,"menu_order":1,"comment_status":"closed","ping_status":"closed","template":"","meta":{"footnotes":""},"class_list":["post-13120","page","type-page","status-publish","hentry"],"_links":{"self":[{"href":"https:\/\/osb.org\/es\/wp-json\/wp\/v2\/pages\/13120","targetHints":{"allow":["GET"]}}],"collection":[{"href":"https:\/\/osb.org\/es\/wp-json\/wp\/v2\/pages"}],"about":[{"href":"https:\/\/osb.org\/es\/wp-json\/wp\/v2\/types\/page"}],"author":[{"embeddable":true,"href":"https:\/\/osb.org\/es\/wp-json\/wp\/v2\/users\/1"}],"replies":[{"embeddable":true,"href":"https:\/\/osb.org\/es\/wp-json\/wp\/v2\/comments?post=13120"}],"version-history":[{"count":0,"href":"https:\/\/osb.org\/es\/wp-json\/wp\/v2\/pages\/13120\/revisions"}],"up":[{"embeddable":true,"href":"https:\/\/osb.org\/es\/wp-json\/wp\/v2\/pages\/13141"}],"wp:attachment":[{"href":"https:\/\/osb.org\/es\/wp-json\/wp\/v2\/media?parent=13120"}],"curies":[{"name":"wp","href":"https:\/\/api.w.org\/{rel}","templated":true}]}}