{"id":13067,"date":"2018-09-04T17:12:52","date_gmt":"2018-09-04T15:12:52","guid":{"rendered":"https:\/\/osb.org\/politica-de-privacidad\/"},"modified":"2025-09-11T17:26:20","modified_gmt":"2025-09-11T15:26:20","slug":"politica-de-privacidad","status":"publish","type":"page","link":"https:\/\/osb.org\/es\/politica-de-privacidad\/","title":{"rendered":"Pol\u00edtica de privacidad"},"content":{"rendered":"<div class=\"fusion-fullwidth fullwidth-box fusion-builder-row-1 fusion-flex-container has-pattern-background has-mask-background nonhundred-percent-fullwidth non-hundred-percent-height-scrolling\" style=\"--link_color: var(--awb-color6);--awb-border-radius-top-left:0px;--awb-border-radius-top-right:0px;--awb-border-radius-bottom-right:0px;--awb-border-radius-bottom-left:0px;--awb-flex-wrap:wrap;\" ><div class=\"fusion-builder-row fusion-row fusion-flex-align-items-flex-start fusion-flex-content-wrap\" style=\"max-width:1144px;margin-left: calc(-4% \/ 2 );margin-right: calc(-4% \/ 2 );\"><div class=\"fusion-layout-column fusion_builder_column fusion-builder-column-0 fusion_builder_column_1_1 1_1 fusion-flex-column\" style=\"--awb-bg-size:cover;--awb-width-large:100%;--awb-margin-top-large:0px;--awb-spacing-right-large:1.92%;--awb-margin-bottom-large:20px;--awb-spacing-left-large:1.92%;--awb-width-medium:100%;--awb-order-medium:0;--awb-spacing-right-medium:1.92%;--awb-spacing-left-medium:1.92%;--awb-width-small:100%;--awb-order-small:0;--awb-spacing-right-small:1.92%;--awb-spacing-left-small:1.92%;\"><div class=\"fusion-column-wrapper fusion-column-has-shadow fusion-flex-justify-content-flex-start fusion-content-layout-column\"><div class=\"accordian fusion-accordian\" style=\"--awb-border-size:1px;--awb-icon-size:13px;--awb-content-font-size:var(--awb-typography4-font-size);--awb-content-letter-spacing:var(--awb-typography4-letter-spacing);--awb-content-text-transform:var(--awb-typography4-text-transform);--awb-content-line-height:var(--awb-typography4-line-height);--awb-icon-alignment:left;--awb-hover-color:var(--awb-color1);--awb-border-color:var(--awb-color5);--awb-background-color:var(--awb-color1);--awb-divider-color:var(--awb-custom13);--awb-divider-hover-color:var(--awb-color5);--awb-icon-color:var(--awb-color1);--awb-title-color:var(--awb-custom12);--awb-content-color:var(--awb-custom14);--awb-icon-box-color:var(--awb-color5);--awb-toggle-hover-accent-color:var(--awb-color5);--awb-toggle-active-accent-color:var(--awb-custom12);--awb-title-font-family:var(--awb-typography3-font-family);--awb-title-font-weight:var(--awb-typography3-font-weight);--awb-title-font-style:var(--awb-typography3-font-style);--awb-title-font-size:var(--awb-typography3-font-size);--awb-title-letter-spacing:var(--awb-typography3-letter-spacing);--awb-title-line-height:var(--awb-typography3-line-height);--awb-title-text-transform:var(--awb-typography3-text-transform);--awb-content-font-family:var(--awb-typography4-font-family);--awb-content-font-weight:var(--awb-typography4-font-weight);--awb-content-font-style:var(--awb-typography4-font-style);\"><div class=\"panel-group fusion-toggle-icon-boxed\" id=\"accordion-13067-1\"><div class=\"fusion-panel panel-default panel-506fb057ccc1c5b78 fusion-toggle-no-divider fusion-toggle-boxed-mode\" style=\"--awb-content-font-size:var(--awb-typography4-font-size);--awb-content-letter-spacing:var(--awb-typography4-letter-spacing);--awb-content-text-transform:var(--awb-typography4-text-transform);--awb-content-line-height:var(--awb-typography4-line-height);--awb-content-font-family:var(--awb-typography4-font-family);--awb-content-font-weight:var(--awb-typography4-font-weight);--awb-content-font-style:var(--awb-typography4-font-style);--awb-title-font-family:var(--awb-typography3-font-family);--awb-title-font-weight:var(--awb-typography3-font-weight);--awb-title-font-style:var(--awb-typography3-font-style);--awb-title-font-size:var(--awb-typography3-font-size);--awb-title-letter-spacing:var(--awb-typography3-letter-spacing);--awb-title-line-height:var(--awb-typography3-line-height);--awb-title-text-transform:var(--awb-typography3-text-transform);--awb-title-color:var(--awb-custom12);--awb-content-color:var(--awb-custom14);\"><div class=\"panel-heading\"><h4 class=\"panel-title toggle\" id=\"toggle_506fb057ccc1c5b78\"><a aria-expanded=\"false\" aria-controls=\"506fb057ccc1c5b78\" role=\"button\" data-toggle=\"collapse\" data-target=\"#506fb057ccc1c5b78\" href=\"#506fb057ccc1c5b78\"><span class=\"fusion-toggle-icon-wrapper\" aria-hidden=\"true\"><i class=\"fa-fusion-box active-icon awb-icon-minus\" aria-hidden=\"true\"><\/i><i class=\"fa-fusion-box inactive-icon awb-icon-plus\" aria-hidden=\"true\"><\/i><\/span><span class=\"fusion-toggle-heading\">Pol\u00edtica de privacidad: ley de cookies<\/span><\/a><\/h4><\/div><div id=\"506fb057ccc1c5b78\" class=\"panel-collapse collapse \" aria-labelledby=\"toggle_506fb057ccc1c5b78\"><div class=\"panel-body toggle-content fusion-clearfix\">\n<h3>Informaci\u00f3n de contacto<\/h3>\n<p>OSB DOT ORG<br \/>Confederaci\u00f3n Benedictina<br \/>Piazza dei Cavalieri di Malta 5<br \/>00153 Roma<br \/>Italia<\/p>\n<p>osborg@anselmianum.com<\/p>\n<h1>Ley de cookies en OSB DOT ORG<\/h1>\n<p>La decisi\u00f3n de la Autoridad Italiana de Protecci\u00f3n de Datos<\/p>\n<p>La Autoridad Italiana (Personal) de Protecci\u00f3n de Datos (\u201cGarante per la protezione dei dati personali\u201d) emiti\u00f3 la decisi\u00f3n Disposiciones Simplificadas para Proporcionar Informaci\u00f3n y Obtener Consentimiento con Respecto a las Cookies (decisi\u00f3n n.\u00ba 229 del 8 de mayo de 2014) publicada el 3 de junio de 2014 en la Gaceta Oficial Italiana. V\u00e9ase: <\/p>\n<p><a href=\"http:\/\/www.garanteprivacy.it\/web\/guest\/home\/docweb\/-\/docweb-display\/docweb\/3167654.\">http:\/\/www.garanteprivacy.it\/web\/guest\/home\/docweb\/-\/docweb-display\/docweb\/3167654.<\/a><\/p>\n<h2>Cookies<\/h2>\n<p>Las p\u00e1ginas de un sitio web pueden contener texto, im\u00e1genes y otra informaci\u00f3n multimedia, pero tambi\u00e9n pueden contener \u201cinstrucciones\u201d que son ejecutadas autom\u00e1ticamente por el navegador del usuario. La p\u00e1gina web tambi\u00e9n puede contener instrucciones para almacenar informaci\u00f3n en el dispositivo del usuario (cookies). <\/p>\n<p>Las cookies se distinguen por un uso previsto diferente:<\/p>\n<p>Cookies t\u00e9cnicas: est\u00e1n destinadas \u00fanicamente a mejorar la experiencia de navegaci\u00f3n o a proporcionar un servicio solicitado espec\u00edficamente;<br \/>Cookies de perfil: en cambio, tienen el prop\u00f3sito de obtener informaci\u00f3n sobre el usuario que puede ser explotada para otros usos no solicitados por el usuario, por ejemplo, para transmitir mensajes publicitarios de mayor inter\u00e9s para el usuario.<\/p>\n<h3>Cookies en OSB DOT ORG<\/h3>\n<p>La decisi\u00f3n de la Autoridad de Protecci\u00f3n (consulte la misma para una mejor definici\u00f3n de los t\u00e9rminos), establece, para la protecci\u00f3n de los usuarios, que cada sitio debe declarar qu\u00e9 tipo (prop\u00f3sito) de cookie utiliza.<\/p>\n<p>A este respecto, informamos de que, en general, al acceder a p\u00e1ginas web o servicios proporcionados a trav\u00e9s de la web por OSB DOT ORG, es decir, p\u00e1ginas con URL \u2026osb.org\/\u2026, a menos que se indique expl\u00edcitamente lo contrario, solo se utilizan cookies t\u00e9cnicas. En general, OSB DOT ORG no produce ni publica p\u00e1ginas web que empleen cookies de perfil. <\/p>\n<p>Cualquier posible excepci\u00f3n a esta pol\u00edtica est\u00e1 claramente marcada en cada p\u00e1gina\/servicio afectado por la excepci\u00f3n.<\/p>\n<h3>Cookies de terceros<\/h3>\n<p>Algunas p\u00e1ginas web de OSB DOT ORG incorporan servicios de terceros. Para estas p\u00e1ginas, la pol\u00edtica seguida con respecto a las cookies es la de los proveedores externos de estos servicios. <\/p>\n<p>Algunos casos en los que se utilizan servicios de terceros:<\/p>\n<ul>\n<li>uso de servicios que permiten la interacci\u00f3n con redes sociales (por ejemplo, \u201cplugins sociales\u201d) u otras plataformas externas (por ejemplo: visualizaci\u00f3n de v\u00eddeos de Youtube, Google Maps);<\/li>\n<li>en el motor de b\u00fasqueda de OSB DOT ORG, se utiliza el Servicio de Indexaci\u00f3n de Google;<\/li>\n<li>en algunos cuestionarios, se pueden utilizar los servicios de generaci\u00f3n de Google;<\/li>\n<li>en el caso de referencia a servicios de compartici\u00f3n en la p\u00e1gina web.<\/li>\n<\/ul>\n<p>En todos estos casos, la pol\u00edtica seguida para las cookies es establecida y hecha evolucionar por cada proveedor externo a OSB DOT ORG.<\/p>\n<p>Las pol\u00edticas de terceros adoptadas para la privacidad \/ uso de cookies se pueden encontrar en las siguientes URL:<\/p>\n<p>Google\/youtube: <a href=\"http:\/\/www.google.it\/intl\/en\/policies\/technologies\/cookies\/\" target=\"_blank\" rel=\"noopener\">cookie<\/a> \u2013 <a href=\"http:\/\/www.google.co.uk\/intl\/en\/policies\/privacy\/\" target=\"_blank\" rel=\"noopener\">privacidad<\/a> ;  <br \/>Google web fonts: <a href=\"https:\/\/www.google.com\/policies\/privacy\/\" target=\"_blank\" rel=\"noopener\">privacidad<\/a> \u2013 <a href=\"https:\/\/developers.google.com\/fonts\/faq\" target=\"_blank\" rel=\"noopener\">Preguntas frecuentes<\/a> ;  <br \/>Adobe web fonts: <a href=\"https:\/\/www.adobe.com\/privacy\/policies\/adobe-fonts.html#:~:text=To%20provide%20the%20Adobe%20Fonts,of%20documents%20using%20the%20fonts.\" target=\"_blank\" rel=\"noopener\">privacidad<\/a>; <br \/>Vimeo: <a href=\"https:\/\/vimeo.com\/privacy\" target=\"_blank\" rel=\"noopener\">privacidad<\/a> ; <br \/>Facebook: <a href=\"https:\/\/www.facebook.com\/policies\/cookies\/\" target=\"_blank\" rel=\"noopener\">cookie<\/a> \u2013 <a href=\"https:\/\/www.facebook.com\/privacy\/explanation\" target=\"_blank\" rel=\"noopener\">privacidad<\/a> ;  <br \/>X: <a href=\"https:\/\/support.twitter.com\/articles\/20170519#\" target=\"_blank\" rel=\"noopener\">cookie<\/a> \u2013 <a href=\"https:\/\/twitter.com\/privacy?lang=it\" target=\"_blank\" rel=\"noopener\">privacidad<\/a> ;  <br \/>Soundcloud: <a href=\"https:\/\/soundcloud.com\/pages\/privacy\" target=\"_blank\" rel=\"noopener\">privacidad<\/a> ; <br \/>Flickr: <a href=\"https:\/\/www.flickr.com\/help\/cookies\">Cookie<\/a> \u2013 <a href=\"https:\/\/www.flickr.com\/help\/privacy\" target=\"_blank\" rel=\"noopener\">Privacidad<\/a> ;<br \/>Las p\u00e1ginas web \u2026osb.org\/\u2026 del sitio tambi\u00e9n est\u00e1n utilizando el servicio de <a href=\"https:\/\/support.google.com\/analytics\/answer\/6004245\" target=\"_blank\" rel=\"noopener\">Google Analytics<\/a> con fines estad\u00edsticos donde solo se utilizan datos agregados (no personales).<\/p>\n<p>Avada es el tema de WordPress utilizado por OSB DOT ORG. Cuando se utiliza la opci\u00f3n \u201cConsentimiento de privacidad\u201d, Avada crear\u00e1 una cookie con el nombre \u201cprivacy_embeds\u201d en los clientes de usuario que navegan por su sitio para administrar y almacenar el consentimiento del usuario para cargar las diferentes incrustaciones de terceros y scripts de seguimiento. <\/p>\n<h3>C\u00f3mo limitar el uso de cookies<\/h3>\n<p>Puede denegar o limitar el uso de cookies cambiando las opciones de privacidad o seguridad de su navegador. En particular: <\/p>\n<ul>\n<li>Puede saber qu\u00e9 cookies est\u00e1n almacenadas actualmente por su navegador<\/li>\n<li>Puede eliminar todas las cookies o selectivamente solo aquellas no deseadas<\/li>\n<li>Puede denegar el uso de todas las cookies (con esta opci\u00f3n no hay garant\u00eda de disponibilidad total de todos los servicios en este sitio web)<\/li>\n<li>Puede denegar el uso de cookies de terceros que no sean del sitio que est\u00e1 visitando<\/li>\n<li>Puede permitir el uso de cookies para algunos sitios.<\/li>\n<\/ul>\n<h3>Contenido incrustado de otros sitios web: m\u00e1s informaci\u00f3n<\/h3>\n<p>Los art\u00edculos de este sitio pueden incluir contenido incrustado (por ejemplo, v\u00eddeos, im\u00e1genes, art\u00edculos, etc.). El contenido incrustado de otros sitios web se comporta exactamente de la misma manera que si el visitante hubiera visitado el otro sitio web. <\/p>\n<p>Estos sitios web pueden recopilar datos sobre usted, utilizar cookies, incrustar un seguimiento adicional de terceros y supervisar su interacci\u00f3n con ese contenido incrustado, incluido el seguimiento de su interacci\u00f3n con el contenido incrustado si tiene una cuenta y ha iniciado sesi\u00f3n en ese sitio web.<\/p>\n<p>A continuaci\u00f3n, se muestra una muestra del contenido y las aplicaciones de terceros que utilizamos, con explicaciones sobre los datos que recopilan y c\u00f3mo puede evitar esta recopilaci\u00f3n de datos. NO es una muestra exhaustiva. <\/p>\n<h3>WPML<\/h3>\n<p>WPML utiliza cookies para identificar el idioma actual del visitante, el \u00faltimo idioma visitado y el idioma de los usuarios que han iniciado sesi\u00f3n. No se compartir\u00e1n datos del propio usuario. <\/p>\n<h3>YouTube<\/h3>\n<p>Nuestro sitio web utiliza plugins de YouTube, que es operado por Google. El operador de las p\u00e1ginas es YouTube LLC, 901 Cherry Ave., San Bruno, CA 94066, EE. UU. <\/p>\n<p>Si visita una de nuestras p\u00e1ginas con un plugin de YouTube, se establece una conexi\u00f3n con los servidores de YouTube. Aqu\u00ed se informa al servidor de YouTube sobre cu\u00e1les de nuestras p\u00e1ginas ha visitado. <\/p>\n<p>Si ha iniciado sesi\u00f3n en su cuenta de YouTube, YouTube le permite asociar su comportamiento de navegaci\u00f3n directamente con su perfil personal. Puede evitar esto cerrando la sesi\u00f3n de su cuenta de YouTube. <\/p>\n<p>YouTube se utiliza para ayudar a que nuestro sitio web sea atractivo. Esto constituye un inter\u00e9s justificado de conformidad con el Art. 6 (1) (f) DSGVO. <\/p>\n<p>Puede encontrar m\u00e1s informaci\u00f3n sobre el manejo de los datos del usuario en la declaraci\u00f3n de protecci\u00f3n de datos de YouTube en <a href=\"https:\/\/www.google.de\/intl\/de\/policies\/privacy\" target=\"_blank\" rel=\"noopener\">https:\/\/www.google.de\/intl\/de\/policies\/privacy<\/a>.<\/p>\n<h3>Vimeo<\/h3>\n<p>Nuestro sitio web utiliza funciones proporcionadas por el portal de v\u00eddeo Vimeo. Este servicio es proporcionado por Vimeo Inc., 555 West 18th Street, New York, New York 10011, EE. UU. <\/p>\n<p>Si visita una de nuestras p\u00e1ginas con un plugin de Vimeo, se establece una conexi\u00f3n con los servidores de Vimeo. Aqu\u00ed se informa al servidor de Vimeo sobre cu\u00e1les de nuestras p\u00e1ginas ha visitado. Adem\u00e1s, Vimeo recibir\u00e1 su direcci\u00f3n IP. Esto tambi\u00e9n se aplica si no ha iniciado sesi\u00f3n en Vimeo cuando visita nuestro plugin o no tiene una cuenta de Vimeo. La informaci\u00f3n se transmite a un servidor de Vimeo en los EE. UU., donde se almacena.    <\/p>\n<p>Si ha iniciado sesi\u00f3n en su cuenta de Vimeo, Vimeo le permite asociar su comportamiento de navegaci\u00f3n directamente con su perfil personal. Puede evitar esto cerrando la sesi\u00f3n de su cuenta de Vimeo. <\/p>\n<p>Para obtener m\u00e1s informaci\u00f3n sobre c\u00f3mo manejar los datos del usuario, consulte la Pol\u00edtica de privacidad de Vimeo en <a href=\"https:\/\/vimeo.com\/privacy\" target=\"_blank\" rel=\"noopener\">https:\/\/vimeo.com\/privacy<\/a>.<\/p>\n<h3>Google web fonts<\/h3>\n<p>Para una representaci\u00f3n uniforme de las fuentes, esta p\u00e1gina utiliza fuentes web proporcionadas por Google. Cuando abre una p\u00e1gina, su navegador carga las fuentes web necesarias en la cach\u00e9 de su navegador para mostrar los textos y las fuentes correctamente. <\/p>\n<p>Para este prop\u00f3sito, su navegador tiene que establecer una conexi\u00f3n directa con los servidores de Google. Por lo tanto, Google se da cuenta de que se accedi\u00f3 a nuestra p\u00e1gina web a trav\u00e9s de su direcci\u00f3n IP. El uso de Google Web fonts se realiza en inter\u00e9s de una presentaci\u00f3n uniforme y atractiva de nuestro plugin. Esto constituye un inter\u00e9s justificado de conformidad con el Art. 6 (1) (f) DSGVO.   <\/p>\n<p>Si su navegador no es compatible con las fuentes web, su ordenador utiliza una fuente est\u00e1ndar.<\/p>\n<p>Puede encontrar m\u00e1s informaci\u00f3n sobre el manejo de los datos del usuario en <a href=\"https:\/\/developers.google.com\/fonts\/faq\" target=\"_blank\" rel=\"noopener\">https:\/\/developers.google.com\/fonts\/faq<\/a> y en la pol\u00edtica de privacidad de Google en <a href=\"https:\/\/www.google.com\/policies\/privacy\/\" target=\"_blank\" rel=\"noopener\">https:\/\/www.google.com\/policies\/privacy\/<\/a>.<\/p>\n<h3>Adobe web fonts<\/h3>\n<p>Seg\u00fan el sitio web de Adobe, \u201cAl proporcionar el servicio Adobe Fonts para sitios web, no establecemos ni utilizamos cookies para servir nuestras fuentes\u201d. Para obtener m\u00e1s informaci\u00f3n, visite la p\u00e1gina web de Adobe correspondiente. <\/p>\n<h3>SoundCloud<\/h3>\n<p>En nuestras p\u00e1ginas, se pueden integrar plugins de la red social SoundCloud (SoundCloud Limited, Berners House, 47-48 Berners Street, London W1T 3NF, Reino Unido). Los plugins de SoundCloud se pueden reconocer por el logotipo de SoundCloud en nuestro sitio. <\/p>\n<p>Cuando visita nuestro sitio, se establece una conexi\u00f3n directa entre su navegador y el servidor de SoundCloud a trav\u00e9s del plugin. Esto permite a SoundCloud recibir informaci\u00f3n de que ha visitado nuestro sitio desde su direcci\u00f3n IP. Si hace clic en los botones \u201cMe gusta\u201d o \u201cCompartir\u201d mientras ha iniciado sesi\u00f3n en su cuenta de SoundCloud, puede vincular el contenido de nuestras p\u00e1ginas a su perfil de SoundCloud. Esto significa que SoundCloud puede asociar las visitas a nuestras p\u00e1ginas con su cuenta de usuario. Nos gustar\u00eda se\u00f1alar que, como proveedor de estas p\u00e1ginas, no tenemos conocimiento del contenido de los datos transmitidos ni de c\u00f3mo ser\u00e1n utilizados por SoundCloud. Para obtener m\u00e1s informaci\u00f3n sobre la pol\u00edtica de privacidad de SoundCloud, visite <a href=\"https:\/\/soundcloud.com\/pages\/privacy\" target=\"_blank\" rel=\"noopener\">https:\/\/soundcloud.com\/pages\/privacy<\/a>.     <\/p>\n<p>Si no desea que SoundCloud asocie su visita a nuestro sitio con su cuenta de SoundCloud, cierre la sesi\u00f3n de su cuenta de SoundCloud.<\/p>\n<h3>Plugin de registro de actividad<\/h3>\n<p>Si es un usuario registrado, guardamos su actividad de contenido, como crear\/actualizar\/eliminar publicaciones y comentarios.<\/p>\n<\/div><\/div><\/div><div class=\"fusion-panel panel-default panel-a5af007c3c5da9d38 fusion-toggle-no-divider fusion-toggle-boxed-mode\" style=\"--awb-content-font-size:var(--awb-typography4-font-size);--awb-content-letter-spacing:var(--awb-typography4-letter-spacing);--awb-content-text-transform:var(--awb-typography4-text-transform);--awb-content-line-height:var(--awb-typography4-line-height);--awb-content-font-family:var(--awb-typography4-font-family);--awb-content-font-weight:var(--awb-typography4-font-weight);--awb-content-font-style:var(--awb-typography4-font-style);--awb-title-font-family:var(--awb-typography3-font-family);--awb-title-font-weight:var(--awb-typography3-font-weight);--awb-title-font-style:var(--awb-typography3-font-style);--awb-title-font-size:var(--awb-typography3-font-size);--awb-title-letter-spacing:var(--awb-typography3-letter-spacing);--awb-title-line-height:var(--awb-typography3-line-height);--awb-title-text-transform:var(--awb-typography3-text-transform);--awb-title-color:var(--awb-custom12);--awb-content-color:var(--awb-custom14);\"><div class=\"panel-heading\"><h4 class=\"panel-title toggle\" id=\"toggle_a5af007c3c5da9d38\"><a aria-expanded=\"false\" aria-controls=\"a5af007c3c5da9d38\" role=\"button\" data-toggle=\"collapse\" data-target=\"#a5af007c3c5da9d38\" href=\"#a5af007c3c5da9d38\"><span class=\"fusion-toggle-icon-wrapper\" aria-hidden=\"true\"><i class=\"fa-fusion-box active-icon awb-icon-minus\" aria-hidden=\"true\"><\/i><i class=\"fa-fusion-box inactive-icon awb-icon-plus\" aria-hidden=\"true\"><\/i><\/span><span class=\"fusion-toggle-heading\">Pol\u00edtica de privacidad: Recopilaci\u00f3n y uso de datos<\/span><\/a><\/h4><\/div><div id=\"a5af007c3c5da9d38\" class=\"panel-collapse collapse \" aria-labelledby=\"toggle_a5af007c3c5da9d38\"><div class=\"panel-body toggle-content fusion-clearfix\">En construcci\u00f3n<\/div><\/div><\/div><\/div><\/div><\/div><\/div><\/div><\/div>\n","protected":false},"excerpt":{"rendered":"","protected":false},"author":1,"featured_media":0,"parent":0,"menu_order":0,"comment_status":"closed","ping_status":"closed","template":"","meta":{"footnotes":""},"class_list":["post-13067","page","type-page","status-publish","hentry"],"_links":{"self":[{"href":"https:\/\/osb.org\/es\/wp-json\/wp\/v2\/pages\/13067","targetHints":{"allow":["GET"]}}],"collection":[{"href":"https:\/\/osb.org\/es\/wp-json\/wp\/v2\/pages"}],"about":[{"href":"https:\/\/osb.org\/es\/wp-json\/wp\/v2\/types\/page"}],"author":[{"embeddable":true,"href":"https:\/\/osb.org\/es\/wp-json\/wp\/v2\/users\/1"}],"replies":[{"embeddable":true,"href":"https:\/\/osb.org\/es\/wp-json\/wp\/v2\/comments?post=13067"}],"version-history":[{"count":0,"href":"https:\/\/osb.org\/es\/wp-json\/wp\/v2\/pages\/13067\/revisions"}],"wp:attachment":[{"href":"https:\/\/osb.org\/es\/wp-json\/wp\/v2\/media?parent=13067"}],"curies":[{"name":"wp","href":"https:\/\/api.w.org\/{rel}","templated":true}]}}