{"id":13181,"date":"2018-05-16T14:41:25","date_gmt":"2018-05-16T12:41:25","guid":{"rendered":"https:\/\/osb.org\/moench-oder-nonne-werden\/"},"modified":"2025-09-11T17:31:42","modified_gmt":"2025-09-11T15:31:42","slug":"moench-oder-nonne-werden","status":"publish","type":"page","link":"https:\/\/osb.org\/de\/moench-oder-nonne-werden\/","title":{"rendered":"M\u00f6nch oder Nonne werden"},"content":{"rendered":"<div class=\"fusion-fullwidth fullwidth-box fusion-builder-row-1 fusion-flex-container nonhundred-percent-fullwidth non-hundred-percent-height-scrolling\" style=\"--awb-border-radius-top-left:0px;--awb-border-radius-top-right:0px;--awb-border-radius-bottom-right:0px;--awb-border-radius-bottom-left:0px;--awb-flex-wrap:wrap;\" ><div class=\"fusion-builder-row fusion-row fusion-flex-align-items-flex-start fusion-flex-content-wrap\" style=\"max-width:calc( 1100px + 0px );margin-left: calc(-0px \/ 2 );margin-right: calc(-0px \/ 2 );\"><div class=\"fusion-layout-column fusion_builder_column fusion-builder-column-0 fusion_builder_column_1_1 1_1 fusion-flex-column\" style=\"--awb-bg-size:cover;--awb-width-large:100%;--awb-margin-top-large:0px;--awb-spacing-right-large:0px;--awb-margin-bottom-large:20px;--awb-spacing-left-large:0px;--awb-width-medium:100%;--awb-spacing-right-medium:0px;--awb-spacing-left-medium:0px;--awb-width-small:100%;--awb-spacing-right-small:0px;--awb-spacing-left-small:0px;\"><div class=\"fusion-column-wrapper fusion-flex-justify-content-flex-start fusion-content-layout-column\"><div class=\"fusion-text fusion-text-1\"><div id=\"lipsum\">\n<h3>M\u00f6nch oder Nonne werden<\/h3>\n<p>Wenn Jesus uns ruft, ihm zu folgen, ist der Weg nicht immer sofort klar. Jede Berufungsgeschichte ist einzigartig und oft voller \u00dcberraschungen. <\/p>\n<p>Da unsere Kl\u00f6ster autonom sind, ist der Ruf zum benediktinischen Leben ein Ruf, in einer bestimmten Gemeinschaft zu leben und deren Br\u00e4uche zu befolgen. Aus diesem Grund werden Berufungsanfragen von den einzelnen Kl\u00f6stern bearbeitet, nicht von einer zentralen Organisation. Und der Prozess des Klostereintritts unterscheidet sich von Gemeinschaft zu Gemeinschaft.  <\/p>\n<p>Dennoch sind die Stufen unseres Lebens vor dem endg\u00fcltigen Gel\u00fcbde gr\u00f6\u00dftenteils gleich:<\/p>\n<p><strong>Kandidat\/in<\/strong>. Eine junge Frau oder ein junger Mann besucht das Kloster \u00fcber einen bestimmten Zeitraum und spricht mit dem Berufungsleiter und\/oder dem Oberen, die der Person helfen, ihre Berufung zu erkennen. <\/p>\n<p><strong>Postulat<\/strong>. Der Kandidat\/die Kandidatin tritt in das Kloster ein und beginnt, als Mitglied der Gemeinschaft zu leben, wobei er\/sie Anweisungen vom Novizenmeister erh\u00e4lt. <\/p>\n<p><strong>Noviziat<\/strong>. Nach einigen Monaten als Postulant\/in wird der Mann oder die Frau mit dem Ordensgewand eingekleidet und wird Mitglied unseres Ordens, wobei er\/sie weiterhin Anleitung und Unterweisung vom Novizenmeister erh\u00e4lt. Das Noviziat dauert ein oder zwei Jahre.  <\/p>\n<p><strong>Zeitliche Gel\u00fcbde<\/strong>. Nach dem Noviziat kann der Novize\/die Novizin zu den zeitlichen Gel\u00fcbden zugelassen werden. Die Jahre der zeitlichen Profess sind eine Zeit f\u00fcr weiteres Studium und die Verinnerlichung der monastischen Lebensweise des Evangeliums sowie eine tiefere Integration in die Gemeinschaft.  <\/p>\n<p><strong>Ewige Gel\u00fcbde<\/strong>. Nach mindestens 3 und h\u00f6chstens 9 Jahren zeitlicher Gel\u00fcbde kann die junge Professschwester oder der junge Professbruder zu den ewigen Gel\u00fcbden zugelassen werden, die auf Lebenszeit abgelegt werden. <\/p>\n<p>Wenn m\u00f6glich, ist es in der Regel am besten, Kl\u00f6ster im eigenen Land zu suchen, oder, wo diese nicht existieren, in einer \u00e4hnlichen Kultur oder zumindest einer vertrauten Sprache. Sie k\u00f6nnen den <a href=\"http:\/\/www.osbatlas.com\/\">atlas.osb<\/a> nutzen, um die Ihnen n\u00e4chstgelegenen Kl\u00f6ster zu finden. Sie k\u00f6nnen die Kl\u00f6ster dann direkt besuchen oder anschreiben.  <\/p>\n<p>Wenn Sie das Gef\u00fchl haben, dass Gott Sie zu unserer Lebensweise berufen k\u00f6nnte, ermutigen wir Sie, unsere Kl\u00f6ster \u00fcber diese Website und die Links zu den Websites einzelner Gemeinschaften zu erkunden, indem Sie auf den untenstehenden Link zum OSB-Atlas klicken.<\/p>\n<p>Gott segne Sie!<\/p>\n<\/div>\n<\/div><div ><a class=\"fusion-button button-flat fusion-button-default-size button-custom fusion-button-default button-1 fusion-button-span-yes fusion-button-default-type\" style=\"--button_accent_color:#ffffff;--button_accent_hover_color:#ffffff;--button_border_hover_color:#ffffff;--button_gradient_top_color:#1495be;--button_gradient_bottom_color:#1495be;--button_gradient_top_color_hover:#72cee0;--button_gradient_bottom_color_hover:#72cee0;\" target=\"_self\" href=\"http:\/\/www.osbatlas.com\/default.asp?id=352\"><span class=\"fusion-button-text awb-button__text awb-button__text--default\">Kl\u00f6ster weltweit<\/span><\/a><\/div><\/div><\/div><\/div><\/div>\n","protected":false},"excerpt":{"rendered":"","protected":false},"author":7,"featured_media":0,"parent":0,"menu_order":4,"comment_status":"closed","ping_status":"closed","template":"","meta":{"footnotes":""},"class_list":["post-13181","page","type-page","status-publish","hentry"],"_links":{"self":[{"href":"https:\/\/osb.org\/de\/wp-json\/wp\/v2\/pages\/13181","targetHints":{"allow":["GET"]}}],"collection":[{"href":"https:\/\/osb.org\/de\/wp-json\/wp\/v2\/pages"}],"about":[{"href":"https:\/\/osb.org\/de\/wp-json\/wp\/v2\/types\/page"}],"author":[{"embeddable":true,"href":"https:\/\/osb.org\/de\/wp-json\/wp\/v2\/users\/7"}],"replies":[{"embeddable":true,"href":"https:\/\/osb.org\/de\/wp-json\/wp\/v2\/comments?post=13181"}],"version-history":[{"count":0,"href":"https:\/\/osb.org\/de\/wp-json\/wp\/v2\/pages\/13181\/revisions"}],"wp:attachment":[{"href":"https:\/\/osb.org\/de\/wp-json\/wp\/v2\/media?parent=13181"}],"curies":[{"name":"wp","href":"https:\/\/api.w.org\/{rel}","templated":true}]}}