{"id":13179,"date":"2018-05-16T10:08:40","date_gmt":"2018-05-16T08:08:40","guid":{"rendered":"https:\/\/osb.org\/der-benediktinerorden\/verzeichnis-der-osb-kongregationen\/"},"modified":"2025-09-15T20:58:13","modified_gmt":"2025-09-15T18:58:13","slug":"verzeichnis-der-osb-kongregationen","status":"publish","type":"page","link":"https:\/\/osb.org\/de\/der-benediktinerorden\/verzeichnis-der-osb-kongregationen\/","title":{"rendered":"Verzeichnis der OSB-Kongregationen"},"content":{"rendered":"<div class=\"fusion-fullwidth fullwidth-box fusion-builder-row-1 fusion-flex-container nonhundred-percent-fullwidth non-hundred-percent-height-scrolling\" style=\"--awb-border-radius-top-left:0px;--awb-border-radius-top-right:0px;--awb-border-radius-bottom-right:0px;--awb-border-radius-bottom-left:0px;--awb-flex-wrap:wrap;\" ><div class=\"fusion-builder-row fusion-row fusion-flex-align-items-flex-start fusion-flex-content-wrap\" style=\"max-width:1144px;margin-left: calc(-4% \/ 2 );margin-right: calc(-4% \/ 2 );\"><div class=\"fusion-layout-column fusion_builder_column fusion-builder-column-0 fusion_builder_column_1_1 1_1 fusion-flex-column\" style=\"--awb-bg-size:cover;--awb-width-large:100%;--awb-margin-top-large:0px;--awb-spacing-right-large:1.92%;--awb-margin-bottom-large:20px;--awb-spacing-left-large:1.92%;--awb-width-medium:100%;--awb-spacing-right-medium:1.92%;--awb-spacing-left-medium:1.92%;--awb-width-small:100%;--awb-spacing-right-small:1.92%;--awb-spacing-left-small:1.92%;\"><div class=\"fusion-column-wrapper fusion-flex-justify-content-flex-start fusion-content-layout-column\"><div class=\"fusion-text fusion-text-1\" style=\"--awb-font-size:var(--awb-typography4-font-size);--awb-line-height:var(--awb-typography4-line-height);--awb-letter-spacing:var(--awb-typography4-letter-spacing);--awb-text-transform:var(--awb-typography4-text-transform);--awb-text-color:var(--awb-custom12);--awb-text-font-family:var(--awb-typography4-font-family);--awb-text-font-weight:var(--awb-typography4-font-weight);--awb-text-font-style:var(--awb-typography4-font-style);\"><h2>Verzeichnis der OSB-Kongregationen<\/h2>\n<h3>Klosterkongregationen, die die Benediktinerkonf\u00f6deration bilden<\/h3>\n<p>Die Benediktinerkonf\u00f6deration besteht aus den folgenden 19 Kongregationen, die in der traditionellen Rangfolge aufgef\u00fchrt sind.<\/p>\n<ol>\n<li><a href=\"http:\/\/www.benedettinisublacensicassinesi.org\/\">Subiaco-Cassinese Kongregation<\/a><\/li>\n<li><a href=\"http:\/\/www.benedictines.org.uk\/\">Englische Kongregation<\/a><\/li>\n<li><a href=\"https:\/\/bences.hu\/cikk\/a_bences_kongregacio_mas_hazai_.html\">Ungarische Kongregation<\/a><\/li>\n<li><a href=\"http:\/\/www.ch.benediktiner.de\/\">Schweizer Kongregation<\/a><\/li>\n<li><a href=\"http:\/\/www.benediktiner.at\/home\/\">\u00d6sterreichische Kongregation<\/a><\/li>\n<li><a href=\"http:\/\/bayern.benediktiner.de\/\">Bayerische Kongregation<\/a><\/li>\n<li><a href=\"http:\/\/www.cimbramonastica.org.br\/cimbra\/index.php\/comunidades-integrantes\/osb-ordem-de-sao-bento\/beneditinos\">Brasilianische Kongregation<\/a><\/li>\n<li><a href=\"http:\/\/www.abbayedesolesmes.fr\/la-congregation\">Solesmeser Kongregation<\/a><\/li>\n<li><a href=\"http:\/\/www.amcass.org\/\">Amerikanisch-Cassinese Kongregation<\/a><\/li>\n<li><a href=\"http:\/\/www.benediktiner.de\/\">Beuroner Kongregation<\/a><\/li>\n<li><a href=\"http:\/\/www.swissamericanmonks.org\/\">Schweizerisch-Amerikanische Kongregation<\/a><\/li>\n<li><a href=\"http:\/\/www.ottilien.org\/\">St. Ottilien Kongregation<\/a><\/li>\n<li><a href=\"http:\/\/www.osbatlas.com\/default.asp?id=345&amp;id_n=27\">Kongregation der Verk\u00fcndigung<\/a><\/li>\n<li><a href=\"http:\/\/www.osbatlas.com\/default.asp?id=369&amp;id_n=28\">Slawische Kongregation<\/a><\/li>\n<li><a href=\"http:\/\/www.monteolivetomaggiore.it\/vita-monastica\/i-monaci-benedettini-olivetani\/\">Olivetaner Kongregation<\/a><\/li>\n<li><a href=\"http:\/\/www.monaci.org\/\">Vallombrosaner Kongregation<\/a><\/li>\n<li><a href=\"http:\/\/www.camaldoli.it\/\">Kamaldulenser Kongregation<\/a><\/li>\n<li><a href=\"http:\/\/www.silvestrini.org\/\">Sylvestriner Kongregation<\/a><\/li>\n<li><a href=\"http:\/\/www.surco.org\/\">Cono-Sur Kongregation <\/a><\/li>\n<\/ol>\n<p>Zudem gibt es mehrere unabh\u00e4ngige Kl\u00f6ster, die der Konf\u00f6deration angeh\u00f6ren, ohne Teil einer Kongregation zu sein.<\/p>\n<h2 align=\"center\"> <\/h2>\n<h2>Benediktinerinnen<\/h2>\n<p>Frauenkl\u00f6ster, die mit der Benediktinerkonf\u00f6deration verbunden sind, bilden die<i> <a href=\"http:\/\/osborg.anselmianum.com\/the-benedictine-order\/communio-internationalis-benedictinarum\/\">Communio Internationalis Benedictinarum<\/a><\/i>, die ihre eigene Website und ein Verzeichnis der Mitgliedskongregationen unterh\u00e4lt.<\/p>\n<h2 align=\"center\"> <\/h2>\n<\/div><\/div><\/div><\/div><\/div>\n","protected":false},"excerpt":{"rendered":"","protected":false},"author":1,"featured_media":0,"parent":13178,"menu_order":2,"comment_status":"closed","ping_status":"closed","template":"","meta":{"footnotes":""},"class_list":["post-13179","page","type-page","status-publish","hentry"],"_links":{"self":[{"href":"https:\/\/osb.org\/de\/wp-json\/wp\/v2\/pages\/13179","targetHints":{"allow":["GET"]}}],"collection":[{"href":"https:\/\/osb.org\/de\/wp-json\/wp\/v2\/pages"}],"about":[{"href":"https:\/\/osb.org\/de\/wp-json\/wp\/v2\/types\/page"}],"author":[{"embeddable":true,"href":"https:\/\/osb.org\/de\/wp-json\/wp\/v2\/users\/1"}],"replies":[{"embeddable":true,"href":"https:\/\/osb.org\/de\/wp-json\/wp\/v2\/comments?post=13179"}],"version-history":[{"count":0,"href":"https:\/\/osb.org\/de\/wp-json\/wp\/v2\/pages\/13179\/revisions"}],"up":[{"embeddable":true,"href":"https:\/\/osb.org\/de\/wp-json\/wp\/v2\/pages\/13178"}],"wp:attachment":[{"href":"https:\/\/osb.org\/de\/wp-json\/wp\/v2\/media?parent=13179"}],"curies":[{"name":"wp","href":"https:\/\/api.w.org\/{rel}","templated":true}]}}