{"id":13112,"date":"2018-09-04T17:12:52","date_gmt":"2018-09-04T15:12:52","guid":{"rendered":"https:\/\/osb.org\/datenschutzrichtlinie\/"},"modified":"2025-09-11T17:27:02","modified_gmt":"2025-09-11T15:27:02","slug":"datenschutzrichtlinie","status":"publish","type":"page","link":"https:\/\/osb.org\/de\/datenschutzrichtlinie\/","title":{"rendered":"Datenschutzrichtlinie"},"content":{"rendered":"<div class=\"fusion-fullwidth fullwidth-box fusion-builder-row-1 fusion-flex-container has-pattern-background has-mask-background nonhundred-percent-fullwidth non-hundred-percent-height-scrolling\" style=\"--link_color: var(--awb-color6);--awb-border-radius-top-left:0px;--awb-border-radius-top-right:0px;--awb-border-radius-bottom-right:0px;--awb-border-radius-bottom-left:0px;--awb-flex-wrap:wrap;\" ><div class=\"fusion-builder-row fusion-row fusion-flex-align-items-flex-start fusion-flex-content-wrap\" style=\"max-width:1144px;margin-left: calc(-4% \/ 2 );margin-right: calc(-4% \/ 2 );\"><div class=\"fusion-layout-column fusion_builder_column fusion-builder-column-0 fusion_builder_column_1_1 1_1 fusion-flex-column\" style=\"--awb-bg-size:cover;--awb-width-large:100%;--awb-margin-top-large:0px;--awb-spacing-right-large:1.92%;--awb-margin-bottom-large:20px;--awb-spacing-left-large:1.92%;--awb-width-medium:100%;--awb-order-medium:0;--awb-spacing-right-medium:1.92%;--awb-spacing-left-medium:1.92%;--awb-width-small:100%;--awb-order-small:0;--awb-spacing-right-small:1.92%;--awb-spacing-left-small:1.92%;\"><div class=\"fusion-column-wrapper fusion-column-has-shadow fusion-flex-justify-content-flex-start fusion-content-layout-column\"><div class=\"accordian fusion-accordian\" style=\"--awb-border-size:1px;--awb-icon-size:13px;--awb-content-font-size:var(--awb-typography4-font-size);--awb-content-letter-spacing:var(--awb-typography4-letter-spacing);--awb-content-text-transform:var(--awb-typography4-text-transform);--awb-content-line-height:var(--awb-typography4-line-height);--awb-icon-alignment:left;--awb-hover-color:var(--awb-color1);--awb-border-color:var(--awb-color5);--awb-background-color:var(--awb-color1);--awb-divider-color:var(--awb-custom13);--awb-divider-hover-color:var(--awb-color5);--awb-icon-color:var(--awb-color1);--awb-title-color:var(--awb-custom12);--awb-content-color:var(--awb-custom14);--awb-icon-box-color:var(--awb-color5);--awb-toggle-hover-accent-color:var(--awb-color5);--awb-toggle-active-accent-color:var(--awb-custom12);--awb-title-font-family:var(--awb-typography3-font-family);--awb-title-font-weight:var(--awb-typography3-font-weight);--awb-title-font-style:var(--awb-typography3-font-style);--awb-title-font-size:var(--awb-typography3-font-size);--awb-title-letter-spacing:var(--awb-typography3-letter-spacing);--awb-title-line-height:var(--awb-typography3-line-height);--awb-title-text-transform:var(--awb-typography3-text-transform);--awb-content-font-family:var(--awb-typography4-font-family);--awb-content-font-weight:var(--awb-typography4-font-weight);--awb-content-font-style:var(--awb-typography4-font-style);\"><div class=\"panel-group fusion-toggle-icon-boxed\" id=\"accordion-13112-1\"><div class=\"fusion-panel panel-default panel-905811468e9b46eaa fusion-toggle-no-divider fusion-toggle-boxed-mode\" style=\"--awb-content-font-size:var(--awb-typography4-font-size);--awb-content-letter-spacing:var(--awb-typography4-letter-spacing);--awb-content-text-transform:var(--awb-typography4-text-transform);--awb-content-line-height:var(--awb-typography4-line-height);--awb-content-font-family:var(--awb-typography4-font-family);--awb-content-font-weight:var(--awb-typography4-font-weight);--awb-content-font-style:var(--awb-typography4-font-style);--awb-title-font-family:var(--awb-typography3-font-family);--awb-title-font-weight:var(--awb-typography3-font-weight);--awb-title-font-style:var(--awb-typography3-font-style);--awb-title-font-size:var(--awb-typography3-font-size);--awb-title-letter-spacing:var(--awb-typography3-letter-spacing);--awb-title-line-height:var(--awb-typography3-line-height);--awb-title-text-transform:var(--awb-typography3-text-transform);--awb-title-color:var(--awb-custom12);--awb-content-color:var(--awb-custom14);\"><div class=\"panel-heading\"><h4 class=\"panel-title toggle\" id=\"toggle_905811468e9b46eaa\"><a aria-expanded=\"false\" aria-controls=\"905811468e9b46eaa\" role=\"button\" data-toggle=\"collapse\" data-target=\"#905811468e9b46eaa\" href=\"#905811468e9b46eaa\"><span class=\"fusion-toggle-icon-wrapper\" aria-hidden=\"true\"><i class=\"fa-fusion-box active-icon awb-icon-minus\" aria-hidden=\"true\"><\/i><i class=\"fa-fusion-box inactive-icon awb-icon-plus\" aria-hidden=\"true\"><\/i><\/span><span class=\"fusion-toggle-heading\">Datenschutzerkl\u00e4rung: Cookie-Richtlinie<\/span><\/a><\/h4><\/div><div id=\"905811468e9b46eaa\" class=\"panel-collapse collapse \" aria-labelledby=\"toggle_905811468e9b46eaa\"><div class=\"panel-body toggle-content fusion-clearfix\">\n<h3>Kontaktdaten<\/h3>\n<p>OSB DOT ORG<br \/>Benediktinische Konf\u00f6deration<br \/>Piazza dei Cavalieri di Malta 5<br \/>00153 Roma<br \/>Italien<\/p>\n<p>osborg@anselmianum.com<\/p>\n<h1>Cookie-Richtlinie auf OSB DOT ORG<\/h1>\n<p>Die Entscheidung der italienischen Datenschutzbeh\u00f6rde<\/p>\n<p>Die italienische (pers\u00f6nliche) Datenschutzbeh\u00f6rde (\u201eGarante per la protezione dei dati personali\u201c) erlie\u00df die Entscheidung \u201eVereinfachte Regelungen zur Bereitstellung von Informationen und zur Einholung der Zustimmung bez\u00fcglich Cookies\u201c (Entscheidung Nr. 229 vom 8. Mai 2014), ver\u00f6ffentlicht am 3. Juni 2014 im italienischen Amtsblatt. Siehe: <\/p>\n<p><a href=\"http:\/\/www.garanteprivacy.it\/web\/guest\/home\/docweb\/-\/docweb-display\/docweb\/3167654.\">http:\/\/www.garanteprivacy.it\/web\/guest\/home\/docweb\/-\/docweb-display\/docweb\/3167654.<\/a><\/p>\n<h2>Cookies<\/h2>\n<p>Die Seiten einer Website k\u00f6nnen Text, Bilder und andere Multimedia-Informationen enthalten, k\u00f6nnen aber auch \u201eAnweisungen\u201c enthalten, die automatisch vom Browser des Benutzers ausgef\u00fchrt werden. Die Webseite kann auch Anweisungen zum Speichern von Informationen auf dem Ger\u00e4t des Benutzers (Cookies) enthalten. <\/p>\n<p>Cookies werden nach ihrem Verwendungszweck unterschieden:<\/p>\n<p>Technische Cookies: Sie dienen lediglich dazu, das Surferlebnis zu verbessern oder einen spezifisch angeforderten Dienst bereitzustellen;<br \/>Profiling-Cookies: haben stattdessen den Zweck, Informationen \u00fcber den Benutzer zu sammeln, die f\u00fcr andere, vom Benutzer nicht angeforderte Zwecke genutzt werden k\u00f6nnen, zum Beispiel um Werbebotschaften von gr\u00f6\u00dferem Interesse f\u00fcr den Benutzer zu \u00fcbermitteln.<\/p>\n<h3>Cookies auf OSB DOT ORG<\/h3>\n<p>Die Entscheidung der Datenschutzbeh\u00f6rde (siehe dort f\u00fcr eine bessere Definition der Begriffe) legt zum Schutz der Benutzer fest, dass jede Website angeben muss, welche Art (Zweck) von Cookies sie verwendet.<\/p>\n<p>Diesbez\u00fcglich informieren wir Sie, dass im Allgemeinen beim Zugriff auf Webseiten oder Dienste, die \u00fcber das Web von OSB DOT ORG bereitgestellt werden, n\u00e4mlich Seiten mit der URL \u2026osb.org\/\u2026, sofern nicht anders und explizit angegeben, nur technische Cookies verwendet werden. Im Allgemeinen erstellt und ver\u00f6ffentlicht OSB DOT ORG keine Webseiten, die Profiling-Cookies verwenden. <\/p>\n<p>Jede m\u00f6gliche Ausnahme von dieser Richtlinie ist auf jeder von der Ausnahme betroffenen Seite\/Dienst klar gekennzeichnet.<\/p>\n<h3>Cookies von Drittanbietern<\/h3>\n<p>Einige Webseiten von OSB DOT ORG binden Dienste von Drittanbietern ein. F\u00fcr diese Seiten gilt die Cookie-Richtlinie der externen Anbieter dieser Dienste. <\/p>\n<p>Einige F\u00e4lle, in denen Dienste von Drittanbietern verwendet werden:<\/p>\n<ul>\n<li>Nutzung von Diensten, die die Interaktion mit sozialen Netzwerken (z.B. \u201eSocial Plugins\u201c) oder anderen externen Plattformen (z.B.: Anzeigen von YouTube-Videos, Google Maps) erm\u00f6glichen;<\/li>\n<li>Bei der Suchmaschine von OSB DOT ORG wird der Indexierungsdienst von Google verwendet;<\/li>\n<li>In einigen Frageb\u00f6gen k\u00f6nnen Google-Generierungsdienste verwendet werden;<\/li>\n<li>im Falle der Verlinkung zu Sharing-Diensten auf der Webseite.<\/li>\n<\/ul>\n<p>In all diesen F\u00e4llen wird die f\u00fcr die Cookies geltende Richtlinie von jedem externen Anbieter von OSB DOT ORG festgelegt und weiterentwickelt.<\/p>\n<p>Die von Drittanbietern angewandten Richtlinien f\u00fcr Datenschutz \/ Cookie-Nutzung finden Sie unter den folgenden URLs:<\/p>\n<p>Google\/YouTube: <a href=\"http:\/\/www.google.it\/intl\/en\/policies\/technologies\/cookies\/\" target=\"_blank\" rel=\"noopener\">Cookie<\/a> \u2013 <a href=\"http:\/\/www.google.co.uk\/intl\/en\/policies\/privacy\/\" target=\"_blank\" rel=\"noopener\">Datenschutz<\/a> ;  <br \/>Google Webfonts: <a href=\"https:\/\/www.google.com\/policies\/privacy\/\" target=\"_blank\" rel=\"noopener\">Datenschutz<\/a> \u2013 <a href=\"https:\/\/developers.google.com\/fonts\/faq\" target=\"_blank\" rel=\"noopener\">FAQs<\/a> ;  <br \/>Adobe Webfonts: <a href=\"https:\/\/www.adobe.com\/privacy\/policies\/adobe-fonts.html#:~:text=To%20provide%20the%20Adobe%20Fonts,of%20documents%20using%20the%20fonts.\" target=\"_blank\" rel=\"noopener\">Datenschutz<\/a>; <br \/>Vimeo: <a href=\"https:\/\/vimeo.com\/privacy\" target=\"_blank\" rel=\"noopener\">Datenschutz<\/a> ; <br \/>Facebook: <a href=\"https:\/\/www.facebook.com\/policies\/cookies\/\" target=\"_blank\" rel=\"noopener\">Cookie<\/a> \u2013 <a href=\"https:\/\/www.facebook.com\/privacy\/explanation\" target=\"_blank\" rel=\"noopener\">Datenschutz<\/a> ;  <br \/>X: <a href=\"https:\/\/support.twitter.com\/articles\/20170519#\" target=\"_blank\" rel=\"noopener\">Cookie<\/a> \u2013 <a href=\"https:\/\/twitter.com\/privacy?lang=it\" target=\"_blank\" rel=\"noopener\">Datenschutz<\/a> ;  <br \/>SoundCloud: <a href=\"https:\/\/soundcloud.com\/pages\/privacy\" target=\"_blank\" rel=\"noopener\">Datenschutz<\/a> ; <br \/>Flickr: <a href=\"https:\/\/www.flickr.com\/help\/cookies\">Cookie<\/a> \u2013 <a href=\"https:\/\/www.flickr.com\/help\/privacy\" target=\"_blank\" rel=\"noopener\">Datenschutz<\/a> ;<br \/>Die Webseiten \u2026osb.org\/\u2026 der Website verwenden auch den Dienst <a href=\"https:\/\/support.google.com\/analytics\/answer\/6004245\" target=\"_blank\" rel=\"noopener\">Google Analytics<\/a> f\u00fcr statistische Zwecke, wobei nur aggregierte Daten (nicht-personenbezogene) verwendet werden.<\/p>\n<p>Avada ist das von OSB DOT ORG verwendete WordPress-Theme. Wenn die Option \u201eDatenschutz-Einwilligung\u201c verwendet wird, erstellt Avada ein Cookie mit dem Namen \u201eprivacy_embeds\u201c auf den Ger\u00e4ten der Benutzer, die Ihre Website besuchen, um die Benutzereinwilligung zum Laden der verschiedenen Einbettungen und Tracking-Skripte von Drittanbietern zu verwalten und zu speichern. <\/p>\n<h3>Wie Sie die Verwendung von Cookies einschr\u00e4nken k\u00f6nnen<\/h3>\n<p>Sie k\u00f6nnen die Verwendung von Cookies ablehnen oder einschr\u00e4nken, indem Sie die Datenschutz- oder Sicherheitseinstellungen Ihres Browsers \u00e4ndern. Insbesondere: <\/p>\n<ul>\n<li>Sie k\u00f6nnen erfahren, welche Cookies derzeit von Ihrem Browser gespeichert werden<\/li>\n<li>Sie k\u00f6nnen alle Cookies l\u00f6schen oder selektiv nur die unerw\u00fcnschten<\/li>\n<li>Sie k\u00f6nnen die Verwendung aller Cookies ablehnen (mit dieser Wahl gibt es keine Garantie f\u00fcr die volle Verf\u00fcgbarkeit aller Dienste auf dieser Website)<\/li>\n<li>Sie k\u00f6nnen die Verwendung von Cookies von Drittanbietern ablehnen, die nicht von der von Ihnen besuchten Website stammen<\/li>\n<li>Sie k\u00f6nnen die Verwendung von Cookies f\u00fcr einige Websites zulassen.<\/li>\n<\/ul>\n<h3>Eingebettete Inhalte von anderen Websites: weitere Informationen<\/h3>\n<p>Artikel auf dieser Website k\u00f6nnen eingebettete Inhalte (z.B. Videos, Bilder, Artikel usw.) enthalten. Eingebettete Inhalte von anderen Websites verhalten sich genau so, als ob der Besucher die andere Website besucht h\u00e4tte. <\/p>\n<p>Diese Websites k\u00f6nnen Daten \u00fcber Sie sammeln, Cookies verwenden, zus\u00e4tzliche Drittanbieter-Tracking-Dienste einbetten und Ihre Interaktion mit diesen eingebetteten Inhalten \u00fcberwachen, einschlie\u00dflich der Verfolgung Ihrer Interaktion mit den eingebetteten Inhalten, wenn Sie ein Konto auf dieser Website haben und dort angemeldet sind.<\/p>\n<p>Nachfolgend finden Sie eine Auswahl von Drittanbieter-Inhalten und -Anwendungen, die wir verwenden, mit Erl\u00e4uterungen zu den von ihnen gesammelten Daten und wie Sie diese Datenerfassung verhindern k\u00f6nnen. Es handelt sich NICHT um eine vollst\u00e4ndige Auswahl. <\/p>\n<h3>WPML<\/h3>\n<p>WPML verwendet Cookies, um die aktuelle Sprache des Besuchers, die zuletzt besuchte Sprache und die Sprache der angemeldeten Benutzer zu identifizieren. Es werden keine Daten des Benutzers selbst weitergegeben. <\/p>\n<h3>YouTube<\/h3>\n<p>Unsere Website verwendet Plugins von YouTube, das von Google betrieben wird. Betreiber der Seiten ist die YouTube LLC, 901 Cherry Ave., San Bruno, CA 94066, USA. <\/p>\n<p>Wenn Sie eine unserer Seiten besuchen, die ein YouTube-Plugin enth\u00e4lt, wird eine Verbindung zu den YouTube-Servern hergestellt. Dabei wird dem YouTube-Server mitgeteilt, welche unserer Seiten Sie besucht haben. <\/p>\n<p>Wenn Sie in Ihrem YouTube-Konto angemeldet sind, erm\u00f6glicht YouTube Ihnen, Ihr Surfverhalten direkt Ihrem pers\u00f6nlichen Profil zuzuordnen. Dies k\u00f6nnen Sie verhindern, indem Sie sich aus Ihrem YouTube-Konto abmelden. <\/p>\n<p>YouTube wird verwendet, um unsere Website ansprechend zu gestalten. Dies stellt ein berechtigtes Interesse gem\u00e4\u00df Art. 6 Abs. 1 lit. f DSGVO dar. <\/p>\n<p>Weitere Informationen zum Umgang mit Nutzerdaten finden Sie in der Datenschutzerkl\u00e4rung von YouTube unter <a href=\"https:\/\/www.google.de\/intl\/de\/policies\/privacy\" target=\"_blank\" rel=\"noopener\">https:\/\/www.google.de\/intl\/de\/policies\/privacy<\/a>.<\/p>\n<h3>Vimeo<\/h3>\n<p>Unsere Website nutzt Funktionen des Videoportals Vimeo. Anbieter dieses Dienstes ist die Vimeo Inc., 555 West 18th Street, New York, New York 10011, USA. <\/p>\n<p>Wenn Sie eine unserer Seiten besuchen, die ein Vimeo-Plugin enth\u00e4lt, wird eine Verbindung zu den Vimeo-Servern hergestellt. Dabei wird dem Vimeo-Server mitgeteilt, welche unserer Seiten Sie besucht haben. Zus\u00e4tzlich erh\u00e4lt Vimeo Ihre IP-Adresse. Dies gilt auch, wenn Sie beim Besuch unseres Plugins nicht bei Vimeo angemeldet sind oder kein Vimeo-Konto besitzen. Die Informationen werden an einen Vimeo-Server in den USA \u00fcbermittelt und dort gespeichert.    <\/p>\n<p>Wenn Sie in Ihrem Vimeo-Konto angemeldet sind, erm\u00f6glicht Vimeo Ihnen, Ihr Surfverhalten direkt Ihrem pers\u00f6nlichen Profil zuzuordnen. Dies k\u00f6nnen Sie verhindern, indem Sie sich aus Ihrem Vimeo-Konto abmelden. <\/p>\n<p>Weitere Informationen zum Umgang mit Nutzerdaten finden Sie in der Datenschutzerkl\u00e4rung von Vimeo unter <a href=\"https:\/\/vimeo.com\/privacy\" target=\"_blank\" rel=\"noopener\">https:\/\/vimeo.com\/privacy<\/a>.<\/p>\n<h3>Google Webfonts<\/h3>\n<p>Zur einheitlichen Darstellung von Schriftarten nutzt diese Seite Webfonts, die von Google bereitgestellt werden. Beim Aufruf einer Seite l\u00e4dt Ihr Browser die ben\u00f6tigten Webfonts in Ihren Browser-Cache, um Texte und Schriftarten korrekt anzuzeigen. <\/p>\n<p>Zu diesem Zweck muss Ihr Browser eine direkte Verbindung zu den Servern von Google herstellen. Google erh\u00e4lt dadurch Kenntnis, dass unsere Webseite \u00fcber Ihre IP-Adresse aufgerufen wurde. Die Nutzung von Google Webfonts erfolgt im Interesse einer einheitlichen und ansprechenden Darstellung unseres Plugins. Dies stellt ein berechtigtes Interesse gem\u00e4\u00df Art. 6 Abs. 1 lit. f DSGVO dar.   <\/p>\n<p>Wenn Ihr Browser Webfonts nicht unterst\u00fctzt, wird eine Standardschriftart von Ihrem Computer verwendet.<\/p>\n<p>Weitere Informationen zum Umgang mit Nutzerdaten finden Sie unter <a href=\"https:\/\/developers.google.com\/fonts\/faq\" target=\"_blank\" rel=\"noopener\">https:\/\/developers.google.com\/fonts\/faq<\/a> und in der Datenschutzerkl\u00e4rung von Google unter <a href=\"https:\/\/www.google.com\/policies\/privacy\/\" target=\"_blank\" rel=\"noopener\">https:\/\/www.google.com\/policies\/privacy\/<\/a>.<\/p>\n<h3>Adobe Webfonts<\/h3>\n<p>Laut der Adobe-Website: \u201eBei der Bereitstellung des Adobe Fonts-Dienstes f\u00fcr Websites setzen oder verwenden wir keine Cookies, um unsere Schriftarten bereitzustellen.\u201c Weitere Informationen finden Sie auf der entsprechenden Adobe-Webseite. <\/p>\n<h3>SoundCloud<\/h3>\n<p>Auf unseren Seiten k\u00f6nnen Plugins des sozialen Netzwerks SoundCloud (SoundCloud Limited, Berners House, 47-48 Berners Street, London W1T 3NF, UK) integriert sein. Die SoundCloud-Plugins sind am SoundCloud-Logo auf unserer Website erkennbar. <\/p>\n<p>Wenn Sie unsere Website besuchen, wird \u00fcber das Plugin eine direkte Verbindung zwischen Ihrem Browser und dem SoundCloud-Server hergestellt. Dadurch erh\u00e4lt SoundCloud die Information, dass Sie unsere Website von Ihrer IP-Adresse aus besucht haben. Wenn Sie auf die Schaltfl\u00e4chen \u201eGef\u00e4llt mir\u201c oder \u201eTeilen\u201c klicken, w\u00e4hrend Sie in Ihrem SoundCloud-Konto angemeldet sind, k\u00f6nnen Sie die Inhalte unserer Seiten mit Ihrem SoundCloud-Profil verkn\u00fcpfen. Dies bedeutet, dass SoundCloud Besuche unserer Seiten Ihrem Benutzerkonto zuordnen kann. Wir weisen darauf hin, dass wir als Anbieter dieser Seiten keine Kenntnis vom Inhalt der \u00fcbermittelten Daten sowie deren Nutzung durch SoundCloud erhalten. Weitere Informationen zur Datenschutzerkl\u00e4rung von SoundCloud finden Sie unter <a href=\"https:\/\/soundcloud.com\/pages\/privacy\" target=\"_blank\" rel=\"noopener\">https:\/\/soundcloud.com\/pages\/privacy<\/a>.     <\/p>\n<p>Wenn Sie nicht m\u00f6chten, dass SoundCloud Ihren Besuch auf unserer Website Ihrem SoundCloud-Konto zuordnet, melden Sie sich bitte aus Ihrem SoundCloud-Konto ab.<\/p>\n<h3>Aktivit\u00e4tsprotokoll-Plugin<\/h3>\n<p>Wenn Sie ein registrierter Benutzer sind, speichern wir Ihre Inhaltsaktivit\u00e4ten wie das Erstellen\/Aktualisieren\/L\u00f6schen von Beitr\u00e4gen und Kommentaren.<\/p>\n<\/div><\/div><\/div><div class=\"fusion-panel panel-default panel-069a8288cd89bd72f fusion-toggle-no-divider fusion-toggle-boxed-mode\" style=\"--awb-content-font-size:var(--awb-typography4-font-size);--awb-content-letter-spacing:var(--awb-typography4-letter-spacing);--awb-content-text-transform:var(--awb-typography4-text-transform);--awb-content-line-height:var(--awb-typography4-line-height);--awb-content-font-family:var(--awb-typography4-font-family);--awb-content-font-weight:var(--awb-typography4-font-weight);--awb-content-font-style:var(--awb-typography4-font-style);--awb-title-font-family:var(--awb-typography3-font-family);--awb-title-font-weight:var(--awb-typography3-font-weight);--awb-title-font-style:var(--awb-typography3-font-style);--awb-title-font-size:var(--awb-typography3-font-size);--awb-title-letter-spacing:var(--awb-typography3-letter-spacing);--awb-title-line-height:var(--awb-typography3-line-height);--awb-title-text-transform:var(--awb-typography3-text-transform);--awb-title-color:var(--awb-custom12);--awb-content-color:var(--awb-custom14);\"><div class=\"panel-heading\"><h4 class=\"panel-title toggle\" id=\"toggle_069a8288cd89bd72f\"><a aria-expanded=\"false\" aria-controls=\"069a8288cd89bd72f\" role=\"button\" data-toggle=\"collapse\" data-target=\"#069a8288cd89bd72f\" href=\"#069a8288cd89bd72f\"><span class=\"fusion-toggle-icon-wrapper\" aria-hidden=\"true\"><i class=\"fa-fusion-box active-icon awb-icon-minus\" aria-hidden=\"true\"><\/i><i class=\"fa-fusion-box inactive-icon awb-icon-plus\" aria-hidden=\"true\"><\/i><\/span><span class=\"fusion-toggle-heading\">Datenschutzerkl\u00e4rung: Datenerfassung und -nutzung<\/span><\/a><\/h4><\/div><div id=\"069a8288cd89bd72f\" class=\"panel-collapse collapse \" aria-labelledby=\"toggle_069a8288cd89bd72f\"><div class=\"panel-body toggle-content fusion-clearfix\">Im Aufbau<\/div><\/div><\/div><\/div><\/div><\/div><\/div><\/div><\/div>\n","protected":false},"excerpt":{"rendered":"","protected":false},"author":1,"featured_media":0,"parent":0,"menu_order":0,"comment_status":"closed","ping_status":"closed","template":"","meta":{"footnotes":""},"class_list":["post-13112","page","type-page","status-publish","hentry"],"_links":{"self":[{"href":"https:\/\/osb.org\/de\/wp-json\/wp\/v2\/pages\/13112","targetHints":{"allow":["GET"]}}],"collection":[{"href":"https:\/\/osb.org\/de\/wp-json\/wp\/v2\/pages"}],"about":[{"href":"https:\/\/osb.org\/de\/wp-json\/wp\/v2\/types\/page"}],"author":[{"embeddable":true,"href":"https:\/\/osb.org\/de\/wp-json\/wp\/v2\/users\/1"}],"replies":[{"embeddable":true,"href":"https:\/\/osb.org\/de\/wp-json\/wp\/v2\/comments?post=13112"}],"version-history":[{"count":0,"href":"https:\/\/osb.org\/de\/wp-json\/wp\/v2\/pages\/13112\/revisions"}],"wp:attachment":[{"href":"https:\/\/osb.org\/de\/wp-json\/wp\/v2\/media?parent=13112"}],"curies":[{"name":"wp","href":"https:\/\/api.w.org\/{rel}","templated":true}]}}